{"id":4548,"date":"2024-02-09T11:46:22","date_gmt":"2024-02-09T16:46:22","guid":{"rendered":"https:\/\/www.biobio.com.co\/tienda\/?post_type=product&#038;p=4548"},"modified":"2024-02-09T11:46:23","modified_gmt":"2024-02-09T16:46:23","slug":"flor-pendiente-reina","status":"publish","type":"product","link":"https:\/\/www.biobio.com.co\/tienda\/product\/flor-pendiente-reina\/","title":{"rendered":"FLOR PENDIENTE DE REINA"},"content":{"rendered":"<p class=\"whitespace-pre-wrap\">La fucsia, conocida tambi\u00e9n como pendiente de la reina, es una flor ornamental con forma de l\u00e1mpara colgante en tonos rosados, morados y bicolores. Tiene un vistoso racimo de flores y un dulce n\u00e9ctar. Adem\u00e1s de su belleza decorativa, las flores de fucsia tienen usos gastron\u00f3micos \u00fanicos.<\/p>\n<p class=\"whitespace-pre-wrap\">Sus p\u00e9talos comestibles aportan un sutil sabor a miel y frambuesa a distintas preparaciones. Se pueden usar frescas para decorar ensaladas, postres, c\u00f3cteles y platos gourmet. Tambi\u00e9n se pueden deshidratar o escarchar para emplearlas como toppings coloridos en reposter\u00eda.<\/p>\n<p class=\"whitespace-pre-wrap\">Las flores de fucsia se prestan adem\u00e1s para elaborar mermeladas o jaleas artesanales con su sabor tan particular. Maceradas en licores o vinagres, transmiten su aroma floral para crear bebidas e infusiones creativas y arom\u00e1ticas. Es una flor vers\u00e1til que ofrece m\u00faltiples posibilidades gastron\u00f3micas.<\/p>\n","protected":false},"excerpt":{"rendered":"<p>La llamativa fucsia tiene flores comestibles con sabor mieloso ideal para decorar creativamente postres, ensaladas, mermeladas y licores.<\/p>\n","protected":false},"featured_media":4549,"comment_status":"open","ping_status":"closed","template":"","meta":{"site-sidebar-layout":"default","site-content-layout":"default","ast-site-content-layout":"","site-content-style":"default","site-sidebar-style":"default","ast-global-header-display":"","ast-banner-title-visibility":"","ast-main-header-display":"","ast-hfb-above-header-display":"","ast-hfb-below-header-display":"","ast-hfb-mobile-header-display":"","site-post-title":"","ast-breadcrumbs-content":"","ast-featured-img":"","footer-sml-layout":"","theme-transparent-header-meta":"","adv-header-id-meta":"","stick-header-meta":"","header-above-stick-meta":"","header-main-stick-meta":"","header-below-stick-meta":"","astra-migrate-meta-layouts":"default","ast-page-background-enabled":"default","ast-page-background-meta":{"desktop":{"background-color":"var(--ast-global-color-4)","background-image":"","background-repeat":"repeat","background-position":"center center","background-size":"auto","background-attachment":"scroll","background-type":"","background-media":"","overlay-type":"","overlay-color":"","overlay-opacity":"","overlay-gradient":""},"tablet":{"background-color":"","background-image":"","background-repeat":"repeat","background-position":"center center","background-size":"auto","background-attachment":"scroll","background-type":"","background-media":"","overlay-type":"","overlay-color":"","overlay-opacity":"","overlay-gradient":""},"mobile":{"background-color":"","background-image":"","background-repeat":"repeat","background-position":"center center","background-size":"auto","background-attachment":"scroll","background-type":"","background-media":"","overlay-type":"","overlay-color":"","overlay-opacity":"","overlay-gradient":""}},"ast-content-background-meta":{"desktop":{"background-color":"var(--ast-global-color-5)","background-image":"","background-repeat":"repeat","background-position":"center center","background-size":"auto","background-attachment":"scroll","background-type":"","background-media":"","overlay-type":"","overlay-color":"","overlay-opacity":"","overlay-gradient":""},"tablet":{"background-color":"var(--ast-global-color-5)","background-image":"","background-repeat":"repeat","background-position":"center center","background-size":"auto","background-attachment":"scroll","background-type":"","background-media":"","overlay-type":"","overlay-color":"","overlay-opacity":"","overlay-gradient":""},"mobile":{"background-color":"var(--ast-global-color-5)","background-image":"","background-repeat":"repeat","background-position":"center center","background-size":"auto","background-attachment":"scroll","background-type":"","background-media":"","overlay-type":"","overlay-color":"","overlay-opacity":"","overlay-gradient":""}}},"product_brand":[],"product_cat":[142],"product_tag":[132,131],"class_list":{"0":"post-4548","1":"product","2":"type-product","3":"status-publish","4":"has-post-thumbnail","6":"product_cat-flores-comestibles","7":"product_tag-flores","8":"product_tag-flores-comestibles","9":"desktop-align-left","10":"tablet-align-left","11":"mobile-align-left","13":"first","14":"instock","15":"taxable","16":"shipping-taxable","17":"purchasable","18":"product-type-simple"},"yoast_head":"<!-- This site is optimized with the Yoast SEO plugin v24.6 - https:\/\/yoast.com\/wordpress\/plugins\/seo\/ -->\n<title>FLOR PENDIENTE DE REINA - Bio Bio - Del campo a la mesa<\/title>\n<meta name=\"description\" content=\"Descubre la hermosa flor fucsia o pendiente de reina. Con su sutil sabor a miel y frambuesa, es perfecta para decorar coloridos platos, postres y c\u00f3cteles o preparar mermeladas y licores aromatizados artesanales.\" \/>\n<meta name=\"robots\" content=\"index, follow, max-snippet:-1, max-image-preview:large, max-video-preview:-1\" \/>\n<link rel=\"canonical\" href=\"https:\/\/www.biobio.com.co\/tienda\/product\/flor-pendiente-reina\/\" \/>\n<meta property=\"og:locale\" content=\"es_ES\" \/>\n<meta property=\"og:type\" content=\"article\" \/>\n<meta property=\"og:title\" content=\"FLOR PENDIENTE DE REINA - Bio Bio - Del campo a la mesa\" \/>\n<meta property=\"og:description\" content=\"Descubre la hermosa flor fucsia o pendiente de reina. Con su sutil sabor a miel y frambuesa, es perfecta para decorar coloridos platos, postres y c\u00f3cteles o preparar mermeladas y licores aromatizados artesanales.\" \/>\n<meta property=\"og:url\" content=\"https:\/\/www.biobio.com.co\/tienda\/product\/flor-pendiente-reina\/\" \/>\n<meta property=\"og:site_name\" content=\"Bio Bio - Del campo a la mesa\" \/>\n<meta property=\"article:modified_time\" content=\"2024-02-09T16:46:23+00:00\" \/>\n<meta property=\"og:image\" content=\"https:\/\/www.biobio.com.co\/tienda\/wp-content\/uploads\/2024\/02\/153864677980373010.png\" \/>\n\t<meta property=\"og:image:width\" content=\"600\" \/>\n\t<meta property=\"og:image:height\" content=\"562\" \/>\n\t<meta property=\"og:image:type\" content=\"image\/png\" \/>\n<meta name=\"twitter:card\" content=\"summary_large_image\" \/>\n<meta name=\"twitter:label1\" content=\"Tiempo de lectura\" \/>\n\t<meta name=\"twitter:data1\" content=\"1 minuto\" \/>\n<script type=\"application\/ld+json\" class=\"yoast-schema-graph\">{\"@context\":\"https:\/\/schema.org\",\"@graph\":[{\"@type\":\"WebPage\",\"@id\":\"https:\/\/www.biobio.com.co\/tienda\/product\/flor-pendiente-reina\/\",\"url\":\"https:\/\/www.biobio.com.co\/tienda\/product\/flor-pendiente-reina\/\",\"name\":\"FLOR PENDIENTE DE REINA - Bio Bio - Del campo a la mesa\",\"isPartOf\":{\"@id\":\"https:\/\/www.biobio.com.co\/tienda\/#website\"},\"primaryImageOfPage\":{\"@id\":\"https:\/\/www.biobio.com.co\/tienda\/product\/flor-pendiente-reina\/#primaryimage\"},\"image\":{\"@id\":\"https:\/\/www.biobio.com.co\/tienda\/product\/flor-pendiente-reina\/#primaryimage\"},\"thumbnailUrl\":\"https:\/\/www.biobio.com.co\/tienda\/wp-content\/uploads\/2024\/02\/153864677980373010.png\",\"datePublished\":\"2024-02-09T16:46:22+00:00\",\"dateModified\":\"2024-02-09T16:46:23+00:00\",\"description\":\"Descubre la hermosa flor fucsia o pendiente de reina. Con su sutil sabor a miel y frambuesa, es perfecta para decorar coloridos platos, postres y c\u00f3cteles o preparar mermeladas y licores aromatizados artesanales.\",\"breadcrumb\":{\"@id\":\"https:\/\/www.biobio.com.co\/tienda\/product\/flor-pendiente-reina\/#breadcrumb\"},\"inLanguage\":\"es\",\"potentialAction\":[{\"@type\":\"ReadAction\",\"target\":[\"https:\/\/www.biobio.com.co\/tienda\/product\/flor-pendiente-reina\/\"]}]},{\"@type\":\"ImageObject\",\"inLanguage\":\"es\",\"@id\":\"https:\/\/www.biobio.com.co\/tienda\/product\/flor-pendiente-reina\/#primaryimage\",\"url\":\"https:\/\/www.biobio.com.co\/tienda\/wp-content\/uploads\/2024\/02\/153864677980373010.png\",\"contentUrl\":\"https:\/\/www.biobio.com.co\/tienda\/wp-content\/uploads\/2024\/02\/153864677980373010.png\",\"width\":600,\"height\":562},{\"@type\":\"BreadcrumbList\",\"@id\":\"https:\/\/www.biobio.com.co\/tienda\/product\/flor-pendiente-reina\/#breadcrumb\",\"itemListElement\":[{\"@type\":\"ListItem\",\"position\":1,\"name\":\"Home\",\"item\":\"https:\/\/www.biobio.com.co\/tienda\/\"},{\"@type\":\"ListItem\",\"position\":2,\"name\":\"Nuestra tienda\",\"item\":\"https:\/\/www.biobio.com.co\/tienda\/nuestra-tienda\/\"},{\"@type\":\"ListItem\",\"position\":3,\"name\":\"FLOR PENDIENTE DE REINA\"}]},{\"@type\":\"WebSite\",\"@id\":\"https:\/\/www.biobio.com.co\/tienda\/#website\",\"url\":\"https:\/\/www.biobio.com.co\/tienda\/\",\"name\":\"Bio Bio - Del campo a la mesa\",\"description\":\"Tienda\",\"publisher\":{\"@id\":\"https:\/\/www.biobio.com.co\/tienda\/#organization\"},\"potentialAction\":[{\"@type\":\"SearchAction\",\"target\":{\"@type\":\"EntryPoint\",\"urlTemplate\":\"https:\/\/www.biobio.com.co\/tienda\/?s={search_term_string}\"},\"query-input\":{\"@type\":\"PropertyValueSpecification\",\"valueRequired\":true,\"valueName\":\"search_term_string\"}}],\"inLanguage\":\"es\"},{\"@type\":\"Organization\",\"@id\":\"https:\/\/www.biobio.com.co\/tienda\/#organization\",\"name\":\"Bio Bio - Del campo a la mesa\",\"url\":\"https:\/\/www.biobio.com.co\/tienda\/\",\"logo\":{\"@type\":\"ImageObject\",\"inLanguage\":\"es\",\"@id\":\"https:\/\/www.biobio.com.co\/tienda\/#\/schema\/logo\/image\/\",\"url\":\"https:\/\/www.biobio.com.co\/tienda\/wp-content\/uploads\/2022\/03\/cropped-logo-biobio.jpg\",\"contentUrl\":\"https:\/\/www.biobio.com.co\/tienda\/wp-content\/uploads\/2022\/03\/cropped-logo-biobio.jpg\",\"width\":822,\"height\":337,\"caption\":\"Bio Bio - Del campo a la mesa\"},\"image\":{\"@id\":\"https:\/\/www.biobio.com.co\/tienda\/#\/schema\/logo\/image\/\"}}]}<\/script>\n<!-- \/ Yoast SEO plugin. -->","yoast_head_json":{"title":"FLOR PENDIENTE DE REINA - Bio Bio - Del campo a la mesa","description":"Descubre la hermosa flor fucsia o pendiente de reina. Con su sutil sabor a miel y frambuesa, es perfecta para decorar coloridos platos, postres y c\u00f3cteles o preparar mermeladas y licores aromatizados artesanales.","robots":{"index":"index","follow":"follow","max-snippet":"max-snippet:-1","max-image-preview":"max-image-preview:large","max-video-preview":"max-video-preview:-1"},"canonical":"https:\/\/www.biobio.com.co\/tienda\/product\/flor-pendiente-reina\/","og_locale":"es_ES","og_type":"article","og_title":"FLOR PENDIENTE DE REINA - Bio Bio - Del campo a la mesa","og_description":"Descubre la hermosa flor fucsia o pendiente de reina. Con su sutil sabor a miel y frambuesa, es perfecta para decorar coloridos platos, postres y c\u00f3cteles o preparar mermeladas y licores aromatizados artesanales.","og_url":"https:\/\/www.biobio.com.co\/tienda\/product\/flor-pendiente-reina\/","og_site_name":"Bio Bio - Del campo a la mesa","article_modified_time":"2024-02-09T16:46:23+00:00","og_image":[{"width":600,"height":562,"url":"https:\/\/www.biobio.com.co\/tienda\/wp-content\/uploads\/2024\/02\/153864677980373010.png","type":"image\/png"}],"twitter_card":"summary_large_image","twitter_misc":{"Tiempo de lectura":"1 minuto"},"schema":{"@context":"https:\/\/schema.org","@graph":[{"@type":"WebPage","@id":"https:\/\/www.biobio.com.co\/tienda\/product\/flor-pendiente-reina\/","url":"https:\/\/www.biobio.com.co\/tienda\/product\/flor-pendiente-reina\/","name":"FLOR PENDIENTE DE REINA - Bio Bio - Del campo a la mesa","isPartOf":{"@id":"https:\/\/www.biobio.com.co\/tienda\/#website"},"primaryImageOfPage":{"@id":"https:\/\/www.biobio.com.co\/tienda\/product\/flor-pendiente-reina\/#primaryimage"},"image":{"@id":"https:\/\/www.biobio.com.co\/tienda\/product\/flor-pendiente-reina\/#primaryimage"},"thumbnailUrl":"https:\/\/www.biobio.com.co\/tienda\/wp-content\/uploads\/2024\/02\/153864677980373010.png","datePublished":"2024-02-09T16:46:22+00:00","dateModified":"2024-02-09T16:46:23+00:00","description":"Descubre la hermosa flor fucsia o pendiente de reina. Con su sutil sabor a miel y frambuesa, es perfecta para decorar coloridos platos, postres y c\u00f3cteles o preparar mermeladas y licores aromatizados artesanales.","breadcrumb":{"@id":"https:\/\/www.biobio.com.co\/tienda\/product\/flor-pendiente-reina\/#breadcrumb"},"inLanguage":"es","potentialAction":[{"@type":"ReadAction","target":["https:\/\/www.biobio.com.co\/tienda\/product\/flor-pendiente-reina\/"]}]},{"@type":"ImageObject","inLanguage":"es","@id":"https:\/\/www.biobio.com.co\/tienda\/product\/flor-pendiente-reina\/#primaryimage","url":"https:\/\/www.biobio.com.co\/tienda\/wp-content\/uploads\/2024\/02\/153864677980373010.png","contentUrl":"https:\/\/www.biobio.com.co\/tienda\/wp-content\/uploads\/2024\/02\/153864677980373010.png","width":600,"height":562},{"@type":"BreadcrumbList","@id":"https:\/\/www.biobio.com.co\/tienda\/product\/flor-pendiente-reina\/#breadcrumb","itemListElement":[{"@type":"ListItem","position":1,"name":"Home","item":"https:\/\/www.biobio.com.co\/tienda\/"},{"@type":"ListItem","position":2,"name":"Nuestra tienda","item":"https:\/\/www.biobio.com.co\/tienda\/nuestra-tienda\/"},{"@type":"ListItem","position":3,"name":"FLOR PENDIENTE DE REINA"}]},{"@type":"WebSite","@id":"https:\/\/www.biobio.com.co\/tienda\/#website","url":"https:\/\/www.biobio.com.co\/tienda\/","name":"Bio Bio - Del campo a la mesa","description":"Tienda","publisher":{"@id":"https:\/\/www.biobio.com.co\/tienda\/#organization"},"potentialAction":[{"@type":"SearchAction","target":{"@type":"EntryPoint","urlTemplate":"https:\/\/www.biobio.com.co\/tienda\/?s={search_term_string}"},"query-input":{"@type":"PropertyValueSpecification","valueRequired":true,"valueName":"search_term_string"}}],"inLanguage":"es"},{"@type":"Organization","@id":"https:\/\/www.biobio.com.co\/tienda\/#organization","name":"Bio Bio - Del campo a la mesa","url":"https:\/\/www.biobio.com.co\/tienda\/","logo":{"@type":"ImageObject","inLanguage":"es","@id":"https:\/\/www.biobio.com.co\/tienda\/#\/schema\/logo\/image\/","url":"https:\/\/www.biobio.com.co\/tienda\/wp-content\/uploads\/2022\/03\/cropped-logo-biobio.jpg","contentUrl":"https:\/\/www.biobio.com.co\/tienda\/wp-content\/uploads\/2022\/03\/cropped-logo-biobio.jpg","width":822,"height":337,"caption":"Bio Bio - Del campo a la mesa"},"image":{"@id":"https:\/\/www.biobio.com.co\/tienda\/#\/schema\/logo\/image\/"}}]}},"_links":{"self":[{"href":"https:\/\/www.biobio.com.co\/tienda\/wp-json\/wp\/v2\/product\/4548","targetHints":{"allow":["GET"]}}],"collection":[{"href":"https:\/\/www.biobio.com.co\/tienda\/wp-json\/wp\/v2\/product"}],"about":[{"href":"https:\/\/www.biobio.com.co\/tienda\/wp-json\/wp\/v2\/types\/product"}],"replies":[{"embeddable":true,"href":"https:\/\/www.biobio.com.co\/tienda\/wp-json\/wp\/v2\/comments?post=4548"}],"wp:featuredmedia":[{"embeddable":true,"href":"https:\/\/www.biobio.com.co\/tienda\/wp-json\/wp\/v2\/media\/4549"}],"wp:attachment":[{"href":"https:\/\/www.biobio.com.co\/tienda\/wp-json\/wp\/v2\/media?parent=4548"}],"wp:term":[{"taxonomy":"product_brand","embeddable":true,"href":"https:\/\/www.biobio.com.co\/tienda\/wp-json\/wp\/v2\/product_brand?post=4548"},{"taxonomy":"product_cat","embeddable":true,"href":"https:\/\/www.biobio.com.co\/tienda\/wp-json\/wp\/v2\/product_cat?post=4548"},{"taxonomy":"product_tag","embeddable":true,"href":"https:\/\/www.biobio.com.co\/tienda\/wp-json\/wp\/v2\/product_tag?post=4548"}],"curies":[{"name":"wp","href":"https:\/\/api.w.org\/{rel}","templated":true}]}}