{"id":4537,"date":"2024-02-09T10:53:20","date_gmt":"2024-02-09T15:53:20","guid":{"rendered":"https:\/\/www.biobio.com.co\/tienda\/?post_type=product&#038;p=4537"},"modified":"2024-02-09T10:55:38","modified_gmt":"2024-02-09T15:55:38","slug":"flores-clavelinas","status":"publish","type":"product","link":"https:\/\/www.biobio.com.co\/tienda\/product\/flores-clavelinas\/","title":{"rendered":"CLAVELINAS"},"content":{"rendered":"<p>Las flores clavelinas, conocidas tambi\u00e9n como dianthus, son peque\u00f1as flores de vibrantes colores como rojo, rosa, blanco y p\u00farpura, con un aroma dulce y delicado. Aunque principalmente ornamentales, estas flores tambi\u00e9n tienen usos gastron\u00f3micos interesantes. Se pueden usar para decorar ensaladas, postres y platos, aportando un toque visual y arom\u00e1tico precioso con sus colores vivos y fragancia floral. Tambi\u00e9n se emplean para hacer infusiones o t\u00e9s, transmitiendo un sutil sabor floral al agua caliente.<\/p>\n","protected":false},"excerpt":{"rendered":"<p>Las flores clavelinas, peque\u00f1as y arom\u00e1ticas, tienen usos gastron\u00f3micos ornamentales y sutiles en ensaladas, infusiones, mermeladas y decoraci\u00f3n de postres<\/p>\n","protected":false},"featured_media":4538,"comment_status":"open","ping_status":"closed","template":"","meta":{"site-sidebar-layout":"default","site-content-layout":"default","ast-site-content-layout":"","site-content-style":"default","site-sidebar-style":"default","ast-global-header-display":"","ast-banner-title-visibility":"","ast-main-header-display":"","ast-hfb-above-header-display":"","ast-hfb-below-header-display":"","ast-hfb-mobile-header-display":"","site-post-title":"","ast-breadcrumbs-content":"","ast-featured-img":"","footer-sml-layout":"","theme-transparent-header-meta":"","adv-header-id-meta":"","stick-header-meta":"","header-above-stick-meta":"","header-main-stick-meta":"","header-below-stick-meta":"","astra-migrate-meta-layouts":"default","ast-page-background-enabled":"default","ast-page-background-meta":{"desktop":{"background-color":"var(--ast-global-color-4)","background-image":"","background-repeat":"repeat","background-position":"center center","background-size":"auto","background-attachment":"scroll","background-type":"","background-media":"","overlay-type":"","overlay-color":"","overlay-opacity":"","overlay-gradient":""},"tablet":{"background-color":"","background-image":"","background-repeat":"repeat","background-position":"center center","background-size":"auto","background-attachment":"scroll","background-type":"","background-media":"","overlay-type":"","overlay-color":"","overlay-opacity":"","overlay-gradient":""},"mobile":{"background-color":"","background-image":"","background-repeat":"repeat","background-position":"center center","background-size":"auto","background-attachment":"scroll","background-type":"","background-media":"","overlay-type":"","overlay-color":"","overlay-opacity":"","overlay-gradient":""}},"ast-content-background-meta":{"desktop":{"background-color":"var(--ast-global-color-5)","background-image":"","background-repeat":"repeat","background-position":"center center","background-size":"auto","background-attachment":"scroll","background-type":"","background-media":"","overlay-type":"","overlay-color":"","overlay-opacity":"","overlay-gradient":""},"tablet":{"background-color":"var(--ast-global-color-5)","background-image":"","background-repeat":"repeat","background-position":"center center","background-size":"auto","background-attachment":"scroll","background-type":"","background-media":"","overlay-type":"","overlay-color":"","overlay-opacity":"","overlay-gradient":""},"mobile":{"background-color":"var(--ast-global-color-5)","background-image":"","background-repeat":"repeat","background-position":"center center","background-size":"auto","background-attachment":"scroll","background-type":"","background-media":"","overlay-type":"","overlay-color":"","overlay-opacity":"","overlay-gradient":""}}},"product_brand":[],"product_cat":[142],"product_tag":[132,131],"class_list":{"0":"post-4537","1":"product","2":"type-product","3":"status-publish","4":"has-post-thumbnail","6":"product_cat-flores-comestibles","7":"product_tag-flores","8":"product_tag-flores-comestibles","9":"desktop-align-left","10":"tablet-align-left","11":"mobile-align-left","13":"first","14":"instock","15":"taxable","16":"shipping-taxable","17":"purchasable","18":"product-type-simple"},"yoast_head":"<!-- This site is optimized with the Yoast SEO plugin v24.6 - https:\/\/yoast.com\/wordpress\/plugins\/seo\/ -->\n<title>CLAVELINAS - Bio Bio - Del campo a la mesa<\/title>\n<meta name=\"description\" content=\"Descubre los interesantes usos gastron\u00f3micos de las hermosas flores clavelinas. Desde decorar platos con su colorido hasta aromatizar vinagres e infusiones con su dulce fragancia. Una delicada manera de elevar tus creaciones culinarias.\" \/>\n<meta name=\"robots\" content=\"index, follow, max-snippet:-1, max-image-preview:large, max-video-preview:-1\" \/>\n<link rel=\"canonical\" href=\"https:\/\/www.biobio.com.co\/tienda\/product\/flores-clavelinas\/\" \/>\n<meta property=\"og:locale\" content=\"es_ES\" \/>\n<meta property=\"og:type\" content=\"article\" \/>\n<meta property=\"og:title\" content=\"CLAVELINAS - Bio Bio - Del campo a la mesa\" \/>\n<meta property=\"og:description\" content=\"Descubre los interesantes usos gastron\u00f3micos de las hermosas flores clavelinas. Desde decorar platos con su colorido hasta aromatizar vinagres e infusiones con su dulce fragancia. Una delicada manera de elevar tus creaciones culinarias.\" \/>\n<meta property=\"og:url\" content=\"https:\/\/www.biobio.com.co\/tienda\/product\/flores-clavelinas\/\" \/>\n<meta property=\"og:site_name\" content=\"Bio Bio - Del campo a la mesa\" \/>\n<meta property=\"article:modified_time\" content=\"2024-02-09T15:55:38+00:00\" \/>\n<meta property=\"og:image\" content=\"https:\/\/www.biobio.com.co\/tienda\/wp-content\/uploads\/2024\/02\/clavelinas.jpeg\" \/>\n\t<meta property=\"og:image:width\" content=\"1720\" \/>\n\t<meta property=\"og:image:height\" content=\"1720\" \/>\n\t<meta property=\"og:image:type\" content=\"image\/jpeg\" \/>\n<meta name=\"twitter:card\" content=\"summary_large_image\" \/>\n<meta name=\"twitter:label1\" content=\"Tiempo de lectura\" \/>\n\t<meta name=\"twitter:data1\" content=\"1 minuto\" \/>\n<script type=\"application\/ld+json\" class=\"yoast-schema-graph\">{\"@context\":\"https:\/\/schema.org\",\"@graph\":[{\"@type\":\"WebPage\",\"@id\":\"https:\/\/www.biobio.com.co\/tienda\/product\/flores-clavelinas\/\",\"url\":\"https:\/\/www.biobio.com.co\/tienda\/product\/flores-clavelinas\/\",\"name\":\"CLAVELINAS - Bio Bio - Del campo a la mesa\",\"isPartOf\":{\"@id\":\"https:\/\/www.biobio.com.co\/tienda\/#website\"},\"primaryImageOfPage\":{\"@id\":\"https:\/\/www.biobio.com.co\/tienda\/product\/flores-clavelinas\/#primaryimage\"},\"image\":{\"@id\":\"https:\/\/www.biobio.com.co\/tienda\/product\/flores-clavelinas\/#primaryimage\"},\"thumbnailUrl\":\"https:\/\/www.biobio.com.co\/tienda\/wp-content\/uploads\/2024\/02\/clavelinas.jpeg\",\"datePublished\":\"2024-02-09T15:53:20+00:00\",\"dateModified\":\"2024-02-09T15:55:38+00:00\",\"description\":\"Descubre los interesantes usos gastron\u00f3micos de las hermosas flores clavelinas. Desde decorar platos con su colorido hasta aromatizar vinagres e infusiones con su dulce fragancia. Una delicada manera de elevar tus creaciones culinarias.\",\"breadcrumb\":{\"@id\":\"https:\/\/www.biobio.com.co\/tienda\/product\/flores-clavelinas\/#breadcrumb\"},\"inLanguage\":\"es\",\"potentialAction\":[{\"@type\":\"ReadAction\",\"target\":[\"https:\/\/www.biobio.com.co\/tienda\/product\/flores-clavelinas\/\"]}]},{\"@type\":\"ImageObject\",\"inLanguage\":\"es\",\"@id\":\"https:\/\/www.biobio.com.co\/tienda\/product\/flores-clavelinas\/#primaryimage\",\"url\":\"https:\/\/www.biobio.com.co\/tienda\/wp-content\/uploads\/2024\/02\/clavelinas.jpeg\",\"contentUrl\":\"https:\/\/www.biobio.com.co\/tienda\/wp-content\/uploads\/2024\/02\/clavelinas.jpeg\",\"width\":1720,\"height\":1720},{\"@type\":\"BreadcrumbList\",\"@id\":\"https:\/\/www.biobio.com.co\/tienda\/product\/flores-clavelinas\/#breadcrumb\",\"itemListElement\":[{\"@type\":\"ListItem\",\"position\":1,\"name\":\"Home\",\"item\":\"https:\/\/www.biobio.com.co\/tienda\/\"},{\"@type\":\"ListItem\",\"position\":2,\"name\":\"Nuestra tienda\",\"item\":\"https:\/\/www.biobio.com.co\/tienda\/nuestra-tienda\/\"},{\"@type\":\"ListItem\",\"position\":3,\"name\":\"CLAVELINAS\"}]},{\"@type\":\"WebSite\",\"@id\":\"https:\/\/www.biobio.com.co\/tienda\/#website\",\"url\":\"https:\/\/www.biobio.com.co\/tienda\/\",\"name\":\"Bio Bio - Del campo a la mesa\",\"description\":\"Tienda\",\"publisher\":{\"@id\":\"https:\/\/www.biobio.com.co\/tienda\/#organization\"},\"potentialAction\":[{\"@type\":\"SearchAction\",\"target\":{\"@type\":\"EntryPoint\",\"urlTemplate\":\"https:\/\/www.biobio.com.co\/tienda\/?s={search_term_string}\"},\"query-input\":{\"@type\":\"PropertyValueSpecification\",\"valueRequired\":true,\"valueName\":\"search_term_string\"}}],\"inLanguage\":\"es\"},{\"@type\":\"Organization\",\"@id\":\"https:\/\/www.biobio.com.co\/tienda\/#organization\",\"name\":\"Bio Bio - Del campo a la mesa\",\"url\":\"https:\/\/www.biobio.com.co\/tienda\/\",\"logo\":{\"@type\":\"ImageObject\",\"inLanguage\":\"es\",\"@id\":\"https:\/\/www.biobio.com.co\/tienda\/#\/schema\/logo\/image\/\",\"url\":\"https:\/\/www.biobio.com.co\/tienda\/wp-content\/uploads\/2022\/03\/cropped-logo-biobio.jpg\",\"contentUrl\":\"https:\/\/www.biobio.com.co\/tienda\/wp-content\/uploads\/2022\/03\/cropped-logo-biobio.jpg\",\"width\":822,\"height\":337,\"caption\":\"Bio Bio - Del campo a la mesa\"},\"image\":{\"@id\":\"https:\/\/www.biobio.com.co\/tienda\/#\/schema\/logo\/image\/\"}}]}<\/script>\n<!-- \/ Yoast SEO plugin. -->","yoast_head_json":{"title":"CLAVELINAS - Bio Bio - Del campo a la mesa","description":"Descubre los interesantes usos gastron\u00f3micos de las hermosas flores clavelinas. Desde decorar platos con su colorido hasta aromatizar vinagres e infusiones con su dulce fragancia. Una delicada manera de elevar tus creaciones culinarias.","robots":{"index":"index","follow":"follow","max-snippet":"max-snippet:-1","max-image-preview":"max-image-preview:large","max-video-preview":"max-video-preview:-1"},"canonical":"https:\/\/www.biobio.com.co\/tienda\/product\/flores-clavelinas\/","og_locale":"es_ES","og_type":"article","og_title":"CLAVELINAS - Bio Bio - Del campo a la mesa","og_description":"Descubre los interesantes usos gastron\u00f3micos de las hermosas flores clavelinas. Desde decorar platos con su colorido hasta aromatizar vinagres e infusiones con su dulce fragancia. Una delicada manera de elevar tus creaciones culinarias.","og_url":"https:\/\/www.biobio.com.co\/tienda\/product\/flores-clavelinas\/","og_site_name":"Bio Bio - Del campo a la mesa","article_modified_time":"2024-02-09T15:55:38+00:00","og_image":[{"width":1720,"height":1720,"url":"https:\/\/www.biobio.com.co\/tienda\/wp-content\/uploads\/2024\/02\/clavelinas.jpeg","type":"image\/jpeg"}],"twitter_card":"summary_large_image","twitter_misc":{"Tiempo de lectura":"1 minuto"},"schema":{"@context":"https:\/\/schema.org","@graph":[{"@type":"WebPage","@id":"https:\/\/www.biobio.com.co\/tienda\/product\/flores-clavelinas\/","url":"https:\/\/www.biobio.com.co\/tienda\/product\/flores-clavelinas\/","name":"CLAVELINAS - Bio Bio - Del campo a la mesa","isPartOf":{"@id":"https:\/\/www.biobio.com.co\/tienda\/#website"},"primaryImageOfPage":{"@id":"https:\/\/www.biobio.com.co\/tienda\/product\/flores-clavelinas\/#primaryimage"},"image":{"@id":"https:\/\/www.biobio.com.co\/tienda\/product\/flores-clavelinas\/#primaryimage"},"thumbnailUrl":"https:\/\/www.biobio.com.co\/tienda\/wp-content\/uploads\/2024\/02\/clavelinas.jpeg","datePublished":"2024-02-09T15:53:20+00:00","dateModified":"2024-02-09T15:55:38+00:00","description":"Descubre los interesantes usos gastron\u00f3micos de las hermosas flores clavelinas. Desde decorar platos con su colorido hasta aromatizar vinagres e infusiones con su dulce fragancia. Una delicada manera de elevar tus creaciones culinarias.","breadcrumb":{"@id":"https:\/\/www.biobio.com.co\/tienda\/product\/flores-clavelinas\/#breadcrumb"},"inLanguage":"es","potentialAction":[{"@type":"ReadAction","target":["https:\/\/www.biobio.com.co\/tienda\/product\/flores-clavelinas\/"]}]},{"@type":"ImageObject","inLanguage":"es","@id":"https:\/\/www.biobio.com.co\/tienda\/product\/flores-clavelinas\/#primaryimage","url":"https:\/\/www.biobio.com.co\/tienda\/wp-content\/uploads\/2024\/02\/clavelinas.jpeg","contentUrl":"https:\/\/www.biobio.com.co\/tienda\/wp-content\/uploads\/2024\/02\/clavelinas.jpeg","width":1720,"height":1720},{"@type":"BreadcrumbList","@id":"https:\/\/www.biobio.com.co\/tienda\/product\/flores-clavelinas\/#breadcrumb","itemListElement":[{"@type":"ListItem","position":1,"name":"Home","item":"https:\/\/www.biobio.com.co\/tienda\/"},{"@type":"ListItem","position":2,"name":"Nuestra tienda","item":"https:\/\/www.biobio.com.co\/tienda\/nuestra-tienda\/"},{"@type":"ListItem","position":3,"name":"CLAVELINAS"}]},{"@type":"WebSite","@id":"https:\/\/www.biobio.com.co\/tienda\/#website","url":"https:\/\/www.biobio.com.co\/tienda\/","name":"Bio Bio - Del campo a la mesa","description":"Tienda","publisher":{"@id":"https:\/\/www.biobio.com.co\/tienda\/#organization"},"potentialAction":[{"@type":"SearchAction","target":{"@type":"EntryPoint","urlTemplate":"https:\/\/www.biobio.com.co\/tienda\/?s={search_term_string}"},"query-input":{"@type":"PropertyValueSpecification","valueRequired":true,"valueName":"search_term_string"}}],"inLanguage":"es"},{"@type":"Organization","@id":"https:\/\/www.biobio.com.co\/tienda\/#organization","name":"Bio Bio - Del campo a la mesa","url":"https:\/\/www.biobio.com.co\/tienda\/","logo":{"@type":"ImageObject","inLanguage":"es","@id":"https:\/\/www.biobio.com.co\/tienda\/#\/schema\/logo\/image\/","url":"https:\/\/www.biobio.com.co\/tienda\/wp-content\/uploads\/2022\/03\/cropped-logo-biobio.jpg","contentUrl":"https:\/\/www.biobio.com.co\/tienda\/wp-content\/uploads\/2022\/03\/cropped-logo-biobio.jpg","width":822,"height":337,"caption":"Bio Bio - Del campo a la mesa"},"image":{"@id":"https:\/\/www.biobio.com.co\/tienda\/#\/schema\/logo\/image\/"}}]}},"_links":{"self":[{"href":"https:\/\/www.biobio.com.co\/tienda\/wp-json\/wp\/v2\/product\/4537","targetHints":{"allow":["GET"]}}],"collection":[{"href":"https:\/\/www.biobio.com.co\/tienda\/wp-json\/wp\/v2\/product"}],"about":[{"href":"https:\/\/www.biobio.com.co\/tienda\/wp-json\/wp\/v2\/types\/product"}],"replies":[{"embeddable":true,"href":"https:\/\/www.biobio.com.co\/tienda\/wp-json\/wp\/v2\/comments?post=4537"}],"wp:featuredmedia":[{"embeddable":true,"href":"https:\/\/www.biobio.com.co\/tienda\/wp-json\/wp\/v2\/media\/4538"}],"wp:attachment":[{"href":"https:\/\/www.biobio.com.co\/tienda\/wp-json\/wp\/v2\/media?parent=4537"}],"wp:term":[{"taxonomy":"product_brand","embeddable":true,"href":"https:\/\/www.biobio.com.co\/tienda\/wp-json\/wp\/v2\/product_brand?post=4537"},{"taxonomy":"product_cat","embeddable":true,"href":"https:\/\/www.biobio.com.co\/tienda\/wp-json\/wp\/v2\/product_cat?post=4537"},{"taxonomy":"product_tag","embeddable":true,"href":"https:\/\/www.biobio.com.co\/tienda\/wp-json\/wp\/v2\/product_tag?post=4537"}],"curies":[{"name":"wp","href":"https:\/\/api.w.org\/{rel}","templated":true}]}}