{"id":4522,"date":"2024-02-01T14:48:24","date_gmt":"2024-02-01T19:48:24","guid":{"rendered":"https:\/\/www.biobio.com.co\/tienda\/?post_type=product&#038;p=4522"},"modified":"2025-03-13T23:00:09","modified_gmt":"2025-03-14T04:00:09","slug":"camote","status":"publish","type":"product","link":"https:\/\/www.biobio.com.co\/tienda\/product\/camote\/","title":{"rendered":"CAMOTE"},"content":{"rendered":"<p>El camote, tambi\u00e9n conocido como batata, es una popular ra\u00edz de brillante piel morada. Su pulpa es de color naranja intenso y tiene un sabor dulce con sutiles notas a casta\u00f1a, es una excelente fuente de vitaminas A y C, manganeso, potasio y fibra diet\u00e9tica. Contiene fitoqu\u00edmicos antioxidantes como los betacarotenos que promueven la salud \u00f3ptima.<\/p>\n<p>El camote es un alimento muy vers\u00e1til para incluir en sopas, guisos, asados, pur\u00e9s, pasteles y otras preparaciones dulces o saladas. Su textura cremosa y dulzor natural combinan a la perfecci\u00f3n en recetas como pur\u00e9 de camote con nueces y canela, tajadas de camote horneadas como acompa\u00f1amiento, sopa cremosa de camote con jengibre y c\u00farcuma, camotes rellenos con queso y tocino.<\/p>\n<p>Compra nuestros camotes org\u00e1nicos frescos y disfruta todos sus beneficios nutricionales d\u00e1ndoles un lugar especial en tus comidas del d\u00eda a d\u00eda. \u00a1Son deliciosos y muy vers\u00e1tiles!<\/p>\n","protected":false},"excerpt":{"rendered":"<p>El camote es una sabrosa ra\u00edz de piel morada y pulpa intensamente naranja con dulce sabor a casta\u00f1as. Es una fuente natural de vitaminas A y C, minerales como potasio y fitonutrientes antioxidantes. El CAMOTE org\u00e1nico es muy vers\u00e1til para preparar pur\u00e9s, sopas, platos salados o postres. Disfruta de su rico sabor y sus propiedades nutritivas.<\/p>\n","protected":false},"featured_media":4523,"comment_status":"open","ping_status":"closed","template":"","meta":{"site-sidebar-layout":"default","site-content-layout":"default","ast-site-content-layout":"","site-content-style":"default","site-sidebar-style":"default","ast-global-header-display":"","ast-banner-title-visibility":"","ast-main-header-display":"","ast-hfb-above-header-display":"","ast-hfb-below-header-display":"","ast-hfb-mobile-header-display":"","site-post-title":"","ast-breadcrumbs-content":"","ast-featured-img":"","footer-sml-layout":"","theme-transparent-header-meta":"","adv-header-id-meta":"","stick-header-meta":"","header-above-stick-meta":"","header-main-stick-meta":"","header-below-stick-meta":"","astra-migrate-meta-layouts":"default","ast-page-background-enabled":"default","ast-page-background-meta":{"desktop":{"background-color":"var(--ast-global-color-4)","background-image":"","background-repeat":"repeat","background-position":"center center","background-size":"auto","background-attachment":"scroll","background-type":"","background-media":"","overlay-type":"","overlay-color":"","overlay-opacity":"","overlay-gradient":""},"tablet":{"background-color":"","background-image":"","background-repeat":"repeat","background-position":"center center","background-size":"auto","background-attachment":"scroll","background-type":"","background-media":"","overlay-type":"","overlay-color":"","overlay-opacity":"","overlay-gradient":""},"mobile":{"background-color":"","background-image":"","background-repeat":"repeat","background-position":"center center","background-size":"auto","background-attachment":"scroll","background-type":"","background-media":"","overlay-type":"","overlay-color":"","overlay-opacity":"","overlay-gradient":""}},"ast-content-background-meta":{"desktop":{"background-color":"var(--ast-global-color-5)","background-image":"","background-repeat":"repeat","background-position":"center center","background-size":"auto","background-attachment":"scroll","background-type":"","background-media":"","overlay-type":"","overlay-color":"","overlay-opacity":"","overlay-gradient":""},"tablet":{"background-color":"var(--ast-global-color-5)","background-image":"","background-repeat":"repeat","background-position":"center center","background-size":"auto","background-attachment":"scroll","background-type":"","background-media":"","overlay-type":"","overlay-color":"","overlay-opacity":"","overlay-gradient":""},"mobile":{"background-color":"var(--ast-global-color-5)","background-image":"","background-repeat":"repeat","background-position":"center center","background-size":"auto","background-attachment":"scroll","background-type":"","background-media":"","overlay-type":"","overlay-color":"","overlay-opacity":"","overlay-gradient":""}}},"product_brand":[],"product_cat":[144],"product_tag":[122,232,233,118],"class_list":{"0":"post-4522","1":"product","2":"type-product","3":"status-publish","4":"has-post-thumbnail","6":"product_cat-tuberculos-coles-habichuelas-bulbo-zucchini-tomate","7":"product_tag-plantas","8":"product_tag-vegetal","9":"product_tag-verdura","10":"product_tag-verduras","11":"product_shipping_class-domicilio","12":"desktop-align-left","13":"tablet-align-left","14":"mobile-align-left","16":"first","17":"instock","18":"taxable","19":"shipping-taxable","20":"purchasable","21":"product-type-simple"},"yoast_head":"<!-- This site is optimized with the Yoast SEO plugin v24.6 - https:\/\/yoast.com\/wordpress\/plugins\/seo\/ -->\n<title>CAMOTE - Bio Bio - Del campo a la mesa<\/title>\n<meta name=\"description\" content=\"Camote | Ra\u00edz naranja rica en vitaminas A y C, manganeso, potasio y antioxidantes. Usa nuestros camotes en pur\u00e9s, sopas, platos salados, postres. Aprovecha su valor nutritivo y versatilidad.\" \/>\n<meta name=\"robots\" content=\"index, follow, max-snippet:-1, max-image-preview:large, max-video-preview:-1\" \/>\n<link rel=\"canonical\" href=\"https:\/\/www.biobio.com.co\/tienda\/product\/camote\/\" \/>\n<meta property=\"og:locale\" content=\"es_ES\" \/>\n<meta property=\"og:type\" content=\"article\" \/>\n<meta property=\"og:title\" content=\"CAMOTE - Bio Bio - Del campo a la mesa\" \/>\n<meta property=\"og:description\" content=\"Camote | Ra\u00edz naranja rica en vitaminas A y C, manganeso, potasio y antioxidantes. Usa nuestros camotes en pur\u00e9s, sopas, platos salados, postres. Aprovecha su valor nutritivo y versatilidad.\" \/>\n<meta property=\"og:url\" content=\"https:\/\/www.biobio.com.co\/tienda\/product\/camote\/\" \/>\n<meta property=\"og:site_name\" content=\"Bio Bio - Del campo a la mesa\" \/>\n<meta property=\"article:modified_time\" content=\"2025-03-14T04:00:09+00:00\" \/>\n<meta property=\"og:image\" content=\"https:\/\/www.biobio.com.co\/tienda\/wp-content\/uploads\/2024\/02\/istockphoto-1125646611-612x612-1.jpg\" \/>\n\t<meta property=\"og:image:width\" content=\"612\" \/>\n\t<meta property=\"og:image:height\" content=\"408\" \/>\n\t<meta property=\"og:image:type\" content=\"image\/jpeg\" \/>\n<meta name=\"twitter:card\" content=\"summary_large_image\" \/>\n<meta name=\"twitter:label1\" content=\"Tiempo de lectura\" \/>\n\t<meta name=\"twitter:data1\" content=\"1 minuto\" \/>\n<script type=\"application\/ld+json\" class=\"yoast-schema-graph\">{\"@context\":\"https:\/\/schema.org\",\"@graph\":[{\"@type\":\"WebPage\",\"@id\":\"https:\/\/www.biobio.com.co\/tienda\/product\/camote\/\",\"url\":\"https:\/\/www.biobio.com.co\/tienda\/product\/camote\/\",\"name\":\"CAMOTE - Bio Bio - Del campo a la mesa\",\"isPartOf\":{\"@id\":\"https:\/\/www.biobio.com.co\/tienda\/#website\"},\"primaryImageOfPage\":{\"@id\":\"https:\/\/www.biobio.com.co\/tienda\/product\/camote\/#primaryimage\"},\"image\":{\"@id\":\"https:\/\/www.biobio.com.co\/tienda\/product\/camote\/#primaryimage\"},\"thumbnailUrl\":\"https:\/\/www.biobio.com.co\/tienda\/wp-content\/uploads\/2024\/02\/istockphoto-1125646611-612x612-1.jpg\",\"datePublished\":\"2024-02-01T19:48:24+00:00\",\"dateModified\":\"2025-03-14T04:00:09+00:00\",\"description\":\"Camote | Ra\u00edz naranja rica en vitaminas A y C, manganeso, potasio y antioxidantes. Usa nuestros camotes en pur\u00e9s, sopas, platos salados, postres. Aprovecha su valor nutritivo y versatilidad.\",\"breadcrumb\":{\"@id\":\"https:\/\/www.biobio.com.co\/tienda\/product\/camote\/#breadcrumb\"},\"inLanguage\":\"es\",\"potentialAction\":[{\"@type\":\"ReadAction\",\"target\":[\"https:\/\/www.biobio.com.co\/tienda\/product\/camote\/\"]}]},{\"@type\":\"ImageObject\",\"inLanguage\":\"es\",\"@id\":\"https:\/\/www.biobio.com.co\/tienda\/product\/camote\/#primaryimage\",\"url\":\"https:\/\/www.biobio.com.co\/tienda\/wp-content\/uploads\/2024\/02\/istockphoto-1125646611-612x612-1.jpg\",\"contentUrl\":\"https:\/\/www.biobio.com.co\/tienda\/wp-content\/uploads\/2024\/02\/istockphoto-1125646611-612x612-1.jpg\",\"width\":612,\"height\":408,\"caption\":\"Sweet potato with slices isolated on white background\"},{\"@type\":\"BreadcrumbList\",\"@id\":\"https:\/\/www.biobio.com.co\/tienda\/product\/camote\/#breadcrumb\",\"itemListElement\":[{\"@type\":\"ListItem\",\"position\":1,\"name\":\"Home\",\"item\":\"https:\/\/www.biobio.com.co\/tienda\/\"},{\"@type\":\"ListItem\",\"position\":2,\"name\":\"Nuestra tienda\",\"item\":\"https:\/\/www.biobio.com.co\/tienda\/nuestra-tienda\/\"},{\"@type\":\"ListItem\",\"position\":3,\"name\":\"CAMOTE\"}]},{\"@type\":\"WebSite\",\"@id\":\"https:\/\/www.biobio.com.co\/tienda\/#website\",\"url\":\"https:\/\/www.biobio.com.co\/tienda\/\",\"name\":\"Bio Bio - Del campo a la mesa\",\"description\":\"Tienda\",\"publisher\":{\"@id\":\"https:\/\/www.biobio.com.co\/tienda\/#organization\"},\"potentialAction\":[{\"@type\":\"SearchAction\",\"target\":{\"@type\":\"EntryPoint\",\"urlTemplate\":\"https:\/\/www.biobio.com.co\/tienda\/?s={search_term_string}\"},\"query-input\":{\"@type\":\"PropertyValueSpecification\",\"valueRequired\":true,\"valueName\":\"search_term_string\"}}],\"inLanguage\":\"es\"},{\"@type\":\"Organization\",\"@id\":\"https:\/\/www.biobio.com.co\/tienda\/#organization\",\"name\":\"Bio Bio - Del campo a la mesa\",\"url\":\"https:\/\/www.biobio.com.co\/tienda\/\",\"logo\":{\"@type\":\"ImageObject\",\"inLanguage\":\"es\",\"@id\":\"https:\/\/www.biobio.com.co\/tienda\/#\/schema\/logo\/image\/\",\"url\":\"https:\/\/www.biobio.com.co\/tienda\/wp-content\/uploads\/2022\/03\/cropped-logo-biobio.jpg\",\"contentUrl\":\"https:\/\/www.biobio.com.co\/tienda\/wp-content\/uploads\/2022\/03\/cropped-logo-biobio.jpg\",\"width\":822,\"height\":337,\"caption\":\"Bio Bio - Del campo a la mesa\"},\"image\":{\"@id\":\"https:\/\/www.biobio.com.co\/tienda\/#\/schema\/logo\/image\/\"}}]}<\/script>\n<!-- \/ Yoast SEO plugin. -->","yoast_head_json":{"title":"CAMOTE - Bio Bio - Del campo a la mesa","description":"Camote | Ra\u00edz naranja rica en vitaminas A y C, manganeso, potasio y antioxidantes. Usa nuestros camotes en pur\u00e9s, sopas, platos salados, postres. Aprovecha su valor nutritivo y versatilidad.","robots":{"index":"index","follow":"follow","max-snippet":"max-snippet:-1","max-image-preview":"max-image-preview:large","max-video-preview":"max-video-preview:-1"},"canonical":"https:\/\/www.biobio.com.co\/tienda\/product\/camote\/","og_locale":"es_ES","og_type":"article","og_title":"CAMOTE - Bio Bio - Del campo a la mesa","og_description":"Camote | Ra\u00edz naranja rica en vitaminas A y C, manganeso, potasio y antioxidantes. Usa nuestros camotes en pur\u00e9s, sopas, platos salados, postres. Aprovecha su valor nutritivo y versatilidad.","og_url":"https:\/\/www.biobio.com.co\/tienda\/product\/camote\/","og_site_name":"Bio Bio - Del campo a la mesa","article_modified_time":"2025-03-14T04:00:09+00:00","og_image":[{"width":612,"height":408,"url":"https:\/\/www.biobio.com.co\/tienda\/wp-content\/uploads\/2024\/02\/istockphoto-1125646611-612x612-1.jpg","type":"image\/jpeg"}],"twitter_card":"summary_large_image","twitter_misc":{"Tiempo de lectura":"1 minuto"},"schema":{"@context":"https:\/\/schema.org","@graph":[{"@type":"WebPage","@id":"https:\/\/www.biobio.com.co\/tienda\/product\/camote\/","url":"https:\/\/www.biobio.com.co\/tienda\/product\/camote\/","name":"CAMOTE - Bio Bio - Del campo a la mesa","isPartOf":{"@id":"https:\/\/www.biobio.com.co\/tienda\/#website"},"primaryImageOfPage":{"@id":"https:\/\/www.biobio.com.co\/tienda\/product\/camote\/#primaryimage"},"image":{"@id":"https:\/\/www.biobio.com.co\/tienda\/product\/camote\/#primaryimage"},"thumbnailUrl":"https:\/\/www.biobio.com.co\/tienda\/wp-content\/uploads\/2024\/02\/istockphoto-1125646611-612x612-1.jpg","datePublished":"2024-02-01T19:48:24+00:00","dateModified":"2025-03-14T04:00:09+00:00","description":"Camote | Ra\u00edz naranja rica en vitaminas A y C, manganeso, potasio y antioxidantes. Usa nuestros camotes en pur\u00e9s, sopas, platos salados, postres. Aprovecha su valor nutritivo y versatilidad.","breadcrumb":{"@id":"https:\/\/www.biobio.com.co\/tienda\/product\/camote\/#breadcrumb"},"inLanguage":"es","potentialAction":[{"@type":"ReadAction","target":["https:\/\/www.biobio.com.co\/tienda\/product\/camote\/"]}]},{"@type":"ImageObject","inLanguage":"es","@id":"https:\/\/www.biobio.com.co\/tienda\/product\/camote\/#primaryimage","url":"https:\/\/www.biobio.com.co\/tienda\/wp-content\/uploads\/2024\/02\/istockphoto-1125646611-612x612-1.jpg","contentUrl":"https:\/\/www.biobio.com.co\/tienda\/wp-content\/uploads\/2024\/02\/istockphoto-1125646611-612x612-1.jpg","width":612,"height":408,"caption":"Sweet potato with slices isolated on white background"},{"@type":"BreadcrumbList","@id":"https:\/\/www.biobio.com.co\/tienda\/product\/camote\/#breadcrumb","itemListElement":[{"@type":"ListItem","position":1,"name":"Home","item":"https:\/\/www.biobio.com.co\/tienda\/"},{"@type":"ListItem","position":2,"name":"Nuestra tienda","item":"https:\/\/www.biobio.com.co\/tienda\/nuestra-tienda\/"},{"@type":"ListItem","position":3,"name":"CAMOTE"}]},{"@type":"WebSite","@id":"https:\/\/www.biobio.com.co\/tienda\/#website","url":"https:\/\/www.biobio.com.co\/tienda\/","name":"Bio Bio - Del campo a la mesa","description":"Tienda","publisher":{"@id":"https:\/\/www.biobio.com.co\/tienda\/#organization"},"potentialAction":[{"@type":"SearchAction","target":{"@type":"EntryPoint","urlTemplate":"https:\/\/www.biobio.com.co\/tienda\/?s={search_term_string}"},"query-input":{"@type":"PropertyValueSpecification","valueRequired":true,"valueName":"search_term_string"}}],"inLanguage":"es"},{"@type":"Organization","@id":"https:\/\/www.biobio.com.co\/tienda\/#organization","name":"Bio Bio - Del campo a la mesa","url":"https:\/\/www.biobio.com.co\/tienda\/","logo":{"@type":"ImageObject","inLanguage":"es","@id":"https:\/\/www.biobio.com.co\/tienda\/#\/schema\/logo\/image\/","url":"https:\/\/www.biobio.com.co\/tienda\/wp-content\/uploads\/2022\/03\/cropped-logo-biobio.jpg","contentUrl":"https:\/\/www.biobio.com.co\/tienda\/wp-content\/uploads\/2022\/03\/cropped-logo-biobio.jpg","width":822,"height":337,"caption":"Bio Bio - Del campo a la mesa"},"image":{"@id":"https:\/\/www.biobio.com.co\/tienda\/#\/schema\/logo\/image\/"}}]}},"_links":{"self":[{"href":"https:\/\/www.biobio.com.co\/tienda\/wp-json\/wp\/v2\/product\/4522","targetHints":{"allow":["GET"]}}],"collection":[{"href":"https:\/\/www.biobio.com.co\/tienda\/wp-json\/wp\/v2\/product"}],"about":[{"href":"https:\/\/www.biobio.com.co\/tienda\/wp-json\/wp\/v2\/types\/product"}],"replies":[{"embeddable":true,"href":"https:\/\/www.biobio.com.co\/tienda\/wp-json\/wp\/v2\/comments?post=4522"}],"wp:featuredmedia":[{"embeddable":true,"href":"https:\/\/www.biobio.com.co\/tienda\/wp-json\/wp\/v2\/media\/4523"}],"wp:attachment":[{"href":"https:\/\/www.biobio.com.co\/tienda\/wp-json\/wp\/v2\/media?parent=4522"}],"wp:term":[{"taxonomy":"product_brand","embeddable":true,"href":"https:\/\/www.biobio.com.co\/tienda\/wp-json\/wp\/v2\/product_brand?post=4522"},{"taxonomy":"product_cat","embeddable":true,"href":"https:\/\/www.biobio.com.co\/tienda\/wp-json\/wp\/v2\/product_cat?post=4522"},{"taxonomy":"product_tag","embeddable":true,"href":"https:\/\/www.biobio.com.co\/tienda\/wp-json\/wp\/v2\/product_tag?post=4522"}],"curies":[{"name":"wp","href":"https:\/\/api.w.org\/{rel}","templated":true}]}}