{"id":2958,"date":"2020-10-22T11:38:20","date_gmt":"2020-10-22T16:38:20","guid":{"rendered":"https:\/\/www.biobio.com.co\/tienda\/?post_type=product&#038;p=2958"},"modified":"2025-01-28T17:39:12","modified_gmt":"2025-01-28T22:39:12","slug":"salanovas-mixtas","status":"publish","type":"product","link":"https:\/\/www.biobio.com.co\/tienda\/product\/salanovas-mixtas\/","title":{"rendered":"SALANOVAS MIXTAS"},"content":{"rendered":"<p>La variedad de Lechugas Salanova mixtas contiene hasta 4 variedades de colores Morado, Verde y Verde\/Morado, es una de las m\u00e1s apetecidas por su gran sabor, suave, refinado, crocante, adicionalmente por su presentaci\u00f3n se convierte en la lechuga ideal para todo tipo de ensalada para preparar no solo para su casa sino que, tambi\u00e9n en todas las reuniones que usted haga lo dejara quedar como un gran conocedor de la sofisticaci\u00f3n y podr\u00e1 pasar sin ning\u00fan esfuerzo como si fuera un\u00a0 gran chef con estrella Michelin de talla mundial y gran conocedor de los secretos de la la gastronom\u00eda<\/p>\n<p>Las lechugas SALANOVAS son uno de los alimentos m\u00e1s completos debido al contenido variado de nutrientes. Esta vers\u00e1til hortaliza contiene los 8 amino\u00e1cidos esenciales que el cuerpo humano necesita, es rica en prote\u00ednas y minerales como, Cobre, Magnesio, Manganeso, F\u00f3sforo, potasio, Selenio y Zinc.<\/p>\n<p>El paquete viene por 250gramos<\/p>\n","protected":false},"excerpt":{"rendered":"<p>Las lechugas SALANOVAS son uno de los alimentos m\u00e1s completos debido al contenido variado de nutrientes. Esta vers\u00e1til hortaliza contiene los 8 amino\u00e1cidos esenciales que el cuerpo humano necesita, es rica en prote\u00ednas y minerales como, Cobre, Magnesio, Manganeso, F\u00f3sforo, potasio, Selenio y Zinc.<\/p>\n","protected":false},"featured_media":4251,"comment_status":"open","ping_status":"closed","template":"","meta":{"site-sidebar-layout":"default","site-content-layout":"default","ast-site-content-layout":"","site-content-style":"default","site-sidebar-style":"default","ast-global-header-display":"","ast-banner-title-visibility":"","ast-main-header-display":"","ast-hfb-above-header-display":"","ast-hfb-below-header-display":"","ast-hfb-mobile-header-display":"","site-post-title":"","ast-breadcrumbs-content":"","ast-featured-img":"","footer-sml-layout":"","theme-transparent-header-meta":"","adv-header-id-meta":"","stick-header-meta":"","header-above-stick-meta":"","header-main-stick-meta":"","header-below-stick-meta":"","astra-migrate-meta-layouts":"default","ast-page-background-enabled":"default","ast-page-background-meta":{"desktop":{"background-color":"var(--ast-global-color-4)","background-image":"","background-repeat":"repeat","background-position":"center center","background-size":"auto","background-attachment":"scroll","background-type":"","background-media":"","overlay-type":"","overlay-color":"","overlay-opacity":"","overlay-gradient":""},"tablet":{"background-color":"","background-image":"","background-repeat":"repeat","background-position":"center center","background-size":"auto","background-attachment":"scroll","background-type":"","background-media":"","overlay-type":"","overlay-color":"","overlay-opacity":"","overlay-gradient":""},"mobile":{"background-color":"","background-image":"","background-repeat":"repeat","background-position":"center center","background-size":"auto","background-attachment":"scroll","background-type":"","background-media":"","overlay-type":"","overlay-color":"","overlay-opacity":"","overlay-gradient":""}},"ast-content-background-meta":{"desktop":{"background-color":"var(--ast-global-color-5)","background-image":"","background-repeat":"repeat","background-position":"center center","background-size":"auto","background-attachment":"scroll","background-type":"","background-media":"","overlay-type":"","overlay-color":"","overlay-opacity":"","overlay-gradient":""},"tablet":{"background-color":"var(--ast-global-color-5)","background-image":"","background-repeat":"repeat","background-position":"center center","background-size":"auto","background-attachment":"scroll","background-type":"","background-media":"","overlay-type":"","overlay-color":"","overlay-opacity":"","overlay-gradient":""},"mobile":{"background-color":"var(--ast-global-color-5)","background-image":"","background-repeat":"repeat","background-position":"center center","background-size":"auto","background-attachment":"scroll","background-type":"","background-media":"","overlay-type":"","overlay-color":"","overlay-opacity":"","overlay-gradient":""}}},"product_brand":[],"product_cat":[140],"product_tag":[120,118],"class_list":{"0":"post-2958","1":"product","2":"type-product","3":"status-publish","4":"has-post-thumbnail","6":"product_cat-hortalizas-de-hoja-espinaca-lechugas-asiatica-rugula-kale","7":"product_tag-hortalizas-de-hojas-baby","8":"product_tag-verduras","9":"desktop-align-left","10":"tablet-align-left","11":"mobile-align-left","13":"first","14":"instock","15":"taxable","16":"shipping-taxable","17":"purchasable","18":"product-type-simple"},"yoast_head":"<!-- This site is optimized with the Yoast SEO plugin v24.6 - https:\/\/yoast.com\/wordpress\/plugins\/seo\/ -->\n<title>SALANOVAS MIXTAS - Bio Bio - Del campo a la mesa<\/title>\n<meta name=\"description\" content=\"Las lechugas SALANOVAS son uno de los alimentos m\u00e1s completos debido al contenido variado de nutrientes. Esta vers\u00e1til hortaliza contiene los 8 amino\u00e1cidos esenciales que el cuerpo humano necesita, es rica en prote\u00ednas y minerales como, Cobre, Magnesio, Manganeso, F\u00f3sforo, potasio, Selenio y Zinc.\" \/>\n<meta name=\"robots\" content=\"index, follow, max-snippet:-1, max-image-preview:large, max-video-preview:-1\" \/>\n<link rel=\"canonical\" href=\"https:\/\/www.biobio.com.co\/tienda\/product\/salanovas-mixtas\/\" \/>\n<meta property=\"og:locale\" content=\"es_ES\" \/>\n<meta property=\"og:type\" content=\"article\" \/>\n<meta property=\"og:title\" content=\"SALANOVAS MIXTAS - Bio Bio - Del campo a la mesa\" \/>\n<meta property=\"og:description\" content=\"Las lechugas SALANOVAS son uno de los alimentos m\u00e1s completos debido al contenido variado de nutrientes. Esta vers\u00e1til hortaliza contiene los 8 amino\u00e1cidos esenciales que el cuerpo humano necesita, es rica en prote\u00ednas y minerales como, Cobre, Magnesio, Manganeso, F\u00f3sforo, potasio, Selenio y Zinc.\" \/>\n<meta property=\"og:url\" content=\"https:\/\/www.biobio.com.co\/tienda\/product\/salanovas-mixtas\/\" \/>\n<meta property=\"og:site_name\" content=\"Bio Bio - Del campo a la mesa\" \/>\n<meta property=\"article:modified_time\" content=\"2025-01-28T22:39:12+00:00\" \/>\n<meta property=\"og:image\" content=\"https:\/\/www.biobio.com.co\/tienda\/wp-content\/uploads\/2020\/10\/Cogollos-Mixtos-Salanova-2-scaled.jpg\" \/>\n\t<meta property=\"og:image:width\" content=\"1720\" \/>\n\t<meta property=\"og:image:height\" content=\"1131\" \/>\n\t<meta property=\"og:image:type\" content=\"image\/jpeg\" \/>\n<meta name=\"twitter:card\" content=\"summary_large_image\" \/>\n<meta name=\"twitter:label1\" content=\"Tiempo de lectura\" \/>\n\t<meta name=\"twitter:data1\" content=\"1 minuto\" \/>\n<script type=\"application\/ld+json\" class=\"yoast-schema-graph\">{\"@context\":\"https:\/\/schema.org\",\"@graph\":[{\"@type\":\"WebPage\",\"@id\":\"https:\/\/www.biobio.com.co\/tienda\/product\/salanovas-mixtas\/\",\"url\":\"https:\/\/www.biobio.com.co\/tienda\/product\/salanovas-mixtas\/\",\"name\":\"SALANOVAS MIXTAS - Bio Bio - Del campo a la mesa\",\"isPartOf\":{\"@id\":\"https:\/\/www.biobio.com.co\/tienda\/#website\"},\"primaryImageOfPage\":{\"@id\":\"https:\/\/www.biobio.com.co\/tienda\/product\/salanovas-mixtas\/#primaryimage\"},\"image\":{\"@id\":\"https:\/\/www.biobio.com.co\/tienda\/product\/salanovas-mixtas\/#primaryimage\"},\"thumbnailUrl\":\"https:\/\/www.biobio.com.co\/tienda\/wp-content\/uploads\/2020\/10\/Cogollos-Mixtos-Salanova-2-scaled.jpg\",\"datePublished\":\"2020-10-22T16:38:20+00:00\",\"dateModified\":\"2025-01-28T22:39:12+00:00\",\"description\":\"Las lechugas SALANOVAS son uno de los alimentos m\u00e1s completos debido al contenido variado de nutrientes. Esta vers\u00e1til hortaliza contiene los 8 amino\u00e1cidos esenciales que el cuerpo humano necesita, es rica en prote\u00ednas y minerales como, Cobre, Magnesio, Manganeso, F\u00f3sforo, potasio, Selenio y Zinc.\",\"breadcrumb\":{\"@id\":\"https:\/\/www.biobio.com.co\/tienda\/product\/salanovas-mixtas\/#breadcrumb\"},\"inLanguage\":\"es\",\"potentialAction\":[{\"@type\":\"ReadAction\",\"target\":[\"https:\/\/www.biobio.com.co\/tienda\/product\/salanovas-mixtas\/\"]}]},{\"@type\":\"ImageObject\",\"inLanguage\":\"es\",\"@id\":\"https:\/\/www.biobio.com.co\/tienda\/product\/salanovas-mixtas\/#primaryimage\",\"url\":\"https:\/\/www.biobio.com.co\/tienda\/wp-content\/uploads\/2020\/10\/Cogollos-Mixtos-Salanova-2-scaled.jpg\",\"contentUrl\":\"https:\/\/www.biobio.com.co\/tienda\/wp-content\/uploads\/2020\/10\/Cogollos-Mixtos-Salanova-2-scaled.jpg\",\"width\":1720,\"height\":1131},{\"@type\":\"BreadcrumbList\",\"@id\":\"https:\/\/www.biobio.com.co\/tienda\/product\/salanovas-mixtas\/#breadcrumb\",\"itemListElement\":[{\"@type\":\"ListItem\",\"position\":1,\"name\":\"Home\",\"item\":\"https:\/\/www.biobio.com.co\/tienda\/\"},{\"@type\":\"ListItem\",\"position\":2,\"name\":\"Nuestra tienda\",\"item\":\"https:\/\/www.biobio.com.co\/tienda\/nuestra-tienda\/\"},{\"@type\":\"ListItem\",\"position\":3,\"name\":\"SALANOVAS MIXTAS\"}]},{\"@type\":\"WebSite\",\"@id\":\"https:\/\/www.biobio.com.co\/tienda\/#website\",\"url\":\"https:\/\/www.biobio.com.co\/tienda\/\",\"name\":\"Bio Bio - Del campo a la mesa\",\"description\":\"Tienda\",\"publisher\":{\"@id\":\"https:\/\/www.biobio.com.co\/tienda\/#organization\"},\"potentialAction\":[{\"@type\":\"SearchAction\",\"target\":{\"@type\":\"EntryPoint\",\"urlTemplate\":\"https:\/\/www.biobio.com.co\/tienda\/?s={search_term_string}\"},\"query-input\":{\"@type\":\"PropertyValueSpecification\",\"valueRequired\":true,\"valueName\":\"search_term_string\"}}],\"inLanguage\":\"es\"},{\"@type\":\"Organization\",\"@id\":\"https:\/\/www.biobio.com.co\/tienda\/#organization\",\"name\":\"Bio Bio - Del campo a la mesa\",\"url\":\"https:\/\/www.biobio.com.co\/tienda\/\",\"logo\":{\"@type\":\"ImageObject\",\"inLanguage\":\"es\",\"@id\":\"https:\/\/www.biobio.com.co\/tienda\/#\/schema\/logo\/image\/\",\"url\":\"https:\/\/www.biobio.com.co\/tienda\/wp-content\/uploads\/2022\/03\/cropped-logo-biobio.jpg\",\"contentUrl\":\"https:\/\/www.biobio.com.co\/tienda\/wp-content\/uploads\/2022\/03\/cropped-logo-biobio.jpg\",\"width\":822,\"height\":337,\"caption\":\"Bio Bio - Del campo a la mesa\"},\"image\":{\"@id\":\"https:\/\/www.biobio.com.co\/tienda\/#\/schema\/logo\/image\/\"}}]}<\/script>\n<!-- \/ Yoast SEO plugin. -->","yoast_head_json":{"title":"SALANOVAS MIXTAS - Bio Bio - Del campo a la mesa","description":"Las lechugas SALANOVAS son uno de los alimentos m\u00e1s completos debido al contenido variado de nutrientes. Esta vers\u00e1til hortaliza contiene los 8 amino\u00e1cidos esenciales que el cuerpo humano necesita, es rica en prote\u00ednas y minerales como, Cobre, Magnesio, Manganeso, F\u00f3sforo, potasio, Selenio y Zinc.","robots":{"index":"index","follow":"follow","max-snippet":"max-snippet:-1","max-image-preview":"max-image-preview:large","max-video-preview":"max-video-preview:-1"},"canonical":"https:\/\/www.biobio.com.co\/tienda\/product\/salanovas-mixtas\/","og_locale":"es_ES","og_type":"article","og_title":"SALANOVAS MIXTAS - Bio Bio - Del campo a la mesa","og_description":"Las lechugas SALANOVAS son uno de los alimentos m\u00e1s completos debido al contenido variado de nutrientes. Esta vers\u00e1til hortaliza contiene los 8 amino\u00e1cidos esenciales que el cuerpo humano necesita, es rica en prote\u00ednas y minerales como, Cobre, Magnesio, Manganeso, F\u00f3sforo, potasio, Selenio y Zinc.","og_url":"https:\/\/www.biobio.com.co\/tienda\/product\/salanovas-mixtas\/","og_site_name":"Bio Bio - Del campo a la mesa","article_modified_time":"2025-01-28T22:39:12+00:00","og_image":[{"width":1720,"height":1131,"url":"https:\/\/www.biobio.com.co\/tienda\/wp-content\/uploads\/2020\/10\/Cogollos-Mixtos-Salanova-2-scaled.jpg","type":"image\/jpeg"}],"twitter_card":"summary_large_image","twitter_misc":{"Tiempo de lectura":"1 minuto"},"schema":{"@context":"https:\/\/schema.org","@graph":[{"@type":"WebPage","@id":"https:\/\/www.biobio.com.co\/tienda\/product\/salanovas-mixtas\/","url":"https:\/\/www.biobio.com.co\/tienda\/product\/salanovas-mixtas\/","name":"SALANOVAS MIXTAS - Bio Bio - Del campo a la mesa","isPartOf":{"@id":"https:\/\/www.biobio.com.co\/tienda\/#website"},"primaryImageOfPage":{"@id":"https:\/\/www.biobio.com.co\/tienda\/product\/salanovas-mixtas\/#primaryimage"},"image":{"@id":"https:\/\/www.biobio.com.co\/tienda\/product\/salanovas-mixtas\/#primaryimage"},"thumbnailUrl":"https:\/\/www.biobio.com.co\/tienda\/wp-content\/uploads\/2020\/10\/Cogollos-Mixtos-Salanova-2-scaled.jpg","datePublished":"2020-10-22T16:38:20+00:00","dateModified":"2025-01-28T22:39:12+00:00","description":"Las lechugas SALANOVAS son uno de los alimentos m\u00e1s completos debido al contenido variado de nutrientes. Esta vers\u00e1til hortaliza contiene los 8 amino\u00e1cidos esenciales que el cuerpo humano necesita, es rica en prote\u00ednas y minerales como, Cobre, Magnesio, Manganeso, F\u00f3sforo, potasio, Selenio y Zinc.","breadcrumb":{"@id":"https:\/\/www.biobio.com.co\/tienda\/product\/salanovas-mixtas\/#breadcrumb"},"inLanguage":"es","potentialAction":[{"@type":"ReadAction","target":["https:\/\/www.biobio.com.co\/tienda\/product\/salanovas-mixtas\/"]}]},{"@type":"ImageObject","inLanguage":"es","@id":"https:\/\/www.biobio.com.co\/tienda\/product\/salanovas-mixtas\/#primaryimage","url":"https:\/\/www.biobio.com.co\/tienda\/wp-content\/uploads\/2020\/10\/Cogollos-Mixtos-Salanova-2-scaled.jpg","contentUrl":"https:\/\/www.biobio.com.co\/tienda\/wp-content\/uploads\/2020\/10\/Cogollos-Mixtos-Salanova-2-scaled.jpg","width":1720,"height":1131},{"@type":"BreadcrumbList","@id":"https:\/\/www.biobio.com.co\/tienda\/product\/salanovas-mixtas\/#breadcrumb","itemListElement":[{"@type":"ListItem","position":1,"name":"Home","item":"https:\/\/www.biobio.com.co\/tienda\/"},{"@type":"ListItem","position":2,"name":"Nuestra tienda","item":"https:\/\/www.biobio.com.co\/tienda\/nuestra-tienda\/"},{"@type":"ListItem","position":3,"name":"SALANOVAS MIXTAS"}]},{"@type":"WebSite","@id":"https:\/\/www.biobio.com.co\/tienda\/#website","url":"https:\/\/www.biobio.com.co\/tienda\/","name":"Bio Bio - Del campo a la mesa","description":"Tienda","publisher":{"@id":"https:\/\/www.biobio.com.co\/tienda\/#organization"},"potentialAction":[{"@type":"SearchAction","target":{"@type":"EntryPoint","urlTemplate":"https:\/\/www.biobio.com.co\/tienda\/?s={search_term_string}"},"query-input":{"@type":"PropertyValueSpecification","valueRequired":true,"valueName":"search_term_string"}}],"inLanguage":"es"},{"@type":"Organization","@id":"https:\/\/www.biobio.com.co\/tienda\/#organization","name":"Bio Bio - Del campo a la mesa","url":"https:\/\/www.biobio.com.co\/tienda\/","logo":{"@type":"ImageObject","inLanguage":"es","@id":"https:\/\/www.biobio.com.co\/tienda\/#\/schema\/logo\/image\/","url":"https:\/\/www.biobio.com.co\/tienda\/wp-content\/uploads\/2022\/03\/cropped-logo-biobio.jpg","contentUrl":"https:\/\/www.biobio.com.co\/tienda\/wp-content\/uploads\/2022\/03\/cropped-logo-biobio.jpg","width":822,"height":337,"caption":"Bio Bio - Del campo a la mesa"},"image":{"@id":"https:\/\/www.biobio.com.co\/tienda\/#\/schema\/logo\/image\/"}}]}},"_links":{"self":[{"href":"https:\/\/www.biobio.com.co\/tienda\/wp-json\/wp\/v2\/product\/2958","targetHints":{"allow":["GET"]}}],"collection":[{"href":"https:\/\/www.biobio.com.co\/tienda\/wp-json\/wp\/v2\/product"}],"about":[{"href":"https:\/\/www.biobio.com.co\/tienda\/wp-json\/wp\/v2\/types\/product"}],"replies":[{"embeddable":true,"href":"https:\/\/www.biobio.com.co\/tienda\/wp-json\/wp\/v2\/comments?post=2958"}],"wp:featuredmedia":[{"embeddable":true,"href":"https:\/\/www.biobio.com.co\/tienda\/wp-json\/wp\/v2\/media\/4251"}],"wp:attachment":[{"href":"https:\/\/www.biobio.com.co\/tienda\/wp-json\/wp\/v2\/media?parent=2958"}],"wp:term":[{"taxonomy":"product_brand","embeddable":true,"href":"https:\/\/www.biobio.com.co\/tienda\/wp-json\/wp\/v2\/product_brand?post=2958"},{"taxonomy":"product_cat","embeddable":true,"href":"https:\/\/www.biobio.com.co\/tienda\/wp-json\/wp\/v2\/product_cat?post=2958"},{"taxonomy":"product_tag","embeddable":true,"href":"https:\/\/www.biobio.com.co\/tienda\/wp-json\/wp\/v2\/product_tag?post=2958"}],"curies":[{"name":"wp","href":"https:\/\/api.w.org\/{rel}","templated":true}]}}