{"id":2623,"date":"2020-07-02T20:29:01","date_gmt":"2020-07-03T01:29:01","guid":{"rendered":"https:\/\/www.biobio.com.co\/tienda\/?post_type=product&#038;p=2623"},"modified":"2024-08-17T18:56:52","modified_gmt":"2024-08-17T23:56:52","slug":"buzz-button-flores-comestibles-cocteles-exoticos-flores-electricas","status":"publish","type":"product","link":"https:\/\/www.biobio.com.co\/tienda\/product\/buzz-button-flores-comestibles-cocteles-exoticos-flores-electricas\/","title":{"rendered":"BUZZ BUTTON"},"content":{"rendered":"<p>Las flores comestibles son un placer para la vista y deliciosas para el paladar. Alegran el plato, haci\u00e9ndolo m\u00e1s festivo y a\u00f1aden colores y formas muy bonitos, hay docenas de flores que puedes consumir como es el caso del BUZZ BUTTON, su nombre de \u00abbot\u00f3n de zumbido\u00bb se refiere a la flor de la planta (A. Oleracea), una planta que crece en todo el tr\u00f3pico y en muchas zonas templadas. Las flores y las hojas son conocidas por su sabor fuerte, picante y a menudo astringente, es frecuentemente usada en la cocina principalmente para decorar todo tipo de tortas, galletas o postres cremosos.<\/p>\n<p>As\u00ed como en la preparaci\u00f3n de c\u00f3cteles, o bebidas, adicionalmente\u00a0 es usada en la medicina tradicional y como planta ornamental. Esta planta tiene sensaciones efervescentes y adormecedoras producidas cuando la flor de la planta entra en la boca. El uso de la planta en la medicina tradicional data desde hace miles de a\u00f1os usado para aliviar el dolor de muelas. En otros pa\u00edses donde la planta es nativa sus usos en los alimentos es muy com\u00fan.<\/p>\n<p>Viene por 30 unidades.<\/p>\n","protected":false},"excerpt":{"rendered":"<p>Esta planta tiene sensaciones efervescentes y adormecedoras producidas cuando la flor de la planta entra en la boca. Las flores y las hojas son conocidas por su sabor fuerte, picante y a menudo astringente, es frecuentemente usada en la cocina principalmente para decorar todo tipo de tortas, galletas o postres cremosos. As\u00ed como en la preparaci\u00f3n de c\u00f3cteles, o bebidas.<\/p>\n<p>Viene por 30 unidades.<\/p>\n","protected":false},"featured_media":4133,"comment_status":"open","ping_status":"closed","template":"","meta":{"site-sidebar-layout":"default","site-content-layout":"default","ast-site-content-layout":"","site-content-style":"default","site-sidebar-style":"default","ast-global-header-display":"","ast-banner-title-visibility":"","ast-main-header-display":"","ast-hfb-above-header-display":"","ast-hfb-below-header-display":"","ast-hfb-mobile-header-display":"","site-post-title":"","ast-breadcrumbs-content":"","ast-featured-img":"","footer-sml-layout":"","theme-transparent-header-meta":"","adv-header-id-meta":"","stick-header-meta":"","header-above-stick-meta":"","header-main-stick-meta":"","header-below-stick-meta":"","astra-migrate-meta-layouts":"default","ast-page-background-enabled":"default","ast-page-background-meta":{"desktop":{"background-color":"var(--ast-global-color-4)","background-image":"","background-repeat":"repeat","background-position":"center center","background-size":"auto","background-attachment":"scroll","background-type":"","background-media":"","overlay-type":"","overlay-color":"","overlay-opacity":"","overlay-gradient":""},"tablet":{"background-color":"","background-image":"","background-repeat":"repeat","background-position":"center center","background-size":"auto","background-attachment":"scroll","background-type":"","background-media":"","overlay-type":"","overlay-color":"","overlay-opacity":"","overlay-gradient":""},"mobile":{"background-color":"","background-image":"","background-repeat":"repeat","background-position":"center center","background-size":"auto","background-attachment":"scroll","background-type":"","background-media":"","overlay-type":"","overlay-color":"","overlay-opacity":"","overlay-gradient":""}},"ast-content-background-meta":{"desktop":{"background-color":"var(--ast-global-color-5)","background-image":"","background-repeat":"repeat","background-position":"center center","background-size":"auto","background-attachment":"scroll","background-type":"","background-media":"","overlay-type":"","overlay-color":"","overlay-opacity":"","overlay-gradient":""},"tablet":{"background-color":"var(--ast-global-color-5)","background-image":"","background-repeat":"repeat","background-position":"center center","background-size":"auto","background-attachment":"scroll","background-type":"","background-media":"","overlay-type":"","overlay-color":"","overlay-opacity":"","overlay-gradient":""},"mobile":{"background-color":"var(--ast-global-color-5)","background-image":"","background-repeat":"repeat","background-position":"center center","background-size":"auto","background-attachment":"scroll","background-type":"","background-media":"","overlay-type":"","overlay-color":"","overlay-opacity":"","overlay-gradient":""}}},"product_brand":[],"product_cat":[142],"product_tag":[132,131],"class_list":{"0":"post-2623","1":"product","2":"type-product","3":"status-publish","4":"has-post-thumbnail","6":"product_cat-flores-comestibles","7":"product_tag-flores","8":"product_tag-flores-comestibles","9":"desktop-align-left","10":"tablet-align-left","11":"mobile-align-left","13":"first","14":"instock","15":"taxable","16":"shipping-taxable","17":"purchasable","18":"product-type-simple"},"yoast_head":"<!-- This site is optimized with the Yoast SEO plugin v24.6 - https:\/\/yoast.com\/wordpress\/plugins\/seo\/ -->\n<title>BUZZ BUTTON - Bio Bio - Del campo a la mesa<\/title>\n<meta name=\"description\" content=\"LEl nombre de (bot\u00f3n de zumbido) se refiere a la flor de la planta (A. Oleracea), una planta que crece en todo el tr\u00f3pico y en muchas zonas templadas. Las flores y las hojas son conocidas por su sabor fuerte, picante y a menudo astringente, es frecuentemente usada en la cocina principalmente para decorar todo tipo de tortas, galletas o postres cremosos.As\u00ed como en la preparaci\u00f3n de c\u00f3cteles, o bebidas, adicionalmente\u00a0 es usada en la medicina tradicional y como planta ornamental. Esta planta tiene sensaciones efervescentes y adormecedoras producidas cuando la flor de la planta entra en la boca. El uso de la planta en la medicina tradicional data desde hace miles de a\u00f1os usado para aliviar el dolor de muelas. En otros pa\u00edses donde la planta es nativa sus usos en los alimentos es muy com\u00fan.\" \/>\n<meta name=\"robots\" content=\"index, follow, max-snippet:-1, max-image-preview:large, max-video-preview:-1\" \/>\n<link rel=\"canonical\" href=\"https:\/\/www.biobio.com.co\/tienda\/product\/buzz-button-flores-comestibles-cocteles-exoticos-flores-electricas\/\" \/>\n<meta property=\"og:locale\" content=\"es_ES\" \/>\n<meta property=\"og:type\" content=\"article\" \/>\n<meta property=\"og:title\" content=\"BUZZ BUTTON - Bio Bio - Del campo a la mesa\" \/>\n<meta property=\"og:description\" content=\"LEl nombre de (bot\u00f3n de zumbido) se refiere a la flor de la planta (A. Oleracea), una planta que crece en todo el tr\u00f3pico y en muchas zonas templadas. Las flores y las hojas son conocidas por su sabor fuerte, picante y a menudo astringente, es frecuentemente usada en la cocina principalmente para decorar todo tipo de tortas, galletas o postres cremosos.As\u00ed como en la preparaci\u00f3n de c\u00f3cteles, o bebidas, adicionalmente\u00a0 es usada en la medicina tradicional y como planta ornamental. Esta planta tiene sensaciones efervescentes y adormecedoras producidas cuando la flor de la planta entra en la boca. El uso de la planta en la medicina tradicional data desde hace miles de a\u00f1os usado para aliviar el dolor de muelas. En otros pa\u00edses donde la planta es nativa sus usos en los alimentos es muy com\u00fan.\" \/>\n<meta property=\"og:url\" content=\"https:\/\/www.biobio.com.co\/tienda\/product\/buzz-button-flores-comestibles-cocteles-exoticos-flores-electricas\/\" \/>\n<meta property=\"og:site_name\" content=\"Bio Bio - Del campo a la mesa\" \/>\n<meta property=\"article:modified_time\" content=\"2024-08-17T23:56:52+00:00\" \/>\n<meta property=\"og:image\" content=\"https:\/\/www.biobio.com.co\/tienda\/wp-content\/uploads\/2022\/04\/Buzz-Bottom-min-scaled.jpg\" \/>\n\t<meta property=\"og:image:width\" content=\"1720\" \/>\n\t<meta property=\"og:image:height\" content=\"1147\" \/>\n\t<meta property=\"og:image:type\" content=\"image\/jpeg\" \/>\n<meta name=\"twitter:card\" content=\"summary_large_image\" \/>\n<meta name=\"twitter:label1\" content=\"Tiempo de lectura\" \/>\n\t<meta name=\"twitter:data1\" content=\"1 minuto\" \/>\n<script type=\"application\/ld+json\" class=\"yoast-schema-graph\">{\"@context\":\"https:\/\/schema.org\",\"@graph\":[{\"@type\":\"WebPage\",\"@id\":\"https:\/\/www.biobio.com.co\/tienda\/product\/buzz-button-flores-comestibles-cocteles-exoticos-flores-electricas\/\",\"url\":\"https:\/\/www.biobio.com.co\/tienda\/product\/buzz-button-flores-comestibles-cocteles-exoticos-flores-electricas\/\",\"name\":\"BUZZ BUTTON - Bio Bio - Del campo a la mesa\",\"isPartOf\":{\"@id\":\"https:\/\/www.biobio.com.co\/tienda\/#website\"},\"primaryImageOfPage\":{\"@id\":\"https:\/\/www.biobio.com.co\/tienda\/product\/buzz-button-flores-comestibles-cocteles-exoticos-flores-electricas\/#primaryimage\"},\"image\":{\"@id\":\"https:\/\/www.biobio.com.co\/tienda\/product\/buzz-button-flores-comestibles-cocteles-exoticos-flores-electricas\/#primaryimage\"},\"thumbnailUrl\":\"https:\/\/www.biobio.com.co\/tienda\/wp-content\/uploads\/2022\/04\/Buzz-Bottom-min-scaled.jpg\",\"datePublished\":\"2020-07-03T01:29:01+00:00\",\"dateModified\":\"2024-08-17T23:56:52+00:00\",\"description\":\"LEl nombre de (bot\u00f3n de zumbido) se refiere a la flor de la planta (A. Oleracea), una planta que crece en todo el tr\u00f3pico y en muchas zonas templadas. Las flores y las hojas son conocidas por su sabor fuerte, picante y a menudo astringente, es frecuentemente usada en la cocina principalmente para decorar todo tipo de tortas, galletas o postres cremosos.As\u00ed como en la preparaci\u00f3n de c\u00f3cteles, o bebidas, adicionalmente\u00a0 es usada en la medicina tradicional y como planta ornamental. Esta planta tiene sensaciones efervescentes y adormecedoras producidas cuando la flor de la planta entra en la boca. El uso de la planta en la medicina tradicional data desde hace miles de a\u00f1os usado para aliviar el dolor de muelas. En otros pa\u00edses donde la planta es nativa sus usos en los alimentos es muy com\u00fan.\",\"breadcrumb\":{\"@id\":\"https:\/\/www.biobio.com.co\/tienda\/product\/buzz-button-flores-comestibles-cocteles-exoticos-flores-electricas\/#breadcrumb\"},\"inLanguage\":\"es\",\"potentialAction\":[{\"@type\":\"ReadAction\",\"target\":[\"https:\/\/www.biobio.com.co\/tienda\/product\/buzz-button-flores-comestibles-cocteles-exoticos-flores-electricas\/\"]}]},{\"@type\":\"ImageObject\",\"inLanguage\":\"es\",\"@id\":\"https:\/\/www.biobio.com.co\/tienda\/product\/buzz-button-flores-comestibles-cocteles-exoticos-flores-electricas\/#primaryimage\",\"url\":\"https:\/\/www.biobio.com.co\/tienda\/wp-content\/uploads\/2022\/04\/Buzz-Bottom-min-scaled.jpg\",\"contentUrl\":\"https:\/\/www.biobio.com.co\/tienda\/wp-content\/uploads\/2022\/04\/Buzz-Bottom-min-scaled.jpg\",\"width\":1720,\"height\":1147},{\"@type\":\"BreadcrumbList\",\"@id\":\"https:\/\/www.biobio.com.co\/tienda\/product\/buzz-button-flores-comestibles-cocteles-exoticos-flores-electricas\/#breadcrumb\",\"itemListElement\":[{\"@type\":\"ListItem\",\"position\":1,\"name\":\"Home\",\"item\":\"https:\/\/www.biobio.com.co\/tienda\/\"},{\"@type\":\"ListItem\",\"position\":2,\"name\":\"Nuestra tienda\",\"item\":\"https:\/\/www.biobio.com.co\/tienda\/nuestra-tienda\/\"},{\"@type\":\"ListItem\",\"position\":3,\"name\":\"BUZZ BUTTON\"}]},{\"@type\":\"WebSite\",\"@id\":\"https:\/\/www.biobio.com.co\/tienda\/#website\",\"url\":\"https:\/\/www.biobio.com.co\/tienda\/\",\"name\":\"Bio Bio - Del campo a la mesa\",\"description\":\"Tienda\",\"publisher\":{\"@id\":\"https:\/\/www.biobio.com.co\/tienda\/#organization\"},\"potentialAction\":[{\"@type\":\"SearchAction\",\"target\":{\"@type\":\"EntryPoint\",\"urlTemplate\":\"https:\/\/www.biobio.com.co\/tienda\/?s={search_term_string}\"},\"query-input\":{\"@type\":\"PropertyValueSpecification\",\"valueRequired\":true,\"valueName\":\"search_term_string\"}}],\"inLanguage\":\"es\"},{\"@type\":\"Organization\",\"@id\":\"https:\/\/www.biobio.com.co\/tienda\/#organization\",\"name\":\"Bio Bio - Del campo a la mesa\",\"url\":\"https:\/\/www.biobio.com.co\/tienda\/\",\"logo\":{\"@type\":\"ImageObject\",\"inLanguage\":\"es\",\"@id\":\"https:\/\/www.biobio.com.co\/tienda\/#\/schema\/logo\/image\/\",\"url\":\"https:\/\/www.biobio.com.co\/tienda\/wp-content\/uploads\/2022\/03\/cropped-logo-biobio.jpg\",\"contentUrl\":\"https:\/\/www.biobio.com.co\/tienda\/wp-content\/uploads\/2022\/03\/cropped-logo-biobio.jpg\",\"width\":822,\"height\":337,\"caption\":\"Bio Bio - Del campo a la mesa\"},\"image\":{\"@id\":\"https:\/\/www.biobio.com.co\/tienda\/#\/schema\/logo\/image\/\"}}]}<\/script>\n<!-- \/ Yoast SEO plugin. -->","yoast_head_json":{"title":"BUZZ BUTTON - Bio Bio - Del campo a la mesa","description":"LEl nombre de (bot\u00f3n de zumbido) se refiere a la flor de la planta (A. Oleracea), una planta que crece en todo el tr\u00f3pico y en muchas zonas templadas. Las flores y las hojas son conocidas por su sabor fuerte, picante y a menudo astringente, es frecuentemente usada en la cocina principalmente para decorar todo tipo de tortas, galletas o postres cremosos.As\u00ed como en la preparaci\u00f3n de c\u00f3cteles, o bebidas, adicionalmente\u00a0 es usada en la medicina tradicional y como planta ornamental. Esta planta tiene sensaciones efervescentes y adormecedoras producidas cuando la flor de la planta entra en la boca. El uso de la planta en la medicina tradicional data desde hace miles de a\u00f1os usado para aliviar el dolor de muelas. En otros pa\u00edses donde la planta es nativa sus usos en los alimentos es muy com\u00fan.","robots":{"index":"index","follow":"follow","max-snippet":"max-snippet:-1","max-image-preview":"max-image-preview:large","max-video-preview":"max-video-preview:-1"},"canonical":"https:\/\/www.biobio.com.co\/tienda\/product\/buzz-button-flores-comestibles-cocteles-exoticos-flores-electricas\/","og_locale":"es_ES","og_type":"article","og_title":"BUZZ BUTTON - Bio Bio - Del campo a la mesa","og_description":"LEl nombre de (bot\u00f3n de zumbido) se refiere a la flor de la planta (A. Oleracea), una planta que crece en todo el tr\u00f3pico y en muchas zonas templadas. Las flores y las hojas son conocidas por su sabor fuerte, picante y a menudo astringente, es frecuentemente usada en la cocina principalmente para decorar todo tipo de tortas, galletas o postres cremosos.As\u00ed como en la preparaci\u00f3n de c\u00f3cteles, o bebidas, adicionalmente\u00a0 es usada en la medicina tradicional y como planta ornamental. Esta planta tiene sensaciones efervescentes y adormecedoras producidas cuando la flor de la planta entra en la boca. El uso de la planta en la medicina tradicional data desde hace miles de a\u00f1os usado para aliviar el dolor de muelas. En otros pa\u00edses donde la planta es nativa sus usos en los alimentos es muy com\u00fan.","og_url":"https:\/\/www.biobio.com.co\/tienda\/product\/buzz-button-flores-comestibles-cocteles-exoticos-flores-electricas\/","og_site_name":"Bio Bio - Del campo a la mesa","article_modified_time":"2024-08-17T23:56:52+00:00","og_image":[{"width":1720,"height":1147,"url":"https:\/\/www.biobio.com.co\/tienda\/wp-content\/uploads\/2022\/04\/Buzz-Bottom-min-scaled.jpg","type":"image\/jpeg"}],"twitter_card":"summary_large_image","twitter_misc":{"Tiempo de lectura":"1 minuto"},"schema":{"@context":"https:\/\/schema.org","@graph":[{"@type":"WebPage","@id":"https:\/\/www.biobio.com.co\/tienda\/product\/buzz-button-flores-comestibles-cocteles-exoticos-flores-electricas\/","url":"https:\/\/www.biobio.com.co\/tienda\/product\/buzz-button-flores-comestibles-cocteles-exoticos-flores-electricas\/","name":"BUZZ BUTTON - Bio Bio - Del campo a la mesa","isPartOf":{"@id":"https:\/\/www.biobio.com.co\/tienda\/#website"},"primaryImageOfPage":{"@id":"https:\/\/www.biobio.com.co\/tienda\/product\/buzz-button-flores-comestibles-cocteles-exoticos-flores-electricas\/#primaryimage"},"image":{"@id":"https:\/\/www.biobio.com.co\/tienda\/product\/buzz-button-flores-comestibles-cocteles-exoticos-flores-electricas\/#primaryimage"},"thumbnailUrl":"https:\/\/www.biobio.com.co\/tienda\/wp-content\/uploads\/2022\/04\/Buzz-Bottom-min-scaled.jpg","datePublished":"2020-07-03T01:29:01+00:00","dateModified":"2024-08-17T23:56:52+00:00","description":"LEl nombre de (bot\u00f3n de zumbido) se refiere a la flor de la planta (A. Oleracea), una planta que crece en todo el tr\u00f3pico y en muchas zonas templadas. Las flores y las hojas son conocidas por su sabor fuerte, picante y a menudo astringente, es frecuentemente usada en la cocina principalmente para decorar todo tipo de tortas, galletas o postres cremosos.As\u00ed como en la preparaci\u00f3n de c\u00f3cteles, o bebidas, adicionalmente\u00a0 es usada en la medicina tradicional y como planta ornamental. Esta planta tiene sensaciones efervescentes y adormecedoras producidas cuando la flor de la planta entra en la boca. El uso de la planta en la medicina tradicional data desde hace miles de a\u00f1os usado para aliviar el dolor de muelas. En otros pa\u00edses donde la planta es nativa sus usos en los alimentos es muy com\u00fan.","breadcrumb":{"@id":"https:\/\/www.biobio.com.co\/tienda\/product\/buzz-button-flores-comestibles-cocteles-exoticos-flores-electricas\/#breadcrumb"},"inLanguage":"es","potentialAction":[{"@type":"ReadAction","target":["https:\/\/www.biobio.com.co\/tienda\/product\/buzz-button-flores-comestibles-cocteles-exoticos-flores-electricas\/"]}]},{"@type":"ImageObject","inLanguage":"es","@id":"https:\/\/www.biobio.com.co\/tienda\/product\/buzz-button-flores-comestibles-cocteles-exoticos-flores-electricas\/#primaryimage","url":"https:\/\/www.biobio.com.co\/tienda\/wp-content\/uploads\/2022\/04\/Buzz-Bottom-min-scaled.jpg","contentUrl":"https:\/\/www.biobio.com.co\/tienda\/wp-content\/uploads\/2022\/04\/Buzz-Bottom-min-scaled.jpg","width":1720,"height":1147},{"@type":"BreadcrumbList","@id":"https:\/\/www.biobio.com.co\/tienda\/product\/buzz-button-flores-comestibles-cocteles-exoticos-flores-electricas\/#breadcrumb","itemListElement":[{"@type":"ListItem","position":1,"name":"Home","item":"https:\/\/www.biobio.com.co\/tienda\/"},{"@type":"ListItem","position":2,"name":"Nuestra tienda","item":"https:\/\/www.biobio.com.co\/tienda\/nuestra-tienda\/"},{"@type":"ListItem","position":3,"name":"BUZZ BUTTON"}]},{"@type":"WebSite","@id":"https:\/\/www.biobio.com.co\/tienda\/#website","url":"https:\/\/www.biobio.com.co\/tienda\/","name":"Bio Bio - Del campo a la mesa","description":"Tienda","publisher":{"@id":"https:\/\/www.biobio.com.co\/tienda\/#organization"},"potentialAction":[{"@type":"SearchAction","target":{"@type":"EntryPoint","urlTemplate":"https:\/\/www.biobio.com.co\/tienda\/?s={search_term_string}"},"query-input":{"@type":"PropertyValueSpecification","valueRequired":true,"valueName":"search_term_string"}}],"inLanguage":"es"},{"@type":"Organization","@id":"https:\/\/www.biobio.com.co\/tienda\/#organization","name":"Bio Bio - Del campo a la mesa","url":"https:\/\/www.biobio.com.co\/tienda\/","logo":{"@type":"ImageObject","inLanguage":"es","@id":"https:\/\/www.biobio.com.co\/tienda\/#\/schema\/logo\/image\/","url":"https:\/\/www.biobio.com.co\/tienda\/wp-content\/uploads\/2022\/03\/cropped-logo-biobio.jpg","contentUrl":"https:\/\/www.biobio.com.co\/tienda\/wp-content\/uploads\/2022\/03\/cropped-logo-biobio.jpg","width":822,"height":337,"caption":"Bio Bio - Del campo a la mesa"},"image":{"@id":"https:\/\/www.biobio.com.co\/tienda\/#\/schema\/logo\/image\/"}}]}},"_links":{"self":[{"href":"https:\/\/www.biobio.com.co\/tienda\/wp-json\/wp\/v2\/product\/2623","targetHints":{"allow":["GET"]}}],"collection":[{"href":"https:\/\/www.biobio.com.co\/tienda\/wp-json\/wp\/v2\/product"}],"about":[{"href":"https:\/\/www.biobio.com.co\/tienda\/wp-json\/wp\/v2\/types\/product"}],"replies":[{"embeddable":true,"href":"https:\/\/www.biobio.com.co\/tienda\/wp-json\/wp\/v2\/comments?post=2623"}],"wp:featuredmedia":[{"embeddable":true,"href":"https:\/\/www.biobio.com.co\/tienda\/wp-json\/wp\/v2\/media\/4133"}],"wp:attachment":[{"href":"https:\/\/www.biobio.com.co\/tienda\/wp-json\/wp\/v2\/media?parent=2623"}],"wp:term":[{"taxonomy":"product_brand","embeddable":true,"href":"https:\/\/www.biobio.com.co\/tienda\/wp-json\/wp\/v2\/product_brand?post=2623"},{"taxonomy":"product_cat","embeddable":true,"href":"https:\/\/www.biobio.com.co\/tienda\/wp-json\/wp\/v2\/product_cat?post=2623"},{"taxonomy":"product_tag","embeddable":true,"href":"https:\/\/www.biobio.com.co\/tienda\/wp-json\/wp\/v2\/product_tag?post=2623"}],"curies":[{"name":"wp","href":"https:\/\/api.w.org\/{rel}","templated":true}]}}