{"id":1943,"date":"2020-04-17T18:55:41","date_gmt":"2020-04-17T23:55:41","guid":{"rendered":"https:\/\/www.biobio.com.co\/tienda\/index.php\/product\/mix-de-flores-comestibles\/"},"modified":"2023-06-29T16:35:45","modified_gmt":"2023-06-29T21:35:45","slug":"mix-de-flores-comestibles","status":"publish","type":"product","link":"https:\/\/www.biobio.com.co\/tienda\/product\/mix-de-flores-comestibles\/","title":{"rendered":"MIX DE FLORES COMESTIBLES"},"content":{"rendered":"<p>Las flores comestibles son un placer para la vista y deliciosas para el paladar. Alegran el plato, haci\u00e9ndolo m\u00e1s festivo y a\u00f1aden colores y formas muy bonitos, hay docenas de flores que puedes consumir como es el caso del MIX de FLORES COMESTIBLES de BIOBIO, son una espectacular mezcla de sabores y explosi\u00f3n de colores\u00a0 p\u00farpura, blanco, amarillo rojo, violeta e incluso rojas intensas. Estas flores son muy usadas en la alta cocina, tiene una gran variedad de sabores desde los sabores parecidos a lechugas, r\u00fagula y ligeramente dulces hasta los sabores picantes y perfumados como a condimentos de ajo y cebolla. Se utiliza como guarnici\u00f3n en ensaladas verdes y en preparaciones de Pescados, Mariscos, Pollo y arroces, tambi\u00e9n son muy usadas en preparaciones de todo tipo de tortas, galletas o postres cremosos y son perfectas para glasearlas ya que cristalizan con az\u00facar estupendamente, as\u00ed que ideales para decorar en reposter\u00eda as\u00ed como c\u00f3cteles o bebidas.<\/p>\n","protected":false},"excerpt":{"rendered":"<p>El Mix de flores comestibles es una espectacular mezcla de sabores y explosi\u00f3n de colores\u00a0 p\u00farpura, blanco, amarillo rojo, violeta e incluso rojas intensas. Estas flores son muy usadas en la alta cocina, tiene una gran variedad de sabores desde los sabores parecidos a lechugas, r\u00fagula y ligeramente dulces hasta los sabores picantes y perfumados como a condimentos de ajo y cebolla.<\/p>\n<p><strong>Caja x 25 uds<\/strong><\/p>\n","protected":false},"featured_media":4174,"comment_status":"open","ping_status":"closed","template":"","meta":{"site-sidebar-layout":"default","site-content-layout":"default","ast-site-content-layout":"","site-content-style":"default","site-sidebar-style":"default","ast-global-header-display":"","ast-banner-title-visibility":"","ast-main-header-display":"","ast-hfb-above-header-display":"","ast-hfb-below-header-display":"","ast-hfb-mobile-header-display":"","site-post-title":"","ast-breadcrumbs-content":"","ast-featured-img":"","footer-sml-layout":"","theme-transparent-header-meta":"","adv-header-id-meta":"","stick-header-meta":"","header-above-stick-meta":"","header-main-stick-meta":"","header-below-stick-meta":"","astra-migrate-meta-layouts":"default","ast-page-background-enabled":"default","ast-page-background-meta":{"desktop":{"background-color":"var(--ast-global-color-4)","background-image":"","background-repeat":"repeat","background-position":"center center","background-size":"auto","background-attachment":"scroll","background-type":"","background-media":"","overlay-type":"","overlay-color":"","overlay-opacity":"","overlay-gradient":""},"tablet":{"background-color":"","background-image":"","background-repeat":"repeat","background-position":"center center","background-size":"auto","background-attachment":"scroll","background-type":"","background-media":"","overlay-type":"","overlay-color":"","overlay-opacity":"","overlay-gradient":""},"mobile":{"background-color":"","background-image":"","background-repeat":"repeat","background-position":"center center","background-size":"auto","background-attachment":"scroll","background-type":"","background-media":"","overlay-type":"","overlay-color":"","overlay-opacity":"","overlay-gradient":""}},"ast-content-background-meta":{"desktop":{"background-color":"var(--ast-global-color-5)","background-image":"","background-repeat":"repeat","background-position":"center center","background-size":"auto","background-attachment":"scroll","background-type":"","background-media":"","overlay-type":"","overlay-color":"","overlay-opacity":"","overlay-gradient":""},"tablet":{"background-color":"var(--ast-global-color-5)","background-image":"","background-repeat":"repeat","background-position":"center center","background-size":"auto","background-attachment":"scroll","background-type":"","background-media":"","overlay-type":"","overlay-color":"","overlay-opacity":"","overlay-gradient":""},"mobile":{"background-color":"var(--ast-global-color-5)","background-image":"","background-repeat":"repeat","background-position":"center center","background-size":"auto","background-attachment":"scroll","background-type":"","background-media":"","overlay-type":"","overlay-color":"","overlay-opacity":"","overlay-gradient":""}}},"product_brand":[],"product_cat":[142],"product_tag":[132,131],"class_list":{"0":"post-1943","1":"product","2":"type-product","3":"status-publish","4":"has-post-thumbnail","6":"product_cat-flores-comestibles","7":"product_tag-flores","8":"product_tag-flores-comestibles","9":"desktop-align-left","10":"tablet-align-left","11":"mobile-align-left","13":"first","14":"instock","15":"taxable","16":"shipping-taxable","17":"purchasable","18":"product-type-simple"},"yoast_head":"<!-- This site is optimized with the Yoast SEO plugin v24.6 - https:\/\/yoast.com\/wordpress\/plugins\/seo\/ -->\n<title>MIX DE FLORES COMESTIBLES - Bio Bio - Del campo a la mesa<\/title>\n<meta name=\"description\" content=\"El mix de flores comestibles es la mezcla ideal de sabores y colores para tus recetasEl Mix de flores comestibles es una espectacular mezcla de sabores y explosi\u00f3n de colores\u00a0 p\u00farpura, blanco, amarillo rojo, violeta e incluso rojas intensas. Estas flores son muy usadas en la alta cocina, tiene una gran variedad de sabores desde los sabores parecidos a lechugas, r\u00fagula y ligeramente dulces hasta los sabores picantes y perfumados como a condimentos de ajo y cebolla. Se utiliza como guarnici\u00f3n en ensaladas verdes y en preparaciones de Pescados, Mariscos, Pollo y arroces, tambi\u00e9n son muy usadas en preparaciones de todo tipo de tortas, galletas o postres cremosos y son perfectas para glasearlas ya que cristalizan con az\u00facar estupendamente, as\u00ed que ideales para decorar en reposter\u00eda as\u00ed como c\u00f3cteles o bebidas.\" \/>\n<meta name=\"robots\" content=\"index, follow, max-snippet:-1, max-image-preview:large, max-video-preview:-1\" \/>\n<link rel=\"canonical\" href=\"https:\/\/www.biobio.com.co\/tienda\/product\/mix-de-flores-comestibles\/\" \/>\n<meta property=\"og:locale\" content=\"es_ES\" \/>\n<meta property=\"og:type\" content=\"article\" \/>\n<meta property=\"og:title\" content=\"MIX DE FLORES COMESTIBLES - Bio Bio - Del campo a la mesa\" \/>\n<meta property=\"og:description\" content=\"El mix de flores comestibles es la mezcla ideal de sabores y colores para tus recetasEl Mix de flores comestibles es una espectacular mezcla de sabores y explosi\u00f3n de colores\u00a0 p\u00farpura, blanco, amarillo rojo, violeta e incluso rojas intensas. Estas flores son muy usadas en la alta cocina, tiene una gran variedad de sabores desde los sabores parecidos a lechugas, r\u00fagula y ligeramente dulces hasta los sabores picantes y perfumados como a condimentos de ajo y cebolla. Se utiliza como guarnici\u00f3n en ensaladas verdes y en preparaciones de Pescados, Mariscos, Pollo y arroces, tambi\u00e9n son muy usadas en preparaciones de todo tipo de tortas, galletas o postres cremosos y son perfectas para glasearlas ya que cristalizan con az\u00facar estupendamente, as\u00ed que ideales para decorar en reposter\u00eda as\u00ed como c\u00f3cteles o bebidas.\" \/>\n<meta property=\"og:url\" content=\"https:\/\/www.biobio.com.co\/tienda\/product\/mix-de-flores-comestibles\/\" \/>\n<meta property=\"og:site_name\" content=\"Bio Bio - Del campo a la mesa\" \/>\n<meta property=\"article:modified_time\" content=\"2023-06-29T21:35:45+00:00\" \/>\n<meta property=\"og:image\" content=\"https:\/\/www.biobio.com.co\/tienda\/wp-content\/uploads\/2022\/04\/Mix-de-flores-min-scaled.jpg\" \/>\n\t<meta property=\"og:image:width\" content=\"1720\" \/>\n\t<meta property=\"og:image:height\" content=\"1147\" \/>\n\t<meta property=\"og:image:type\" content=\"image\/jpeg\" \/>\n<meta name=\"twitter:card\" content=\"summary_large_image\" \/>\n<meta name=\"twitter:label1\" content=\"Tiempo de lectura\" \/>\n\t<meta name=\"twitter:data1\" content=\"1 minuto\" \/>\n<script type=\"application\/ld+json\" class=\"yoast-schema-graph\">{\"@context\":\"https:\/\/schema.org\",\"@graph\":[{\"@type\":\"WebPage\",\"@id\":\"https:\/\/www.biobio.com.co\/tienda\/product\/mix-de-flores-comestibles\/\",\"url\":\"https:\/\/www.biobio.com.co\/tienda\/product\/mix-de-flores-comestibles\/\",\"name\":\"MIX DE FLORES COMESTIBLES - Bio Bio - Del campo a la mesa\",\"isPartOf\":{\"@id\":\"https:\/\/www.biobio.com.co\/tienda\/#website\"},\"primaryImageOfPage\":{\"@id\":\"https:\/\/www.biobio.com.co\/tienda\/product\/mix-de-flores-comestibles\/#primaryimage\"},\"image\":{\"@id\":\"https:\/\/www.biobio.com.co\/tienda\/product\/mix-de-flores-comestibles\/#primaryimage\"},\"thumbnailUrl\":\"https:\/\/www.biobio.com.co\/tienda\/wp-content\/uploads\/2022\/04\/Mix-de-flores-min-scaled.jpg\",\"datePublished\":\"2020-04-17T23:55:41+00:00\",\"dateModified\":\"2023-06-29T21:35:45+00:00\",\"description\":\"El mix de flores comestibles es la mezcla ideal de sabores y colores para tus recetasEl Mix de flores comestibles es una espectacular mezcla de sabores y explosi\u00f3n de colores\u00a0 p\u00farpura, blanco, amarillo rojo, violeta e incluso rojas intensas. Estas flores son muy usadas en la alta cocina, tiene una gran variedad de sabores desde los sabores parecidos a lechugas, r\u00fagula y ligeramente dulces hasta los sabores picantes y perfumados como a condimentos de ajo y cebolla. Se utiliza como guarnici\u00f3n en ensaladas verdes y en preparaciones de Pescados, Mariscos, Pollo y arroces, tambi\u00e9n son muy usadas en preparaciones de todo tipo de tortas, galletas o postres cremosos y son perfectas para glasearlas ya que cristalizan con az\u00facar estupendamente, as\u00ed que ideales para decorar en reposter\u00eda as\u00ed como c\u00f3cteles o bebidas.\",\"breadcrumb\":{\"@id\":\"https:\/\/www.biobio.com.co\/tienda\/product\/mix-de-flores-comestibles\/#breadcrumb\"},\"inLanguage\":\"es\",\"potentialAction\":[{\"@type\":\"ReadAction\",\"target\":[\"https:\/\/www.biobio.com.co\/tienda\/product\/mix-de-flores-comestibles\/\"]}]},{\"@type\":\"ImageObject\",\"inLanguage\":\"es\",\"@id\":\"https:\/\/www.biobio.com.co\/tienda\/product\/mix-de-flores-comestibles\/#primaryimage\",\"url\":\"https:\/\/www.biobio.com.co\/tienda\/wp-content\/uploads\/2022\/04\/Mix-de-flores-min-scaled.jpg\",\"contentUrl\":\"https:\/\/www.biobio.com.co\/tienda\/wp-content\/uploads\/2022\/04\/Mix-de-flores-min-scaled.jpg\",\"width\":1720,\"height\":1147},{\"@type\":\"BreadcrumbList\",\"@id\":\"https:\/\/www.biobio.com.co\/tienda\/product\/mix-de-flores-comestibles\/#breadcrumb\",\"itemListElement\":[{\"@type\":\"ListItem\",\"position\":1,\"name\":\"Home\",\"item\":\"https:\/\/www.biobio.com.co\/tienda\/\"},{\"@type\":\"ListItem\",\"position\":2,\"name\":\"Nuestra tienda\",\"item\":\"https:\/\/www.biobio.com.co\/tienda\/nuestra-tienda\/\"},{\"@type\":\"ListItem\",\"position\":3,\"name\":\"MIX DE FLORES COMESTIBLES\"}]},{\"@type\":\"WebSite\",\"@id\":\"https:\/\/www.biobio.com.co\/tienda\/#website\",\"url\":\"https:\/\/www.biobio.com.co\/tienda\/\",\"name\":\"Bio Bio - Del campo a la mesa\",\"description\":\"Tienda\",\"publisher\":{\"@id\":\"https:\/\/www.biobio.com.co\/tienda\/#organization\"},\"potentialAction\":[{\"@type\":\"SearchAction\",\"target\":{\"@type\":\"EntryPoint\",\"urlTemplate\":\"https:\/\/www.biobio.com.co\/tienda\/?s={search_term_string}\"},\"query-input\":{\"@type\":\"PropertyValueSpecification\",\"valueRequired\":true,\"valueName\":\"search_term_string\"}}],\"inLanguage\":\"es\"},{\"@type\":\"Organization\",\"@id\":\"https:\/\/www.biobio.com.co\/tienda\/#organization\",\"name\":\"Bio Bio - Del campo a la mesa\",\"url\":\"https:\/\/www.biobio.com.co\/tienda\/\",\"logo\":{\"@type\":\"ImageObject\",\"inLanguage\":\"es\",\"@id\":\"https:\/\/www.biobio.com.co\/tienda\/#\/schema\/logo\/image\/\",\"url\":\"https:\/\/www.biobio.com.co\/tienda\/wp-content\/uploads\/2022\/03\/cropped-logo-biobio.jpg\",\"contentUrl\":\"https:\/\/www.biobio.com.co\/tienda\/wp-content\/uploads\/2022\/03\/cropped-logo-biobio.jpg\",\"width\":822,\"height\":337,\"caption\":\"Bio Bio - Del campo a la mesa\"},\"image\":{\"@id\":\"https:\/\/www.biobio.com.co\/tienda\/#\/schema\/logo\/image\/\"}}]}<\/script>\n<!-- \/ Yoast SEO plugin. -->","yoast_head_json":{"title":"MIX DE FLORES COMESTIBLES - Bio Bio - Del campo a la mesa","description":"El mix de flores comestibles es la mezcla ideal de sabores y colores para tus recetasEl Mix de flores comestibles es una espectacular mezcla de sabores y explosi\u00f3n de colores\u00a0 p\u00farpura, blanco, amarillo rojo, violeta e incluso rojas intensas. Estas flores son muy usadas en la alta cocina, tiene una gran variedad de sabores desde los sabores parecidos a lechugas, r\u00fagula y ligeramente dulces hasta los sabores picantes y perfumados como a condimentos de ajo y cebolla. Se utiliza como guarnici\u00f3n en ensaladas verdes y en preparaciones de Pescados, Mariscos, Pollo y arroces, tambi\u00e9n son muy usadas en preparaciones de todo tipo de tortas, galletas o postres cremosos y son perfectas para glasearlas ya que cristalizan con az\u00facar estupendamente, as\u00ed que ideales para decorar en reposter\u00eda as\u00ed como c\u00f3cteles o bebidas.","robots":{"index":"index","follow":"follow","max-snippet":"max-snippet:-1","max-image-preview":"max-image-preview:large","max-video-preview":"max-video-preview:-1"},"canonical":"https:\/\/www.biobio.com.co\/tienda\/product\/mix-de-flores-comestibles\/","og_locale":"es_ES","og_type":"article","og_title":"MIX DE FLORES COMESTIBLES - Bio Bio - Del campo a la mesa","og_description":"El mix de flores comestibles es la mezcla ideal de sabores y colores para tus recetasEl Mix de flores comestibles es una espectacular mezcla de sabores y explosi\u00f3n de colores\u00a0 p\u00farpura, blanco, amarillo rojo, violeta e incluso rojas intensas. Estas flores son muy usadas en la alta cocina, tiene una gran variedad de sabores desde los sabores parecidos a lechugas, r\u00fagula y ligeramente dulces hasta los sabores picantes y perfumados como a condimentos de ajo y cebolla. Se utiliza como guarnici\u00f3n en ensaladas verdes y en preparaciones de Pescados, Mariscos, Pollo y arroces, tambi\u00e9n son muy usadas en preparaciones de todo tipo de tortas, galletas o postres cremosos y son perfectas para glasearlas ya que cristalizan con az\u00facar estupendamente, as\u00ed que ideales para decorar en reposter\u00eda as\u00ed como c\u00f3cteles o bebidas.","og_url":"https:\/\/www.biobio.com.co\/tienda\/product\/mix-de-flores-comestibles\/","og_site_name":"Bio Bio - Del campo a la mesa","article_modified_time":"2023-06-29T21:35:45+00:00","og_image":[{"width":1720,"height":1147,"url":"https:\/\/www.biobio.com.co\/tienda\/wp-content\/uploads\/2022\/04\/Mix-de-flores-min-scaled.jpg","type":"image\/jpeg"}],"twitter_card":"summary_large_image","twitter_misc":{"Tiempo de lectura":"1 minuto"},"schema":{"@context":"https:\/\/schema.org","@graph":[{"@type":"WebPage","@id":"https:\/\/www.biobio.com.co\/tienda\/product\/mix-de-flores-comestibles\/","url":"https:\/\/www.biobio.com.co\/tienda\/product\/mix-de-flores-comestibles\/","name":"MIX DE FLORES COMESTIBLES - Bio Bio - Del campo a la mesa","isPartOf":{"@id":"https:\/\/www.biobio.com.co\/tienda\/#website"},"primaryImageOfPage":{"@id":"https:\/\/www.biobio.com.co\/tienda\/product\/mix-de-flores-comestibles\/#primaryimage"},"image":{"@id":"https:\/\/www.biobio.com.co\/tienda\/product\/mix-de-flores-comestibles\/#primaryimage"},"thumbnailUrl":"https:\/\/www.biobio.com.co\/tienda\/wp-content\/uploads\/2022\/04\/Mix-de-flores-min-scaled.jpg","datePublished":"2020-04-17T23:55:41+00:00","dateModified":"2023-06-29T21:35:45+00:00","description":"El mix de flores comestibles es la mezcla ideal de sabores y colores para tus recetasEl Mix de flores comestibles es una espectacular mezcla de sabores y explosi\u00f3n de colores\u00a0 p\u00farpura, blanco, amarillo rojo, violeta e incluso rojas intensas. Estas flores son muy usadas en la alta cocina, tiene una gran variedad de sabores desde los sabores parecidos a lechugas, r\u00fagula y ligeramente dulces hasta los sabores picantes y perfumados como a condimentos de ajo y cebolla. Se utiliza como guarnici\u00f3n en ensaladas verdes y en preparaciones de Pescados, Mariscos, Pollo y arroces, tambi\u00e9n son muy usadas en preparaciones de todo tipo de tortas, galletas o postres cremosos y son perfectas para glasearlas ya que cristalizan con az\u00facar estupendamente, as\u00ed que ideales para decorar en reposter\u00eda as\u00ed como c\u00f3cteles o bebidas.","breadcrumb":{"@id":"https:\/\/www.biobio.com.co\/tienda\/product\/mix-de-flores-comestibles\/#breadcrumb"},"inLanguage":"es","potentialAction":[{"@type":"ReadAction","target":["https:\/\/www.biobio.com.co\/tienda\/product\/mix-de-flores-comestibles\/"]}]},{"@type":"ImageObject","inLanguage":"es","@id":"https:\/\/www.biobio.com.co\/tienda\/product\/mix-de-flores-comestibles\/#primaryimage","url":"https:\/\/www.biobio.com.co\/tienda\/wp-content\/uploads\/2022\/04\/Mix-de-flores-min-scaled.jpg","contentUrl":"https:\/\/www.biobio.com.co\/tienda\/wp-content\/uploads\/2022\/04\/Mix-de-flores-min-scaled.jpg","width":1720,"height":1147},{"@type":"BreadcrumbList","@id":"https:\/\/www.biobio.com.co\/tienda\/product\/mix-de-flores-comestibles\/#breadcrumb","itemListElement":[{"@type":"ListItem","position":1,"name":"Home","item":"https:\/\/www.biobio.com.co\/tienda\/"},{"@type":"ListItem","position":2,"name":"Nuestra tienda","item":"https:\/\/www.biobio.com.co\/tienda\/nuestra-tienda\/"},{"@type":"ListItem","position":3,"name":"MIX DE FLORES COMESTIBLES"}]},{"@type":"WebSite","@id":"https:\/\/www.biobio.com.co\/tienda\/#website","url":"https:\/\/www.biobio.com.co\/tienda\/","name":"Bio Bio - Del campo a la mesa","description":"Tienda","publisher":{"@id":"https:\/\/www.biobio.com.co\/tienda\/#organization"},"potentialAction":[{"@type":"SearchAction","target":{"@type":"EntryPoint","urlTemplate":"https:\/\/www.biobio.com.co\/tienda\/?s={search_term_string}"},"query-input":{"@type":"PropertyValueSpecification","valueRequired":true,"valueName":"search_term_string"}}],"inLanguage":"es"},{"@type":"Organization","@id":"https:\/\/www.biobio.com.co\/tienda\/#organization","name":"Bio Bio - Del campo a la mesa","url":"https:\/\/www.biobio.com.co\/tienda\/","logo":{"@type":"ImageObject","inLanguage":"es","@id":"https:\/\/www.biobio.com.co\/tienda\/#\/schema\/logo\/image\/","url":"https:\/\/www.biobio.com.co\/tienda\/wp-content\/uploads\/2022\/03\/cropped-logo-biobio.jpg","contentUrl":"https:\/\/www.biobio.com.co\/tienda\/wp-content\/uploads\/2022\/03\/cropped-logo-biobio.jpg","width":822,"height":337,"caption":"Bio Bio - Del campo a la mesa"},"image":{"@id":"https:\/\/www.biobio.com.co\/tienda\/#\/schema\/logo\/image\/"}}]}},"_links":{"self":[{"href":"https:\/\/www.biobio.com.co\/tienda\/wp-json\/wp\/v2\/product\/1943","targetHints":{"allow":["GET"]}}],"collection":[{"href":"https:\/\/www.biobio.com.co\/tienda\/wp-json\/wp\/v2\/product"}],"about":[{"href":"https:\/\/www.biobio.com.co\/tienda\/wp-json\/wp\/v2\/types\/product"}],"replies":[{"embeddable":true,"href":"https:\/\/www.biobio.com.co\/tienda\/wp-json\/wp\/v2\/comments?post=1943"}],"wp:featuredmedia":[{"embeddable":true,"href":"https:\/\/www.biobio.com.co\/tienda\/wp-json\/wp\/v2\/media\/4174"}],"wp:attachment":[{"href":"https:\/\/www.biobio.com.co\/tienda\/wp-json\/wp\/v2\/media?parent=1943"}],"wp:term":[{"taxonomy":"product_brand","embeddable":true,"href":"https:\/\/www.biobio.com.co\/tienda\/wp-json\/wp\/v2\/product_brand?post=1943"},{"taxonomy":"product_cat","embeddable":true,"href":"https:\/\/www.biobio.com.co\/tienda\/wp-json\/wp\/v2\/product_cat?post=1943"},{"taxonomy":"product_tag","embeddable":true,"href":"https:\/\/www.biobio.com.co\/tienda\/wp-json\/wp\/v2\/product_tag?post=1943"}],"curies":[{"name":"wp","href":"https:\/\/api.w.org\/{rel}","templated":true}]}}