{"id":1926,"date":"2020-04-17T18:55:35","date_gmt":"2020-04-17T23:55:35","guid":{"rendered":"https:\/\/www.biobio.com.co\/tienda\/index.php\/product\/hojas-de-sangre-toro-baby\/"},"modified":"2025-03-13T22:13:42","modified_gmt":"2025-03-14T03:13:42","slug":"hojas-de-sangre-toro-baby-organico-remolacha","status":"publish","type":"product","link":"https:\/\/www.biobio.com.co\/tienda\/product\/hojas-de-sangre-toro-baby-organico-remolacha\/","title":{"rendered":"ACEDERA CARDENAL"},"content":{"rendered":"<p><span style=\"color: #333333; font-family: Georgia, 'Times New Roman', 'Bitstream Charter', Times, serif; font-size: 16px;\">Las HOJAS COMESTIBLES est\u00e1n en tendencia en el sector gastron\u00f3mico desde la \u00faltima d\u00e9cada, as\u00ed que las hojas de ACEDERA CARDENAL <\/span><span style=\"color: #333333; font-family: Georgia, 'Times New Roman', 'Bitstream Charter', Times, serif; font-size: 16px;\">en su presentaci\u00f3n BABY se han popularizado por tener un sabor \u00e1cido parecido al tr\u00e9bol. Ideal para adicionar en ensaladas, o preparaciones de jugos de vegetales, tambi\u00e9n como guarnici\u00f3n en preparaci\u00f3n de mariscos, pescados y carnes. Aportan un toque de clase en los platos.<\/span><\/p>\n","protected":false},"excerpt":{"rendered":"<p>Las hojas de sangre toro baby, son como una lechuga rizada, de color verde y sabor amargo. Su origen es italiano.<\/p>\n<p><strong>Paquete x 30 Unidades<\/strong><\/p>\n","protected":false},"featured_media":4472,"comment_status":"open","ping_status":"closed","template":"","meta":{"site-sidebar-layout":"default","site-content-layout":"default","ast-site-content-layout":"","site-content-style":"default","site-sidebar-style":"default","ast-global-header-display":"","ast-banner-title-visibility":"","ast-main-header-display":"","ast-hfb-above-header-display":"","ast-hfb-below-header-display":"","ast-hfb-mobile-header-display":"","site-post-title":"","ast-breadcrumbs-content":"","ast-featured-img":"","footer-sml-layout":"","theme-transparent-header-meta":"","adv-header-id-meta":"","stick-header-meta":"","header-above-stick-meta":"","header-main-stick-meta":"","header-below-stick-meta":"","astra-migrate-meta-layouts":"default","ast-page-background-enabled":"default","ast-page-background-meta":{"desktop":{"background-color":"var(--ast-global-color-4)","background-image":"","background-repeat":"repeat","background-position":"center center","background-size":"auto","background-attachment":"scroll","background-type":"","background-media":"","overlay-type":"","overlay-color":"","overlay-opacity":"","overlay-gradient":""},"tablet":{"background-color":"","background-image":"","background-repeat":"repeat","background-position":"center center","background-size":"auto","background-attachment":"scroll","background-type":"","background-media":"","overlay-type":"","overlay-color":"","overlay-opacity":"","overlay-gradient":""},"mobile":{"background-color":"","background-image":"","background-repeat":"repeat","background-position":"center center","background-size":"auto","background-attachment":"scroll","background-type":"","background-media":"","overlay-type":"","overlay-color":"","overlay-opacity":"","overlay-gradient":""}},"ast-content-background-meta":{"desktop":{"background-color":"var(--ast-global-color-5)","background-image":"","background-repeat":"repeat","background-position":"center center","background-size":"auto","background-attachment":"scroll","background-type":"","background-media":"","overlay-type":"","overlay-color":"","overlay-opacity":"","overlay-gradient":""},"tablet":{"background-color":"var(--ast-global-color-5)","background-image":"","background-repeat":"repeat","background-position":"center center","background-size":"auto","background-attachment":"scroll","background-type":"","background-media":"","overlay-type":"","overlay-color":"","overlay-opacity":"","overlay-gradient":""},"mobile":{"background-color":"var(--ast-global-color-5)","background-image":"","background-repeat":"repeat","background-position":"center center","background-size":"auto","background-attachment":"scroll","background-type":"","background-media":"","overlay-type":"","overlay-color":"","overlay-opacity":"","overlay-gradient":""}}},"product_brand":[],"product_cat":[143],"product_tag":[121,122],"class_list":{"0":"post-1926","1":"product","2":"type-product","3":"status-publish","4":"has-post-thumbnail","6":"product_cat-hojas-comestibles-hojas-de-remolacha-sangre-toro-hojas-de-tatsoi-hojas-de-boc-choi-hojas-de-pac-choi-hojas-de-espinaca","7":"product_tag-hojas-comestibles","8":"product_tag-plantas","9":"desktop-align-left","10":"tablet-align-left","11":"mobile-align-left","13":"first","14":"instock","15":"taxable","16":"shipping-taxable","17":"purchasable","18":"product-type-simple"},"yoast_head":"<!-- This site is optimized with the Yoast SEO plugin v24.6 - https:\/\/yoast.com\/wordpress\/plugins\/seo\/ -->\n<title>ACEDERA CARDENAL - Bio Bio - Del campo a la mesa<\/title>\n<meta name=\"description\" content=\"Las HOJAS COMESTIBLES se han colocado de moda en el sector gastron\u00f3mico en la \u00faltima d\u00e9cada, as\u00ed que las hojas de SANGRE TORO en su presentaci\u00f3n BABY se han popularizado por tener un sabor seco y caracter\u00edstico a remolacha si los tonos dulces, las hojas tienen sabores m\u00e1s terrosos.\" \/>\n<meta name=\"robots\" content=\"index, follow, max-snippet:-1, max-image-preview:large, max-video-preview:-1\" \/>\n<link rel=\"canonical\" href=\"https:\/\/www.biobio.com.co\/tienda\/product\/hojas-de-sangre-toro-baby-organico-remolacha\/\" \/>\n<meta property=\"og:locale\" content=\"es_ES\" \/>\n<meta property=\"og:type\" content=\"article\" \/>\n<meta property=\"og:title\" content=\"ACEDERA CARDENAL - Bio Bio - Del campo a la mesa\" \/>\n<meta property=\"og:description\" content=\"Las HOJAS COMESTIBLES se han colocado de moda en el sector gastron\u00f3mico en la \u00faltima d\u00e9cada, as\u00ed que las hojas de SANGRE TORO en su presentaci\u00f3n BABY se han popularizado por tener un sabor seco y caracter\u00edstico a remolacha si los tonos dulces, las hojas tienen sabores m\u00e1s terrosos.\" \/>\n<meta property=\"og:url\" content=\"https:\/\/www.biobio.com.co\/tienda\/product\/hojas-de-sangre-toro-baby-organico-remolacha\/\" \/>\n<meta property=\"og:site_name\" content=\"Bio Bio - Del campo a la mesa\" \/>\n<meta property=\"article:modified_time\" content=\"2025-03-14T03:13:42+00:00\" \/>\n<meta property=\"og:image\" content=\"https:\/\/www.biobio.com.co\/tienda\/wp-content\/uploads\/2020\/04\/Acedera-Cardenal.png\" \/>\n\t<meta property=\"og:image:width\" content=\"872\" \/>\n\t<meta property=\"og:image:height\" content=\"486\" \/>\n\t<meta property=\"og:image:type\" content=\"image\/png\" \/>\n<meta name=\"twitter:card\" content=\"summary_large_image\" \/>\n<meta name=\"twitter:label1\" content=\"Tiempo de lectura\" \/>\n\t<meta name=\"twitter:data1\" content=\"1 minuto\" \/>\n<script type=\"application\/ld+json\" class=\"yoast-schema-graph\">{\"@context\":\"https:\/\/schema.org\",\"@graph\":[{\"@type\":\"WebPage\",\"@id\":\"https:\/\/www.biobio.com.co\/tienda\/product\/hojas-de-sangre-toro-baby-organico-remolacha\/\",\"url\":\"https:\/\/www.biobio.com.co\/tienda\/product\/hojas-de-sangre-toro-baby-organico-remolacha\/\",\"name\":\"ACEDERA CARDENAL - Bio Bio - Del campo a la mesa\",\"isPartOf\":{\"@id\":\"https:\/\/www.biobio.com.co\/tienda\/#website\"},\"primaryImageOfPage\":{\"@id\":\"https:\/\/www.biobio.com.co\/tienda\/product\/hojas-de-sangre-toro-baby-organico-remolacha\/#primaryimage\"},\"image\":{\"@id\":\"https:\/\/www.biobio.com.co\/tienda\/product\/hojas-de-sangre-toro-baby-organico-remolacha\/#primaryimage\"},\"thumbnailUrl\":\"https:\/\/www.biobio.com.co\/tienda\/wp-content\/uploads\/2020\/04\/Acedera-Cardenal.png\",\"datePublished\":\"2020-04-17T23:55:35+00:00\",\"dateModified\":\"2025-03-14T03:13:42+00:00\",\"description\":\"Las HOJAS COMESTIBLES se han colocado de moda en el sector gastron\u00f3mico en la \u00faltima d\u00e9cada, as\u00ed que las hojas de SANGRE TORO en su presentaci\u00f3n BABY se han popularizado por tener un sabor seco y caracter\u00edstico a remolacha si los tonos dulces, las hojas tienen sabores m\u00e1s terrosos.\",\"breadcrumb\":{\"@id\":\"https:\/\/www.biobio.com.co\/tienda\/product\/hojas-de-sangre-toro-baby-organico-remolacha\/#breadcrumb\"},\"inLanguage\":\"es\",\"potentialAction\":[{\"@type\":\"ReadAction\",\"target\":[\"https:\/\/www.biobio.com.co\/tienda\/product\/hojas-de-sangre-toro-baby-organico-remolacha\/\"]}]},{\"@type\":\"ImageObject\",\"inLanguage\":\"es\",\"@id\":\"https:\/\/www.biobio.com.co\/tienda\/product\/hojas-de-sangre-toro-baby-organico-remolacha\/#primaryimage\",\"url\":\"https:\/\/www.biobio.com.co\/tienda\/wp-content\/uploads\/2020\/04\/Acedera-Cardenal.png\",\"contentUrl\":\"https:\/\/www.biobio.com.co\/tienda\/wp-content\/uploads\/2020\/04\/Acedera-Cardenal.png\",\"width\":872,\"height\":486},{\"@type\":\"BreadcrumbList\",\"@id\":\"https:\/\/www.biobio.com.co\/tienda\/product\/hojas-de-sangre-toro-baby-organico-remolacha\/#breadcrumb\",\"itemListElement\":[{\"@type\":\"ListItem\",\"position\":1,\"name\":\"Home\",\"item\":\"https:\/\/www.biobio.com.co\/tienda\/\"},{\"@type\":\"ListItem\",\"position\":2,\"name\":\"Nuestra tienda\",\"item\":\"https:\/\/www.biobio.com.co\/tienda\/nuestra-tienda\/\"},{\"@type\":\"ListItem\",\"position\":3,\"name\":\"ACEDERA CARDENAL\"}]},{\"@type\":\"WebSite\",\"@id\":\"https:\/\/www.biobio.com.co\/tienda\/#website\",\"url\":\"https:\/\/www.biobio.com.co\/tienda\/\",\"name\":\"Bio Bio - Del campo a la mesa\",\"description\":\"Tienda\",\"publisher\":{\"@id\":\"https:\/\/www.biobio.com.co\/tienda\/#organization\"},\"potentialAction\":[{\"@type\":\"SearchAction\",\"target\":{\"@type\":\"EntryPoint\",\"urlTemplate\":\"https:\/\/www.biobio.com.co\/tienda\/?s={search_term_string}\"},\"query-input\":{\"@type\":\"PropertyValueSpecification\",\"valueRequired\":true,\"valueName\":\"search_term_string\"}}],\"inLanguage\":\"es\"},{\"@type\":\"Organization\",\"@id\":\"https:\/\/www.biobio.com.co\/tienda\/#organization\",\"name\":\"Bio Bio - Del campo a la mesa\",\"url\":\"https:\/\/www.biobio.com.co\/tienda\/\",\"logo\":{\"@type\":\"ImageObject\",\"inLanguage\":\"es\",\"@id\":\"https:\/\/www.biobio.com.co\/tienda\/#\/schema\/logo\/image\/\",\"url\":\"https:\/\/www.biobio.com.co\/tienda\/wp-content\/uploads\/2022\/03\/cropped-logo-biobio.jpg\",\"contentUrl\":\"https:\/\/www.biobio.com.co\/tienda\/wp-content\/uploads\/2022\/03\/cropped-logo-biobio.jpg\",\"width\":822,\"height\":337,\"caption\":\"Bio Bio - Del campo a la mesa\"},\"image\":{\"@id\":\"https:\/\/www.biobio.com.co\/tienda\/#\/schema\/logo\/image\/\"}}]}<\/script>\n<!-- \/ Yoast SEO plugin. -->","yoast_head_json":{"title":"ACEDERA CARDENAL - Bio Bio - Del campo a la mesa","description":"Las HOJAS COMESTIBLES se han colocado de moda en el sector gastron\u00f3mico en la \u00faltima d\u00e9cada, as\u00ed que las hojas de SANGRE TORO en su presentaci\u00f3n BABY se han popularizado por tener un sabor seco y caracter\u00edstico a remolacha si los tonos dulces, las hojas tienen sabores m\u00e1s terrosos.","robots":{"index":"index","follow":"follow","max-snippet":"max-snippet:-1","max-image-preview":"max-image-preview:large","max-video-preview":"max-video-preview:-1"},"canonical":"https:\/\/www.biobio.com.co\/tienda\/product\/hojas-de-sangre-toro-baby-organico-remolacha\/","og_locale":"es_ES","og_type":"article","og_title":"ACEDERA CARDENAL - Bio Bio - Del campo a la mesa","og_description":"Las HOJAS COMESTIBLES se han colocado de moda en el sector gastron\u00f3mico en la \u00faltima d\u00e9cada, as\u00ed que las hojas de SANGRE TORO en su presentaci\u00f3n BABY se han popularizado por tener un sabor seco y caracter\u00edstico a remolacha si los tonos dulces, las hojas tienen sabores m\u00e1s terrosos.","og_url":"https:\/\/www.biobio.com.co\/tienda\/product\/hojas-de-sangre-toro-baby-organico-remolacha\/","og_site_name":"Bio Bio - Del campo a la mesa","article_modified_time":"2025-03-14T03:13:42+00:00","og_image":[{"width":872,"height":486,"url":"https:\/\/www.biobio.com.co\/tienda\/wp-content\/uploads\/2020\/04\/Acedera-Cardenal.png","type":"image\/png"}],"twitter_card":"summary_large_image","twitter_misc":{"Tiempo de lectura":"1 minuto"},"schema":{"@context":"https:\/\/schema.org","@graph":[{"@type":"WebPage","@id":"https:\/\/www.biobio.com.co\/tienda\/product\/hojas-de-sangre-toro-baby-organico-remolacha\/","url":"https:\/\/www.biobio.com.co\/tienda\/product\/hojas-de-sangre-toro-baby-organico-remolacha\/","name":"ACEDERA CARDENAL - Bio Bio - Del campo a la mesa","isPartOf":{"@id":"https:\/\/www.biobio.com.co\/tienda\/#website"},"primaryImageOfPage":{"@id":"https:\/\/www.biobio.com.co\/tienda\/product\/hojas-de-sangre-toro-baby-organico-remolacha\/#primaryimage"},"image":{"@id":"https:\/\/www.biobio.com.co\/tienda\/product\/hojas-de-sangre-toro-baby-organico-remolacha\/#primaryimage"},"thumbnailUrl":"https:\/\/www.biobio.com.co\/tienda\/wp-content\/uploads\/2020\/04\/Acedera-Cardenal.png","datePublished":"2020-04-17T23:55:35+00:00","dateModified":"2025-03-14T03:13:42+00:00","description":"Las HOJAS COMESTIBLES se han colocado de moda en el sector gastron\u00f3mico en la \u00faltima d\u00e9cada, as\u00ed que las hojas de SANGRE TORO en su presentaci\u00f3n BABY se han popularizado por tener un sabor seco y caracter\u00edstico a remolacha si los tonos dulces, las hojas tienen sabores m\u00e1s terrosos.","breadcrumb":{"@id":"https:\/\/www.biobio.com.co\/tienda\/product\/hojas-de-sangre-toro-baby-organico-remolacha\/#breadcrumb"},"inLanguage":"es","potentialAction":[{"@type":"ReadAction","target":["https:\/\/www.biobio.com.co\/tienda\/product\/hojas-de-sangre-toro-baby-organico-remolacha\/"]}]},{"@type":"ImageObject","inLanguage":"es","@id":"https:\/\/www.biobio.com.co\/tienda\/product\/hojas-de-sangre-toro-baby-organico-remolacha\/#primaryimage","url":"https:\/\/www.biobio.com.co\/tienda\/wp-content\/uploads\/2020\/04\/Acedera-Cardenal.png","contentUrl":"https:\/\/www.biobio.com.co\/tienda\/wp-content\/uploads\/2020\/04\/Acedera-Cardenal.png","width":872,"height":486},{"@type":"BreadcrumbList","@id":"https:\/\/www.biobio.com.co\/tienda\/product\/hojas-de-sangre-toro-baby-organico-remolacha\/#breadcrumb","itemListElement":[{"@type":"ListItem","position":1,"name":"Home","item":"https:\/\/www.biobio.com.co\/tienda\/"},{"@type":"ListItem","position":2,"name":"Nuestra tienda","item":"https:\/\/www.biobio.com.co\/tienda\/nuestra-tienda\/"},{"@type":"ListItem","position":3,"name":"ACEDERA CARDENAL"}]},{"@type":"WebSite","@id":"https:\/\/www.biobio.com.co\/tienda\/#website","url":"https:\/\/www.biobio.com.co\/tienda\/","name":"Bio Bio - Del campo a la mesa","description":"Tienda","publisher":{"@id":"https:\/\/www.biobio.com.co\/tienda\/#organization"},"potentialAction":[{"@type":"SearchAction","target":{"@type":"EntryPoint","urlTemplate":"https:\/\/www.biobio.com.co\/tienda\/?s={search_term_string}"},"query-input":{"@type":"PropertyValueSpecification","valueRequired":true,"valueName":"search_term_string"}}],"inLanguage":"es"},{"@type":"Organization","@id":"https:\/\/www.biobio.com.co\/tienda\/#organization","name":"Bio Bio - Del campo a la mesa","url":"https:\/\/www.biobio.com.co\/tienda\/","logo":{"@type":"ImageObject","inLanguage":"es","@id":"https:\/\/www.biobio.com.co\/tienda\/#\/schema\/logo\/image\/","url":"https:\/\/www.biobio.com.co\/tienda\/wp-content\/uploads\/2022\/03\/cropped-logo-biobio.jpg","contentUrl":"https:\/\/www.biobio.com.co\/tienda\/wp-content\/uploads\/2022\/03\/cropped-logo-biobio.jpg","width":822,"height":337,"caption":"Bio Bio - Del campo a la mesa"},"image":{"@id":"https:\/\/www.biobio.com.co\/tienda\/#\/schema\/logo\/image\/"}}]}},"_links":{"self":[{"href":"https:\/\/www.biobio.com.co\/tienda\/wp-json\/wp\/v2\/product\/1926","targetHints":{"allow":["GET"]}}],"collection":[{"href":"https:\/\/www.biobio.com.co\/tienda\/wp-json\/wp\/v2\/product"}],"about":[{"href":"https:\/\/www.biobio.com.co\/tienda\/wp-json\/wp\/v2\/types\/product"}],"replies":[{"embeddable":true,"href":"https:\/\/www.biobio.com.co\/tienda\/wp-json\/wp\/v2\/comments?post=1926"}],"wp:featuredmedia":[{"embeddable":true,"href":"https:\/\/www.biobio.com.co\/tienda\/wp-json\/wp\/v2\/media\/4472"}],"wp:attachment":[{"href":"https:\/\/www.biobio.com.co\/tienda\/wp-json\/wp\/v2\/media?parent=1926"}],"wp:term":[{"taxonomy":"product_brand","embeddable":true,"href":"https:\/\/www.biobio.com.co\/tienda\/wp-json\/wp\/v2\/product_brand?post=1926"},{"taxonomy":"product_cat","embeddable":true,"href":"https:\/\/www.biobio.com.co\/tienda\/wp-json\/wp\/v2\/product_cat?post=1926"},{"taxonomy":"product_tag","embeddable":true,"href":"https:\/\/www.biobio.com.co\/tienda\/wp-json\/wp\/v2\/product_tag?post=1926"}],"curies":[{"name":"wp","href":"https:\/\/api.w.org\/{rel}","templated":true}]}}