{"id":1920,"date":"2020-04-17T18:55:33","date_gmt":"2020-04-17T23:55:33","guid":{"rendered":"https:\/\/www.biobio.com.co\/tienda\/index.php\/product\/hojas-acedera-verde-baby\/"},"modified":"2025-03-13T22:14:29","modified_gmt":"2025-03-14T03:14:29","slug":"hojas-acedera-verde-baby-sorrel","status":"publish","type":"product","link":"https:\/\/www.biobio.com.co\/tienda\/product\/hojas-acedera-verde-baby-sorrel\/","title":{"rendered":"ACEDERA VERDE"},"content":{"rendered":"<p><span style=\"color: #333333; font-family: Georgia, 'Times New Roman', 'Bitstream Charter', Times, serif; font-size: 16px;\">Las HOJAS COMESTIBLES han estado en tendencia en el sector gastron\u00f3mico durante la \u00faltima d\u00e9cada, as\u00ed que las hojas <\/span>de ACEDERA BABY o SORREL BABY, tienen un caracter\u00edstico sabor \u00e1cido, parecido al del tr\u00e9bol. Aporta a los platos un condimento particular que agradece combinar con ingredientes dulces, como pasas, zanahorias, siendo ideal para ensaladas, pur\u00e9s, sopas y guisos de carne.<\/p>\n<p>Es nativa de Europa, aunque puede aparecer en cualquier tipo de suelo, crece en terrenos ricos en hierro, en terrenos h\u00famedos de bosques y en zonas umbr\u00edas cercanas a cursos de agua.<\/p>\n","protected":false},"excerpt":{"rendered":"<p>Las hojas de acedera verde baby, tienen un caracter\u00edstico sabor \u00e1cido aporta a los platos que condimenta un sabor particular que agradece combinar con ingredientes dulces, como pasas, zanahorias, siendo ideal para ensaladas, pur\u00e9s, sopas y guisos de carne.<\/p>\n<p><strong>Paquete x 50 GR<\/strong><\/p>\n","protected":false},"featured_media":4121,"comment_status":"open","ping_status":"closed","template":"","meta":{"site-sidebar-layout":"default","site-content-layout":"default","ast-site-content-layout":"","site-content-style":"default","site-sidebar-style":"default","ast-global-header-display":"","ast-banner-title-visibility":"","ast-main-header-display":"","ast-hfb-above-header-display":"","ast-hfb-below-header-display":"","ast-hfb-mobile-header-display":"","site-post-title":"","ast-breadcrumbs-content":"","ast-featured-img":"","footer-sml-layout":"","theme-transparent-header-meta":"","adv-header-id-meta":"","stick-header-meta":"","header-above-stick-meta":"","header-main-stick-meta":"","header-below-stick-meta":"","astra-migrate-meta-layouts":"default","ast-page-background-enabled":"default","ast-page-background-meta":{"desktop":{"background-color":"var(--ast-global-color-4)","background-image":"","background-repeat":"repeat","background-position":"center center","background-size":"auto","background-attachment":"scroll","background-type":"","background-media":"","overlay-type":"","overlay-color":"","overlay-opacity":"","overlay-gradient":""},"tablet":{"background-color":"","background-image":"","background-repeat":"repeat","background-position":"center center","background-size":"auto","background-attachment":"scroll","background-type":"","background-media":"","overlay-type":"","overlay-color":"","overlay-opacity":"","overlay-gradient":""},"mobile":{"background-color":"","background-image":"","background-repeat":"repeat","background-position":"center center","background-size":"auto","background-attachment":"scroll","background-type":"","background-media":"","overlay-type":"","overlay-color":"","overlay-opacity":"","overlay-gradient":""}},"ast-content-background-meta":{"desktop":{"background-color":"var(--ast-global-color-5)","background-image":"","background-repeat":"repeat","background-position":"center center","background-size":"auto","background-attachment":"scroll","background-type":"","background-media":"","overlay-type":"","overlay-color":"","overlay-opacity":"","overlay-gradient":""},"tablet":{"background-color":"var(--ast-global-color-5)","background-image":"","background-repeat":"repeat","background-position":"center center","background-size":"auto","background-attachment":"scroll","background-type":"","background-media":"","overlay-type":"","overlay-color":"","overlay-opacity":"","overlay-gradient":""},"mobile":{"background-color":"var(--ast-global-color-5)","background-image":"","background-repeat":"repeat","background-position":"center center","background-size":"auto","background-attachment":"scroll","background-type":"","background-media":"","overlay-type":"","overlay-color":"","overlay-opacity":"","overlay-gradient":""}}},"product_brand":[],"product_cat":[143],"product_tag":[121,229,122],"class_list":{"0":"post-1920","1":"product","2":"type-product","3":"status-publish","4":"has-post-thumbnail","6":"product_cat-hojas-comestibles-hojas-de-remolacha-sangre-toro-hojas-de-tatsoi-hojas-de-boc-choi-hojas-de-pac-choi-hojas-de-espinaca","7":"product_tag-hojas-comestibles","8":"product_tag-hortalizas","9":"product_tag-plantas","10":"desktop-align-left","11":"tablet-align-left","12":"mobile-align-left","14":"first","15":"instock","16":"taxable","17":"shipping-taxable","18":"purchasable","19":"product-type-simple"},"yoast_head":"<!-- This site is optimized with the Yoast SEO plugin v24.6 - https:\/\/yoast.com\/wordpress\/plugins\/seo\/ -->\n<title>ACEDERA VERDE - Bio Bio - Del campo a la mesa<\/title>\n<meta name=\"description\" content=\"Las hojas de acedera verde baby, tienen un caracter\u00edstico sabor \u00e1cido aporta a los platos que condimenta un sabor particular\" \/>\n<meta name=\"robots\" content=\"index, follow, max-snippet:-1, max-image-preview:large, max-video-preview:-1\" \/>\n<link rel=\"canonical\" href=\"https:\/\/www.biobio.com.co\/tienda\/product\/hojas-acedera-verde-baby-sorrel\/\" \/>\n<meta property=\"og:locale\" content=\"es_ES\" \/>\n<meta property=\"og:type\" content=\"article\" \/>\n<meta property=\"og:title\" content=\"ACEDERA VERDE - Bio Bio - Del campo a la mesa\" \/>\n<meta property=\"og:description\" content=\"Las hojas de acedera verde baby, tienen un caracter\u00edstico sabor \u00e1cido aporta a los platos que condimenta un sabor particular\" \/>\n<meta property=\"og:url\" content=\"https:\/\/www.biobio.com.co\/tienda\/product\/hojas-acedera-verde-baby-sorrel\/\" \/>\n<meta property=\"og:site_name\" content=\"Bio Bio - Del campo a la mesa\" \/>\n<meta property=\"article:modified_time\" content=\"2025-03-14T03:14:29+00:00\" \/>\n<meta property=\"og:image\" content=\"https:\/\/www.biobio.com.co\/tienda\/wp-content\/uploads\/2022\/04\/Acedera-verde-baby-min-scaled.jpg\" \/>\n\t<meta property=\"og:image:width\" content=\"1720\" \/>\n\t<meta property=\"og:image:height\" content=\"1091\" \/>\n\t<meta property=\"og:image:type\" content=\"image\/jpeg\" \/>\n<meta name=\"twitter:card\" content=\"summary_large_image\" \/>\n<meta name=\"twitter:label1\" content=\"Tiempo de lectura\" \/>\n\t<meta name=\"twitter:data1\" content=\"1 minuto\" \/>\n<script type=\"application\/ld+json\" class=\"yoast-schema-graph\">{\"@context\":\"https:\/\/schema.org\",\"@graph\":[{\"@type\":\"WebPage\",\"@id\":\"https:\/\/www.biobio.com.co\/tienda\/product\/hojas-acedera-verde-baby-sorrel\/\",\"url\":\"https:\/\/www.biobio.com.co\/tienda\/product\/hojas-acedera-verde-baby-sorrel\/\",\"name\":\"ACEDERA VERDE - Bio Bio - Del campo a la mesa\",\"isPartOf\":{\"@id\":\"https:\/\/www.biobio.com.co\/tienda\/#website\"},\"primaryImageOfPage\":{\"@id\":\"https:\/\/www.biobio.com.co\/tienda\/product\/hojas-acedera-verde-baby-sorrel\/#primaryimage\"},\"image\":{\"@id\":\"https:\/\/www.biobio.com.co\/tienda\/product\/hojas-acedera-verde-baby-sorrel\/#primaryimage\"},\"thumbnailUrl\":\"https:\/\/www.biobio.com.co\/tienda\/wp-content\/uploads\/2022\/04\/Acedera-verde-baby-min-scaled.jpg\",\"datePublished\":\"2020-04-17T23:55:33+00:00\",\"dateModified\":\"2025-03-14T03:14:29+00:00\",\"description\":\"Las hojas de acedera verde baby, tienen un caracter\u00edstico sabor \u00e1cido aporta a los platos que condimenta un sabor particular\",\"breadcrumb\":{\"@id\":\"https:\/\/www.biobio.com.co\/tienda\/product\/hojas-acedera-verde-baby-sorrel\/#breadcrumb\"},\"inLanguage\":\"es\",\"potentialAction\":[{\"@type\":\"ReadAction\",\"target\":[\"https:\/\/www.biobio.com.co\/tienda\/product\/hojas-acedera-verde-baby-sorrel\/\"]}]},{\"@type\":\"ImageObject\",\"inLanguage\":\"es\",\"@id\":\"https:\/\/www.biobio.com.co\/tienda\/product\/hojas-acedera-verde-baby-sorrel\/#primaryimage\",\"url\":\"https:\/\/www.biobio.com.co\/tienda\/wp-content\/uploads\/2022\/04\/Acedera-verde-baby-min-scaled.jpg\",\"contentUrl\":\"https:\/\/www.biobio.com.co\/tienda\/wp-content\/uploads\/2022\/04\/Acedera-verde-baby-min-scaled.jpg\",\"width\":1720,\"height\":1091},{\"@type\":\"BreadcrumbList\",\"@id\":\"https:\/\/www.biobio.com.co\/tienda\/product\/hojas-acedera-verde-baby-sorrel\/#breadcrumb\",\"itemListElement\":[{\"@type\":\"ListItem\",\"position\":1,\"name\":\"Home\",\"item\":\"https:\/\/www.biobio.com.co\/tienda\/\"},{\"@type\":\"ListItem\",\"position\":2,\"name\":\"Nuestra tienda\",\"item\":\"https:\/\/www.biobio.com.co\/tienda\/nuestra-tienda\/\"},{\"@type\":\"ListItem\",\"position\":3,\"name\":\"ACEDERA VERDE\"}]},{\"@type\":\"WebSite\",\"@id\":\"https:\/\/www.biobio.com.co\/tienda\/#website\",\"url\":\"https:\/\/www.biobio.com.co\/tienda\/\",\"name\":\"Bio Bio - Del campo a la mesa\",\"description\":\"Tienda\",\"publisher\":{\"@id\":\"https:\/\/www.biobio.com.co\/tienda\/#organization\"},\"potentialAction\":[{\"@type\":\"SearchAction\",\"target\":{\"@type\":\"EntryPoint\",\"urlTemplate\":\"https:\/\/www.biobio.com.co\/tienda\/?s={search_term_string}\"},\"query-input\":{\"@type\":\"PropertyValueSpecification\",\"valueRequired\":true,\"valueName\":\"search_term_string\"}}],\"inLanguage\":\"es\"},{\"@type\":\"Organization\",\"@id\":\"https:\/\/www.biobio.com.co\/tienda\/#organization\",\"name\":\"Bio Bio - Del campo a la mesa\",\"url\":\"https:\/\/www.biobio.com.co\/tienda\/\",\"logo\":{\"@type\":\"ImageObject\",\"inLanguage\":\"es\",\"@id\":\"https:\/\/www.biobio.com.co\/tienda\/#\/schema\/logo\/image\/\",\"url\":\"https:\/\/www.biobio.com.co\/tienda\/wp-content\/uploads\/2022\/03\/cropped-logo-biobio.jpg\",\"contentUrl\":\"https:\/\/www.biobio.com.co\/tienda\/wp-content\/uploads\/2022\/03\/cropped-logo-biobio.jpg\",\"width\":822,\"height\":337,\"caption\":\"Bio Bio - Del campo a la mesa\"},\"image\":{\"@id\":\"https:\/\/www.biobio.com.co\/tienda\/#\/schema\/logo\/image\/\"}}]}<\/script>\n<!-- \/ Yoast SEO plugin. -->","yoast_head_json":{"title":"ACEDERA VERDE - Bio Bio - Del campo a la mesa","description":"Las hojas de acedera verde baby, tienen un caracter\u00edstico sabor \u00e1cido aporta a los platos que condimenta un sabor particular","robots":{"index":"index","follow":"follow","max-snippet":"max-snippet:-1","max-image-preview":"max-image-preview:large","max-video-preview":"max-video-preview:-1"},"canonical":"https:\/\/www.biobio.com.co\/tienda\/product\/hojas-acedera-verde-baby-sorrel\/","og_locale":"es_ES","og_type":"article","og_title":"ACEDERA VERDE - Bio Bio - Del campo a la mesa","og_description":"Las hojas de acedera verde baby, tienen un caracter\u00edstico sabor \u00e1cido aporta a los platos que condimenta un sabor particular","og_url":"https:\/\/www.biobio.com.co\/tienda\/product\/hojas-acedera-verde-baby-sorrel\/","og_site_name":"Bio Bio - Del campo a la mesa","article_modified_time":"2025-03-14T03:14:29+00:00","og_image":[{"width":1720,"height":1091,"url":"https:\/\/www.biobio.com.co\/tienda\/wp-content\/uploads\/2022\/04\/Acedera-verde-baby-min-scaled.jpg","type":"image\/jpeg"}],"twitter_card":"summary_large_image","twitter_misc":{"Tiempo de lectura":"1 minuto"},"schema":{"@context":"https:\/\/schema.org","@graph":[{"@type":"WebPage","@id":"https:\/\/www.biobio.com.co\/tienda\/product\/hojas-acedera-verde-baby-sorrel\/","url":"https:\/\/www.biobio.com.co\/tienda\/product\/hojas-acedera-verde-baby-sorrel\/","name":"ACEDERA VERDE - Bio Bio - Del campo a la mesa","isPartOf":{"@id":"https:\/\/www.biobio.com.co\/tienda\/#website"},"primaryImageOfPage":{"@id":"https:\/\/www.biobio.com.co\/tienda\/product\/hojas-acedera-verde-baby-sorrel\/#primaryimage"},"image":{"@id":"https:\/\/www.biobio.com.co\/tienda\/product\/hojas-acedera-verde-baby-sorrel\/#primaryimage"},"thumbnailUrl":"https:\/\/www.biobio.com.co\/tienda\/wp-content\/uploads\/2022\/04\/Acedera-verde-baby-min-scaled.jpg","datePublished":"2020-04-17T23:55:33+00:00","dateModified":"2025-03-14T03:14:29+00:00","description":"Las hojas de acedera verde baby, tienen un caracter\u00edstico sabor \u00e1cido aporta a los platos que condimenta un sabor particular","breadcrumb":{"@id":"https:\/\/www.biobio.com.co\/tienda\/product\/hojas-acedera-verde-baby-sorrel\/#breadcrumb"},"inLanguage":"es","potentialAction":[{"@type":"ReadAction","target":["https:\/\/www.biobio.com.co\/tienda\/product\/hojas-acedera-verde-baby-sorrel\/"]}]},{"@type":"ImageObject","inLanguage":"es","@id":"https:\/\/www.biobio.com.co\/tienda\/product\/hojas-acedera-verde-baby-sorrel\/#primaryimage","url":"https:\/\/www.biobio.com.co\/tienda\/wp-content\/uploads\/2022\/04\/Acedera-verde-baby-min-scaled.jpg","contentUrl":"https:\/\/www.biobio.com.co\/tienda\/wp-content\/uploads\/2022\/04\/Acedera-verde-baby-min-scaled.jpg","width":1720,"height":1091},{"@type":"BreadcrumbList","@id":"https:\/\/www.biobio.com.co\/tienda\/product\/hojas-acedera-verde-baby-sorrel\/#breadcrumb","itemListElement":[{"@type":"ListItem","position":1,"name":"Home","item":"https:\/\/www.biobio.com.co\/tienda\/"},{"@type":"ListItem","position":2,"name":"Nuestra tienda","item":"https:\/\/www.biobio.com.co\/tienda\/nuestra-tienda\/"},{"@type":"ListItem","position":3,"name":"ACEDERA VERDE"}]},{"@type":"WebSite","@id":"https:\/\/www.biobio.com.co\/tienda\/#website","url":"https:\/\/www.biobio.com.co\/tienda\/","name":"Bio Bio - Del campo a la mesa","description":"Tienda","publisher":{"@id":"https:\/\/www.biobio.com.co\/tienda\/#organization"},"potentialAction":[{"@type":"SearchAction","target":{"@type":"EntryPoint","urlTemplate":"https:\/\/www.biobio.com.co\/tienda\/?s={search_term_string}"},"query-input":{"@type":"PropertyValueSpecification","valueRequired":true,"valueName":"search_term_string"}}],"inLanguage":"es"},{"@type":"Organization","@id":"https:\/\/www.biobio.com.co\/tienda\/#organization","name":"Bio Bio - Del campo a la mesa","url":"https:\/\/www.biobio.com.co\/tienda\/","logo":{"@type":"ImageObject","inLanguage":"es","@id":"https:\/\/www.biobio.com.co\/tienda\/#\/schema\/logo\/image\/","url":"https:\/\/www.biobio.com.co\/tienda\/wp-content\/uploads\/2022\/03\/cropped-logo-biobio.jpg","contentUrl":"https:\/\/www.biobio.com.co\/tienda\/wp-content\/uploads\/2022\/03\/cropped-logo-biobio.jpg","width":822,"height":337,"caption":"Bio Bio - Del campo a la mesa"},"image":{"@id":"https:\/\/www.biobio.com.co\/tienda\/#\/schema\/logo\/image\/"}}]}},"_links":{"self":[{"href":"https:\/\/www.biobio.com.co\/tienda\/wp-json\/wp\/v2\/product\/1920","targetHints":{"allow":["GET"]}}],"collection":[{"href":"https:\/\/www.biobio.com.co\/tienda\/wp-json\/wp\/v2\/product"}],"about":[{"href":"https:\/\/www.biobio.com.co\/tienda\/wp-json\/wp\/v2\/types\/product"}],"replies":[{"embeddable":true,"href":"https:\/\/www.biobio.com.co\/tienda\/wp-json\/wp\/v2\/comments?post=1920"}],"wp:featuredmedia":[{"embeddable":true,"href":"https:\/\/www.biobio.com.co\/tienda\/wp-json\/wp\/v2\/media\/4121"}],"wp:attachment":[{"href":"https:\/\/www.biobio.com.co\/tienda\/wp-json\/wp\/v2\/media?parent=1920"}],"wp:term":[{"taxonomy":"product_brand","embeddable":true,"href":"https:\/\/www.biobio.com.co\/tienda\/wp-json\/wp\/v2\/product_brand?post=1920"},{"taxonomy":"product_cat","embeddable":true,"href":"https:\/\/www.biobio.com.co\/tienda\/wp-json\/wp\/v2\/product_cat?post=1920"},{"taxonomy":"product_tag","embeddable":true,"href":"https:\/\/www.biobio.com.co\/tienda\/wp-json\/wp\/v2\/product_tag?post=1920"}],"curies":[{"name":"wp","href":"https:\/\/api.w.org\/{rel}","templated":true}]}}