{"id":1901,"date":"2020-04-17T18:55:28","date_gmt":"2020-04-17T23:55:28","guid":{"rendered":"https:\/\/www.biobio.com.co\/tienda\/index.php\/product\/brocoli\/"},"modified":"2025-03-13T21:54:02","modified_gmt":"2025-03-14T02:54:02","slug":"germinado-de-brocoli","status":"publish","type":"product","link":"https:\/\/www.biobio.com.co\/tienda\/product\/germinado-de-brocoli\/","title":{"rendered":"GERMINADO DE BROCOLI"},"content":{"rendered":"<p class=\"whitespace-pre-wrap\">Los germinados de br\u00f3coli son los diminutos brotes obtenidos tras someter las semillas de br\u00f3coli a un proceso controlado de germinaci\u00f3n. En solo unos d\u00edas se consiguen estos maravillosos brotes de un llamativo color verde esmeralda.<\/p>\n<p class=\"whitespace-pre-wrap\">En su corta vida, los germinados de br\u00f3coli alcanzan una concentraci\u00f3n m\u00e1xima de nutrientes beneficiosos para la salud, muy superior a la que despu\u00e9s tendr\u00e1 el br\u00f3coli adulto. Son una extraordinaria fuente de vitaminas C, E y K. Pero sobre todo, destacan por poseer altos niveles de sulforafano, un potente compuesto antioxidante y anticancer\u00edgeno capaz de neutralizar los radicales libres y proteger las c\u00e9lulas.<\/p>\n<p class=\"whitespace-pre-wrap\">El sabor de los germinados es similar al del br\u00f3coli convencional, con ese caracter\u00edstico toque a nuez, pero resulta mucho m\u00e1s dulce e intenso.<\/p>\n<p class=\"whitespace-pre-wrap\">Estos nutritivos brotes tienen multitud de aplicaciones culinarias. Se pueden consumir en frescos batidos y zumos verdes desintoxicantes o a\u00f1adir crudos a ensaladas y woks para potenciarlos nutritivamente. Tambi\u00e9n resultan ideales para incorporar a cremas y sopas o usar como topping crujiente y decorative sobre pizzas, tartas y otros platos.<\/p>\n","protected":false},"excerpt":{"rendered":"<p>Germinados de br\u00f3coli, brotes de intenso verde con alto contenido en sulforafano antioxidante. M\u00e1s nutrientes que el br\u00f3coli normal. Para ensaladas, woks, sopas o topping crujiente.<\/p>\n","protected":false},"featured_media":4260,"comment_status":"open","ping_status":"closed","template":"","meta":{"site-sidebar-layout":"default","site-content-layout":"default","ast-site-content-layout":"","site-content-style":"default","site-sidebar-style":"default","ast-global-header-display":"","ast-banner-title-visibility":"","ast-main-header-display":"","ast-hfb-above-header-display":"","ast-hfb-below-header-display":"","ast-hfb-mobile-header-display":"","site-post-title":"","ast-breadcrumbs-content":"","ast-featured-img":"","footer-sml-layout":"","theme-transparent-header-meta":"","adv-header-id-meta":"","stick-header-meta":"","header-above-stick-meta":"","header-main-stick-meta":"","header-below-stick-meta":"","astra-migrate-meta-layouts":"default","ast-page-background-enabled":"default","ast-page-background-meta":{"desktop":{"background-color":"var(--ast-global-color-4)","background-image":"","background-repeat":"repeat","background-position":"center center","background-size":"auto","background-attachment":"scroll","background-type":"","background-media":"","overlay-type":"","overlay-color":"","overlay-opacity":"","overlay-gradient":""},"tablet":{"background-color":"","background-image":"","background-repeat":"repeat","background-position":"center center","background-size":"auto","background-attachment":"scroll","background-type":"","background-media":"","overlay-type":"","overlay-color":"","overlay-opacity":"","overlay-gradient":""},"mobile":{"background-color":"","background-image":"","background-repeat":"repeat","background-position":"center center","background-size":"auto","background-attachment":"scroll","background-type":"","background-media":"","overlay-type":"","overlay-color":"","overlay-opacity":"","overlay-gradient":""}},"ast-content-background-meta":{"desktop":{"background-color":"var(--ast-global-color-5)","background-image":"","background-repeat":"repeat","background-position":"center center","background-size":"auto","background-attachment":"scroll","background-type":"","background-media":"","overlay-type":"","overlay-color":"","overlay-opacity":"","overlay-gradient":""},"tablet":{"background-color":"var(--ast-global-color-5)","background-image":"","background-repeat":"repeat","background-position":"center center","background-size":"auto","background-attachment":"scroll","background-type":"","background-media":"","overlay-type":"","overlay-color":"","overlay-opacity":"","overlay-gradient":""},"mobile":{"background-color":"var(--ast-global-color-5)","background-image":"","background-repeat":"repeat","background-position":"center center","background-size":"auto","background-attachment":"scroll","background-type":"","background-media":"","overlay-type":"","overlay-color":"","overlay-opacity":"","overlay-gradient":""}}},"product_brand":[],"product_cat":[139],"product_tag":[148,118],"class_list":{"0":"post-1901","1":"product","2":"type-product","3":"status-publish","4":"has-post-thumbnail","6":"product_cat-germinados","7":"product_tag-germinados-organicos","8":"product_tag-verduras","9":"desktop-align-left","10":"tablet-align-left","11":"mobile-align-left","13":"first","14":"instock","15":"taxable","16":"shipping-taxable","17":"purchasable","18":"product-type-simple"},"yoast_head":"<!-- This site is optimized with the Yoast SEO plugin v24.6 - https:\/\/yoast.com\/wordpress\/plugins\/seo\/ -->\n<title>GERMINADO DE BROCOLI - Bio Bio - Del campo a la mesa<\/title>\n<meta name=\"description\" content=\"Brocoli, conocida por nuestros antepasados por sus propiedades antioxidantes y desintoxicantes en el organismo. Se emplea en ensaladas y pescados\" \/>\n<meta name=\"robots\" content=\"index, follow, max-snippet:-1, max-image-preview:large, max-video-preview:-1\" \/>\n<link rel=\"canonical\" href=\"https:\/\/www.biobio.com.co\/tienda\/product\/germinado-de-brocoli\/\" \/>\n<meta property=\"og:locale\" content=\"es_ES\" \/>\n<meta property=\"og:type\" content=\"article\" \/>\n<meta property=\"og:title\" content=\"GERMINADO DE BROCOLI - Bio Bio - Del campo a la mesa\" \/>\n<meta property=\"og:description\" content=\"Brocoli, conocida por nuestros antepasados por sus propiedades antioxidantes y desintoxicantes en el organismo. Se emplea en ensaladas y pescados\" \/>\n<meta property=\"og:url\" content=\"https:\/\/www.biobio.com.co\/tienda\/product\/germinado-de-brocoli\/\" \/>\n<meta property=\"og:site_name\" content=\"Bio Bio - Del campo a la mesa\" \/>\n<meta property=\"article:modified_time\" content=\"2025-03-14T02:54:02+00:00\" \/>\n<meta property=\"og:image\" content=\"https:\/\/www.biobio.com.co\/tienda\/wp-content\/uploads\/2021\/06\/Germinado-de-Bro\u0301coli-Fondo-Blanco-1-scaled.jpeg\" \/>\n\t<meta property=\"og:image:width\" content=\"1720\" \/>\n\t<meta property=\"og:image:height\" content=\"1069\" \/>\n\t<meta property=\"og:image:type\" content=\"image\/jpeg\" \/>\n<meta name=\"twitter:card\" content=\"summary_large_image\" \/>\n<meta name=\"twitter:label1\" content=\"Tiempo de lectura\" \/>\n\t<meta name=\"twitter:data1\" content=\"1 minuto\" \/>\n<script type=\"application\/ld+json\" class=\"yoast-schema-graph\">{\"@context\":\"https:\/\/schema.org\",\"@graph\":[{\"@type\":\"WebPage\",\"@id\":\"https:\/\/www.biobio.com.co\/tienda\/product\/germinado-de-brocoli\/\",\"url\":\"https:\/\/www.biobio.com.co\/tienda\/product\/germinado-de-brocoli\/\",\"name\":\"GERMINADO DE BROCOLI - Bio Bio - Del campo a la mesa\",\"isPartOf\":{\"@id\":\"https:\/\/www.biobio.com.co\/tienda\/#website\"},\"primaryImageOfPage\":{\"@id\":\"https:\/\/www.biobio.com.co\/tienda\/product\/germinado-de-brocoli\/#primaryimage\"},\"image\":{\"@id\":\"https:\/\/www.biobio.com.co\/tienda\/product\/germinado-de-brocoli\/#primaryimage\"},\"thumbnailUrl\":\"https:\/\/www.biobio.com.co\/tienda\/wp-content\/uploads\/2021\/06\/Germinado-de-Bro\u0301coli-Fondo-Blanco-1-scaled.jpeg\",\"datePublished\":\"2020-04-17T23:55:28+00:00\",\"dateModified\":\"2025-03-14T02:54:02+00:00\",\"description\":\"Brocoli, conocida por nuestros antepasados por sus propiedades antioxidantes y desintoxicantes en el organismo. Se emplea en ensaladas y pescados\",\"breadcrumb\":{\"@id\":\"https:\/\/www.biobio.com.co\/tienda\/product\/germinado-de-brocoli\/#breadcrumb\"},\"inLanguage\":\"es\",\"potentialAction\":[{\"@type\":\"ReadAction\",\"target\":[\"https:\/\/www.biobio.com.co\/tienda\/product\/germinado-de-brocoli\/\"]}]},{\"@type\":\"ImageObject\",\"inLanguage\":\"es\",\"@id\":\"https:\/\/www.biobio.com.co\/tienda\/product\/germinado-de-brocoli\/#primaryimage\",\"url\":\"https:\/\/www.biobio.com.co\/tienda\/wp-content\/uploads\/2021\/06\/Germinado-de-Bro\u0301coli-Fondo-Blanco-1-scaled.jpeg\",\"contentUrl\":\"https:\/\/www.biobio.com.co\/tienda\/wp-content\/uploads\/2021\/06\/Germinado-de-Bro\u0301coli-Fondo-Blanco-1-scaled.jpeg\",\"width\":1720,\"height\":1069},{\"@type\":\"BreadcrumbList\",\"@id\":\"https:\/\/www.biobio.com.co\/tienda\/product\/germinado-de-brocoli\/#breadcrumb\",\"itemListElement\":[{\"@type\":\"ListItem\",\"position\":1,\"name\":\"Home\",\"item\":\"https:\/\/www.biobio.com.co\/tienda\/\"},{\"@type\":\"ListItem\",\"position\":2,\"name\":\"Nuestra tienda\",\"item\":\"https:\/\/www.biobio.com.co\/tienda\/nuestra-tienda\/\"},{\"@type\":\"ListItem\",\"position\":3,\"name\":\"GERMINADO DE BROCOLI\"}]},{\"@type\":\"WebSite\",\"@id\":\"https:\/\/www.biobio.com.co\/tienda\/#website\",\"url\":\"https:\/\/www.biobio.com.co\/tienda\/\",\"name\":\"Bio Bio - Del campo a la mesa\",\"description\":\"Tienda\",\"publisher\":{\"@id\":\"https:\/\/www.biobio.com.co\/tienda\/#organization\"},\"potentialAction\":[{\"@type\":\"SearchAction\",\"target\":{\"@type\":\"EntryPoint\",\"urlTemplate\":\"https:\/\/www.biobio.com.co\/tienda\/?s={search_term_string}\"},\"query-input\":{\"@type\":\"PropertyValueSpecification\",\"valueRequired\":true,\"valueName\":\"search_term_string\"}}],\"inLanguage\":\"es\"},{\"@type\":\"Organization\",\"@id\":\"https:\/\/www.biobio.com.co\/tienda\/#organization\",\"name\":\"Bio Bio - Del campo a la mesa\",\"url\":\"https:\/\/www.biobio.com.co\/tienda\/\",\"logo\":{\"@type\":\"ImageObject\",\"inLanguage\":\"es\",\"@id\":\"https:\/\/www.biobio.com.co\/tienda\/#\/schema\/logo\/image\/\",\"url\":\"https:\/\/www.biobio.com.co\/tienda\/wp-content\/uploads\/2022\/03\/cropped-logo-biobio.jpg\",\"contentUrl\":\"https:\/\/www.biobio.com.co\/tienda\/wp-content\/uploads\/2022\/03\/cropped-logo-biobio.jpg\",\"width\":822,\"height\":337,\"caption\":\"Bio Bio - Del campo a la mesa\"},\"image\":{\"@id\":\"https:\/\/www.biobio.com.co\/tienda\/#\/schema\/logo\/image\/\"}}]}<\/script>\n<!-- \/ Yoast SEO plugin. -->","yoast_head_json":{"title":"GERMINADO DE BROCOLI - Bio Bio - Del campo a la mesa","description":"Brocoli, conocida por nuestros antepasados por sus propiedades antioxidantes y desintoxicantes en el organismo. Se emplea en ensaladas y pescados","robots":{"index":"index","follow":"follow","max-snippet":"max-snippet:-1","max-image-preview":"max-image-preview:large","max-video-preview":"max-video-preview:-1"},"canonical":"https:\/\/www.biobio.com.co\/tienda\/product\/germinado-de-brocoli\/","og_locale":"es_ES","og_type":"article","og_title":"GERMINADO DE BROCOLI - Bio Bio - Del campo a la mesa","og_description":"Brocoli, conocida por nuestros antepasados por sus propiedades antioxidantes y desintoxicantes en el organismo. Se emplea en ensaladas y pescados","og_url":"https:\/\/www.biobio.com.co\/tienda\/product\/germinado-de-brocoli\/","og_site_name":"Bio Bio - Del campo a la mesa","article_modified_time":"2025-03-14T02:54:02+00:00","og_image":[{"width":1720,"height":1069,"url":"https:\/\/www.biobio.com.co\/tienda\/wp-content\/uploads\/2021\/06\/Germinado-de-Bro\u0301coli-Fondo-Blanco-1-scaled.jpeg","type":"image\/jpeg"}],"twitter_card":"summary_large_image","twitter_misc":{"Tiempo de lectura":"1 minuto"},"schema":{"@context":"https:\/\/schema.org","@graph":[{"@type":"WebPage","@id":"https:\/\/www.biobio.com.co\/tienda\/product\/germinado-de-brocoli\/","url":"https:\/\/www.biobio.com.co\/tienda\/product\/germinado-de-brocoli\/","name":"GERMINADO DE BROCOLI - Bio Bio - Del campo a la mesa","isPartOf":{"@id":"https:\/\/www.biobio.com.co\/tienda\/#website"},"primaryImageOfPage":{"@id":"https:\/\/www.biobio.com.co\/tienda\/product\/germinado-de-brocoli\/#primaryimage"},"image":{"@id":"https:\/\/www.biobio.com.co\/tienda\/product\/germinado-de-brocoli\/#primaryimage"},"thumbnailUrl":"https:\/\/www.biobio.com.co\/tienda\/wp-content\/uploads\/2021\/06\/Germinado-de-Bro\u0301coli-Fondo-Blanco-1-scaled.jpeg","datePublished":"2020-04-17T23:55:28+00:00","dateModified":"2025-03-14T02:54:02+00:00","description":"Brocoli, conocida por nuestros antepasados por sus propiedades antioxidantes y desintoxicantes en el organismo. Se emplea en ensaladas y pescados","breadcrumb":{"@id":"https:\/\/www.biobio.com.co\/tienda\/product\/germinado-de-brocoli\/#breadcrumb"},"inLanguage":"es","potentialAction":[{"@type":"ReadAction","target":["https:\/\/www.biobio.com.co\/tienda\/product\/germinado-de-brocoli\/"]}]},{"@type":"ImageObject","inLanguage":"es","@id":"https:\/\/www.biobio.com.co\/tienda\/product\/germinado-de-brocoli\/#primaryimage","url":"https:\/\/www.biobio.com.co\/tienda\/wp-content\/uploads\/2021\/06\/Germinado-de-Bro\u0301coli-Fondo-Blanco-1-scaled.jpeg","contentUrl":"https:\/\/www.biobio.com.co\/tienda\/wp-content\/uploads\/2021\/06\/Germinado-de-Bro\u0301coli-Fondo-Blanco-1-scaled.jpeg","width":1720,"height":1069},{"@type":"BreadcrumbList","@id":"https:\/\/www.biobio.com.co\/tienda\/product\/germinado-de-brocoli\/#breadcrumb","itemListElement":[{"@type":"ListItem","position":1,"name":"Home","item":"https:\/\/www.biobio.com.co\/tienda\/"},{"@type":"ListItem","position":2,"name":"Nuestra tienda","item":"https:\/\/www.biobio.com.co\/tienda\/nuestra-tienda\/"},{"@type":"ListItem","position":3,"name":"GERMINADO DE BROCOLI"}]},{"@type":"WebSite","@id":"https:\/\/www.biobio.com.co\/tienda\/#website","url":"https:\/\/www.biobio.com.co\/tienda\/","name":"Bio Bio - Del campo a la mesa","description":"Tienda","publisher":{"@id":"https:\/\/www.biobio.com.co\/tienda\/#organization"},"potentialAction":[{"@type":"SearchAction","target":{"@type":"EntryPoint","urlTemplate":"https:\/\/www.biobio.com.co\/tienda\/?s={search_term_string}"},"query-input":{"@type":"PropertyValueSpecification","valueRequired":true,"valueName":"search_term_string"}}],"inLanguage":"es"},{"@type":"Organization","@id":"https:\/\/www.biobio.com.co\/tienda\/#organization","name":"Bio Bio - Del campo a la mesa","url":"https:\/\/www.biobio.com.co\/tienda\/","logo":{"@type":"ImageObject","inLanguage":"es","@id":"https:\/\/www.biobio.com.co\/tienda\/#\/schema\/logo\/image\/","url":"https:\/\/www.biobio.com.co\/tienda\/wp-content\/uploads\/2022\/03\/cropped-logo-biobio.jpg","contentUrl":"https:\/\/www.biobio.com.co\/tienda\/wp-content\/uploads\/2022\/03\/cropped-logo-biobio.jpg","width":822,"height":337,"caption":"Bio Bio - Del campo a la mesa"},"image":{"@id":"https:\/\/www.biobio.com.co\/tienda\/#\/schema\/logo\/image\/"}}]}},"_links":{"self":[{"href":"https:\/\/www.biobio.com.co\/tienda\/wp-json\/wp\/v2\/product\/1901","targetHints":{"allow":["GET"]}}],"collection":[{"href":"https:\/\/www.biobio.com.co\/tienda\/wp-json\/wp\/v2\/product"}],"about":[{"href":"https:\/\/www.biobio.com.co\/tienda\/wp-json\/wp\/v2\/types\/product"}],"replies":[{"embeddable":true,"href":"https:\/\/www.biobio.com.co\/tienda\/wp-json\/wp\/v2\/comments?post=1901"}],"wp:featuredmedia":[{"embeddable":true,"href":"https:\/\/www.biobio.com.co\/tienda\/wp-json\/wp\/v2\/media\/4260"}],"wp:attachment":[{"href":"https:\/\/www.biobio.com.co\/tienda\/wp-json\/wp\/v2\/media?parent=1901"}],"wp:term":[{"taxonomy":"product_brand","embeddable":true,"href":"https:\/\/www.biobio.com.co\/tienda\/wp-json\/wp\/v2\/product_brand?post=1901"},{"taxonomy":"product_cat","embeddable":true,"href":"https:\/\/www.biobio.com.co\/tienda\/wp-json\/wp\/v2\/product_cat?post=1901"},{"taxonomy":"product_tag","embeddable":true,"href":"https:\/\/www.biobio.com.co\/tienda\/wp-json\/wp\/v2\/product_tag?post=1901"}],"curies":[{"name":"wp","href":"https:\/\/api.w.org\/{rel}","templated":true}]}}