{"id":1899,"date":"2020-04-17T18:55:26","date_gmt":"2020-04-17T23:55:26","guid":{"rendered":"https:\/\/www.biobio.com.co\/tienda\/index.php\/product\/asiatic-mix\/"},"modified":"2023-09-26T18:19:43","modified_gmt":"2023-09-26T23:19:43","slug":"microgreens-organico-mizuna-green-germinado","status":"publish","type":"product","link":"https:\/\/www.biobio.com.co\/tienda\/product\/microgreens-organico-mizuna-green-germinado\/","title":{"rendered":"GERMINADO MIZUNA"},"content":{"rendered":"<p>Los <strong>MICROGREENS<\/strong> o<strong>\u00a0<\/strong>Germinados est\u00e1n ganando popularidad en esta \u00faltima d\u00e9cada como nuevo ingrediente culinario. El Germinado Mizuna es germinado de origen asi\u00e1tico, picor ligero, tono verde. Es un ingrediente esencial en la gastronom\u00eda, es muy apreciado como condimento sazonador para diversos platos de la cocina, su sabor definido hace que se destaque en la preparaci\u00f3n en que se utilice, com\u00fanmente se emplea como ingrediente para preparar ensaladas, salsas, arroces y como decoraci\u00f3n en pescados, carnes y pollo aportando su sabor caracter\u00edstico.<\/p>\n<p>La ventaja de los Microgreens es su valor nutricional, que gramo por gramo es mucho m\u00e1s alto que en las plantas adultas, con un sabor m\u00e1s concentrado y mayores cantidades de magnesio, potasio, hierro, zinc y polifenoles y otros antioxidantes. Por ejemplo, los niveles de antioxidantes en estas mini plantas son hasta 40 veces m\u00e1s elevados que en las plantas maduras.<\/p>\n","protected":false},"excerpt":{"rendered":"<p>El Germinado Asiatic Mix es germinado de origen asi\u00e1tico, picor ligero, tono verde. Es un ingrediente esencial en la gastronom\u00eda, es muy apreciado como condimento sazonador para diversos platos de la cocina, su sabor definido hace que se destaque en la preparaci\u00f3n en que se utilice, com\u00fanmente se emplea como ingrediente para preparar ensaladas, salsas, arroces y como decoraci\u00f3n en pescados, carnes y pollo aportando su sabor caracter\u00edstico.<\/p>\n","protected":false},"featured_media":2210,"comment_status":"open","ping_status":"closed","template":"","meta":{"site-sidebar-layout":"default","site-content-layout":"default","ast-site-content-layout":"","site-content-style":"default","site-sidebar-style":"default","ast-global-header-display":"","ast-banner-title-visibility":"","ast-main-header-display":"","ast-hfb-above-header-display":"","ast-hfb-below-header-display":"","ast-hfb-mobile-header-display":"","site-post-title":"","ast-breadcrumbs-content":"","ast-featured-img":"","footer-sml-layout":"","theme-transparent-header-meta":"","adv-header-id-meta":"","stick-header-meta":"","header-above-stick-meta":"","header-main-stick-meta":"","header-below-stick-meta":"","astra-migrate-meta-layouts":"default","ast-page-background-enabled":"default","ast-page-background-meta":{"desktop":{"background-color":"var(--ast-global-color-4)","background-image":"","background-repeat":"repeat","background-position":"center center","background-size":"auto","background-attachment":"scroll","background-type":"","background-media":"","overlay-type":"","overlay-color":"","overlay-opacity":"","overlay-gradient":""},"tablet":{"background-color":"","background-image":"","background-repeat":"repeat","background-position":"center center","background-size":"auto","background-attachment":"scroll","background-type":"","background-media":"","overlay-type":"","overlay-color":"","overlay-opacity":"","overlay-gradient":""},"mobile":{"background-color":"","background-image":"","background-repeat":"repeat","background-position":"center center","background-size":"auto","background-attachment":"scroll","background-type":"","background-media":"","overlay-type":"","overlay-color":"","overlay-opacity":"","overlay-gradient":""}},"ast-content-background-meta":{"desktop":{"background-color":"var(--ast-global-color-5)","background-image":"","background-repeat":"repeat","background-position":"center center","background-size":"auto","background-attachment":"scroll","background-type":"","background-media":"","overlay-type":"","overlay-color":"","overlay-opacity":"","overlay-gradient":""},"tablet":{"background-color":"var(--ast-global-color-5)","background-image":"","background-repeat":"repeat","background-position":"center center","background-size":"auto","background-attachment":"scroll","background-type":"","background-media":"","overlay-type":"","overlay-color":"","overlay-opacity":"","overlay-gradient":""},"mobile":{"background-color":"var(--ast-global-color-5)","background-image":"","background-repeat":"repeat","background-position":"center center","background-size":"auto","background-attachment":"scroll","background-type":"","background-media":"","overlay-type":"","overlay-color":"","overlay-opacity":"","overlay-gradient":""}}},"product_brand":[],"product_cat":[139],"product_tag":[148,118],"class_list":{"0":"post-1899","1":"product","2":"type-product","3":"status-publish","4":"has-post-thumbnail","6":"product_cat-germinados","7":"product_tag-germinados-organicos","8":"product_tag-verduras","9":"desktop-align-left","10":"tablet-align-left","11":"mobile-align-left","13":"first","14":"outofstock","15":"taxable","16":"shipping-taxable","17":"purchasable","18":"product-type-simple"},"yoast_head":"<!-- This site is optimized with the Yoast SEO plugin v24.6 - https:\/\/yoast.com\/wordpress\/plugins\/seo\/ -->\n<title>GERMINADO MIZUNA - Bio Bio - Del campo a la mesa<\/title>\n<meta name=\"description\" content=\"El Germinado de Mizuna es germinado de origen asi\u00e1tico, picor ligero, tono verde, con alto valor proteico, usado para decoraci\u00f3n de todo tipo de platos\" \/>\n<meta name=\"robots\" content=\"index, follow, max-snippet:-1, max-image-preview:large, max-video-preview:-1\" \/>\n<link rel=\"canonical\" href=\"https:\/\/www.biobio.com.co\/tienda\/product\/microgreens-organico-mizuna-green-germinado\/\" \/>\n<meta property=\"og:locale\" content=\"es_ES\" \/>\n<meta property=\"og:type\" content=\"article\" \/>\n<meta property=\"og:title\" content=\"GERMINADO MIZUNA - Bio Bio - Del campo a la mesa\" \/>\n<meta property=\"og:description\" content=\"El Germinado de Mizuna es germinado de origen asi\u00e1tico, picor ligero, tono verde, con alto valor proteico, usado para decoraci\u00f3n de todo tipo de platos\" \/>\n<meta property=\"og:url\" content=\"https:\/\/www.biobio.com.co\/tienda\/product\/microgreens-organico-mizuna-green-germinado\/\" \/>\n<meta property=\"og:site_name\" content=\"Bio Bio - Del campo a la mesa\" \/>\n<meta property=\"article:modified_time\" content=\"2023-09-26T23:19:43+00:00\" \/>\n<meta property=\"og:image\" content=\"https:\/\/www.biobio.com.co\/tienda\/wp-content\/uploads\/2020\/04\/Asiatic-Mix.jpg\" \/>\n\t<meta property=\"og:image:width\" content=\"1000\" \/>\n\t<meta property=\"og:image:height\" content=\"1000\" \/>\n\t<meta property=\"og:image:type\" content=\"image\/jpeg\" \/>\n<meta name=\"twitter:card\" content=\"summary_large_image\" \/>\n<meta name=\"twitter:label1\" content=\"Tiempo de lectura\" \/>\n\t<meta name=\"twitter:data1\" content=\"1 minuto\" \/>\n<script type=\"application\/ld+json\" class=\"yoast-schema-graph\">{\"@context\":\"https:\/\/schema.org\",\"@graph\":[{\"@type\":\"WebPage\",\"@id\":\"https:\/\/www.biobio.com.co\/tienda\/product\/microgreens-organico-mizuna-green-germinado\/\",\"url\":\"https:\/\/www.biobio.com.co\/tienda\/product\/microgreens-organico-mizuna-green-germinado\/\",\"name\":\"GERMINADO MIZUNA - Bio Bio - Del campo a la mesa\",\"isPartOf\":{\"@id\":\"https:\/\/www.biobio.com.co\/tienda\/#website\"},\"primaryImageOfPage\":{\"@id\":\"https:\/\/www.biobio.com.co\/tienda\/product\/microgreens-organico-mizuna-green-germinado\/#primaryimage\"},\"image\":{\"@id\":\"https:\/\/www.biobio.com.co\/tienda\/product\/microgreens-organico-mizuna-green-germinado\/#primaryimage\"},\"thumbnailUrl\":\"https:\/\/www.biobio.com.co\/tienda\/wp-content\/uploads\/2020\/04\/Asiatic-Mix.jpg\",\"datePublished\":\"2020-04-17T23:55:26+00:00\",\"dateModified\":\"2023-09-26T23:19:43+00:00\",\"description\":\"El Germinado de Mizuna es germinado de origen asi\u00e1tico, picor ligero, tono verde, con alto valor proteico, usado para decoraci\u00f3n de todo tipo de platos\",\"breadcrumb\":{\"@id\":\"https:\/\/www.biobio.com.co\/tienda\/product\/microgreens-organico-mizuna-green-germinado\/#breadcrumb\"},\"inLanguage\":\"es\",\"potentialAction\":[{\"@type\":\"ReadAction\",\"target\":[\"https:\/\/www.biobio.com.co\/tienda\/product\/microgreens-organico-mizuna-green-germinado\/\"]}]},{\"@type\":\"ImageObject\",\"inLanguage\":\"es\",\"@id\":\"https:\/\/www.biobio.com.co\/tienda\/product\/microgreens-organico-mizuna-green-germinado\/#primaryimage\",\"url\":\"https:\/\/www.biobio.com.co\/tienda\/wp-content\/uploads\/2020\/04\/Asiatic-Mix.jpg\",\"contentUrl\":\"https:\/\/www.biobio.com.co\/tienda\/wp-content\/uploads\/2020\/04\/Asiatic-Mix.jpg\",\"width\":1000,\"height\":1000,\"caption\":\"Asiatic Mix\"},{\"@type\":\"BreadcrumbList\",\"@id\":\"https:\/\/www.biobio.com.co\/tienda\/product\/microgreens-organico-mizuna-green-germinado\/#breadcrumb\",\"itemListElement\":[{\"@type\":\"ListItem\",\"position\":1,\"name\":\"Home\",\"item\":\"https:\/\/www.biobio.com.co\/tienda\/\"},{\"@type\":\"ListItem\",\"position\":2,\"name\":\"Nuestra tienda\",\"item\":\"https:\/\/www.biobio.com.co\/tienda\/nuestra-tienda\/\"},{\"@type\":\"ListItem\",\"position\":3,\"name\":\"GERMINADO MIZUNA\"}]},{\"@type\":\"WebSite\",\"@id\":\"https:\/\/www.biobio.com.co\/tienda\/#website\",\"url\":\"https:\/\/www.biobio.com.co\/tienda\/\",\"name\":\"Bio Bio - Del campo a la mesa\",\"description\":\"Tienda\",\"publisher\":{\"@id\":\"https:\/\/www.biobio.com.co\/tienda\/#organization\"},\"potentialAction\":[{\"@type\":\"SearchAction\",\"target\":{\"@type\":\"EntryPoint\",\"urlTemplate\":\"https:\/\/www.biobio.com.co\/tienda\/?s={search_term_string}\"},\"query-input\":{\"@type\":\"PropertyValueSpecification\",\"valueRequired\":true,\"valueName\":\"search_term_string\"}}],\"inLanguage\":\"es\"},{\"@type\":\"Organization\",\"@id\":\"https:\/\/www.biobio.com.co\/tienda\/#organization\",\"name\":\"Bio Bio - Del campo a la mesa\",\"url\":\"https:\/\/www.biobio.com.co\/tienda\/\",\"logo\":{\"@type\":\"ImageObject\",\"inLanguage\":\"es\",\"@id\":\"https:\/\/www.biobio.com.co\/tienda\/#\/schema\/logo\/image\/\",\"url\":\"https:\/\/www.biobio.com.co\/tienda\/wp-content\/uploads\/2022\/03\/cropped-logo-biobio.jpg\",\"contentUrl\":\"https:\/\/www.biobio.com.co\/tienda\/wp-content\/uploads\/2022\/03\/cropped-logo-biobio.jpg\",\"width\":822,\"height\":337,\"caption\":\"Bio Bio - Del campo a la mesa\"},\"image\":{\"@id\":\"https:\/\/www.biobio.com.co\/tienda\/#\/schema\/logo\/image\/\"}}]}<\/script>\n<!-- \/ Yoast SEO plugin. -->","yoast_head_json":{"title":"GERMINADO MIZUNA - Bio Bio - Del campo a la mesa","description":"El Germinado de Mizuna es germinado de origen asi\u00e1tico, picor ligero, tono verde, con alto valor proteico, usado para decoraci\u00f3n de todo tipo de platos","robots":{"index":"index","follow":"follow","max-snippet":"max-snippet:-1","max-image-preview":"max-image-preview:large","max-video-preview":"max-video-preview:-1"},"canonical":"https:\/\/www.biobio.com.co\/tienda\/product\/microgreens-organico-mizuna-green-germinado\/","og_locale":"es_ES","og_type":"article","og_title":"GERMINADO MIZUNA - Bio Bio - Del campo a la mesa","og_description":"El Germinado de Mizuna es germinado de origen asi\u00e1tico, picor ligero, tono verde, con alto valor proteico, usado para decoraci\u00f3n de todo tipo de platos","og_url":"https:\/\/www.biobio.com.co\/tienda\/product\/microgreens-organico-mizuna-green-germinado\/","og_site_name":"Bio Bio - Del campo a la mesa","article_modified_time":"2023-09-26T23:19:43+00:00","og_image":[{"width":1000,"height":1000,"url":"https:\/\/www.biobio.com.co\/tienda\/wp-content\/uploads\/2020\/04\/Asiatic-Mix.jpg","type":"image\/jpeg"}],"twitter_card":"summary_large_image","twitter_misc":{"Tiempo de lectura":"1 minuto"},"schema":{"@context":"https:\/\/schema.org","@graph":[{"@type":"WebPage","@id":"https:\/\/www.biobio.com.co\/tienda\/product\/microgreens-organico-mizuna-green-germinado\/","url":"https:\/\/www.biobio.com.co\/tienda\/product\/microgreens-organico-mizuna-green-germinado\/","name":"GERMINADO MIZUNA - Bio Bio - Del campo a la mesa","isPartOf":{"@id":"https:\/\/www.biobio.com.co\/tienda\/#website"},"primaryImageOfPage":{"@id":"https:\/\/www.biobio.com.co\/tienda\/product\/microgreens-organico-mizuna-green-germinado\/#primaryimage"},"image":{"@id":"https:\/\/www.biobio.com.co\/tienda\/product\/microgreens-organico-mizuna-green-germinado\/#primaryimage"},"thumbnailUrl":"https:\/\/www.biobio.com.co\/tienda\/wp-content\/uploads\/2020\/04\/Asiatic-Mix.jpg","datePublished":"2020-04-17T23:55:26+00:00","dateModified":"2023-09-26T23:19:43+00:00","description":"El Germinado de Mizuna es germinado de origen asi\u00e1tico, picor ligero, tono verde, con alto valor proteico, usado para decoraci\u00f3n de todo tipo de platos","breadcrumb":{"@id":"https:\/\/www.biobio.com.co\/tienda\/product\/microgreens-organico-mizuna-green-germinado\/#breadcrumb"},"inLanguage":"es","potentialAction":[{"@type":"ReadAction","target":["https:\/\/www.biobio.com.co\/tienda\/product\/microgreens-organico-mizuna-green-germinado\/"]}]},{"@type":"ImageObject","inLanguage":"es","@id":"https:\/\/www.biobio.com.co\/tienda\/product\/microgreens-organico-mizuna-green-germinado\/#primaryimage","url":"https:\/\/www.biobio.com.co\/tienda\/wp-content\/uploads\/2020\/04\/Asiatic-Mix.jpg","contentUrl":"https:\/\/www.biobio.com.co\/tienda\/wp-content\/uploads\/2020\/04\/Asiatic-Mix.jpg","width":1000,"height":1000,"caption":"Asiatic Mix"},{"@type":"BreadcrumbList","@id":"https:\/\/www.biobio.com.co\/tienda\/product\/microgreens-organico-mizuna-green-germinado\/#breadcrumb","itemListElement":[{"@type":"ListItem","position":1,"name":"Home","item":"https:\/\/www.biobio.com.co\/tienda\/"},{"@type":"ListItem","position":2,"name":"Nuestra tienda","item":"https:\/\/www.biobio.com.co\/tienda\/nuestra-tienda\/"},{"@type":"ListItem","position":3,"name":"GERMINADO MIZUNA"}]},{"@type":"WebSite","@id":"https:\/\/www.biobio.com.co\/tienda\/#website","url":"https:\/\/www.biobio.com.co\/tienda\/","name":"Bio Bio - Del campo a la mesa","description":"Tienda","publisher":{"@id":"https:\/\/www.biobio.com.co\/tienda\/#organization"},"potentialAction":[{"@type":"SearchAction","target":{"@type":"EntryPoint","urlTemplate":"https:\/\/www.biobio.com.co\/tienda\/?s={search_term_string}"},"query-input":{"@type":"PropertyValueSpecification","valueRequired":true,"valueName":"search_term_string"}}],"inLanguage":"es"},{"@type":"Organization","@id":"https:\/\/www.biobio.com.co\/tienda\/#organization","name":"Bio Bio - Del campo a la mesa","url":"https:\/\/www.biobio.com.co\/tienda\/","logo":{"@type":"ImageObject","inLanguage":"es","@id":"https:\/\/www.biobio.com.co\/tienda\/#\/schema\/logo\/image\/","url":"https:\/\/www.biobio.com.co\/tienda\/wp-content\/uploads\/2022\/03\/cropped-logo-biobio.jpg","contentUrl":"https:\/\/www.biobio.com.co\/tienda\/wp-content\/uploads\/2022\/03\/cropped-logo-biobio.jpg","width":822,"height":337,"caption":"Bio Bio - Del campo a la mesa"},"image":{"@id":"https:\/\/www.biobio.com.co\/tienda\/#\/schema\/logo\/image\/"}}]}},"_links":{"self":[{"href":"https:\/\/www.biobio.com.co\/tienda\/wp-json\/wp\/v2\/product\/1899","targetHints":{"allow":["GET"]}}],"collection":[{"href":"https:\/\/www.biobio.com.co\/tienda\/wp-json\/wp\/v2\/product"}],"about":[{"href":"https:\/\/www.biobio.com.co\/tienda\/wp-json\/wp\/v2\/types\/product"}],"replies":[{"embeddable":true,"href":"https:\/\/www.biobio.com.co\/tienda\/wp-json\/wp\/v2\/comments?post=1899"}],"wp:featuredmedia":[{"embeddable":true,"href":"https:\/\/www.biobio.com.co\/tienda\/wp-json\/wp\/v2\/media\/2210"}],"wp:attachment":[{"href":"https:\/\/www.biobio.com.co\/tienda\/wp-json\/wp\/v2\/media?parent=1899"}],"wp:term":[{"taxonomy":"product_brand","embeddable":true,"href":"https:\/\/www.biobio.com.co\/tienda\/wp-json\/wp\/v2\/product_brand?post=1899"},{"taxonomy":"product_cat","embeddable":true,"href":"https:\/\/www.biobio.com.co\/tienda\/wp-json\/wp\/v2\/product_cat?post=1899"},{"taxonomy":"product_tag","embeddable":true,"href":"https:\/\/www.biobio.com.co\/tienda\/wp-json\/wp\/v2\/product_tag?post=1899"}],"curies":[{"name":"wp","href":"https:\/\/api.w.org\/{rel}","templated":true}]}}