{"id":781,"date":"2017-02-09T08:45:13","date_gmt":"2017-02-09T08:45:13","guid":{"rendered":"http:\/\/dummy.xtemos.com\/basel\/vers\/?page_id=781"},"modified":"2020-05-28T08:32:33","modified_gmt":"2020-05-28T13:32:33","slug":"sobre-bio-bio","status":"publish","type":"page","link":"https:\/\/www.biobio.com.co\/tienda\/sobre-bio-bio\/","title":{"rendered":"Sobre Bio Bio"},"content":{"rendered":"<div class=\"wpb-content-wrapper\"><p>[vc_row full_width=\u00bbstretch_row_content_no_spaces\u00bb content_placement=\u00bbmiddle\u00bb css=\u00bb.vc_custom_1451486211770{margin-top: -40px !important;margin-bottom: -40px !important;}\u00bb][vc_column offset=\u00bbvc_col-md-6&#8243;][vc_single_image image=\u00bb2080&#8243; img_size=\u00bbfull\u00bb alignment=\u00bbcenter\u00bb css=\u00bb.vc_custom_1588530913427{margin-bottom: 0px !important;}\u00bb][\/vc_column][vc_column css=\u00bb.vc_custom_1485009354843{margin-top: 25px !important;margin-bottom: 40px !important;padding-right: 10% !important;padding-left: 10% !important;}\u00bb offset=\u00bbvc_col-md-6&#8243;][vc_column_text css=\u00bb.vc_custom_1590672205589{margin-bottom: 30px !important;}\u00bb]<\/p>\n<h1 class=\"font-title\" style=\"text-align: center; font-size: 42px; text-transform: capitalize;\">Sobre BIO BIO<\/h1>\n<p>[\/vc_column_text][vc_column_text css=\u00bb.vc_custom_1590672747181{padding-right: 30px !important;padding-left: 30px !important;}\u00bb]<\/p>\n<p style=\"text-align: center; line-height: 1.8;\"><strong>BIO BIO S.A.S<\/strong> es una compa\u00f1\u00eda dedicada a la producci\u00f3n y comercializaci\u00f3n de <strong>Germinados, Hortalizas de hoja, hortalizas de fruto y flores comestibles<\/strong>, cultivados org\u00e1nicamente.<\/p>\n<p style=\"text-align: center; line-height: 1.8;\">Por m\u00e1s de doce a\u00f1os hemos implementado en nuestros cultivos los m\u00e1s rigurosos est\u00e1ndares de <strong>agricultura org\u00e1nica, libre de venenos y aditivos qu\u00edmicos<\/strong>, garantizando procesos de <strong>producci\u00f3n amigables con el medio ambiente<\/strong> y obteniendo como resultado <strong>productos naturales y sanos.<\/strong><\/p>\n<p style=\"text-align: center; line-height: 1.8;\">La actualidad de la gastronom\u00eda a nivel mundial demanda diversidad de productos para sus recetas, <strong>BIO BIO S.A.S<\/strong> dispone de productos <strong>nutritivos, saludables y frescos<\/strong> que pueden ser consumidos por <strong>Chefs profesionales, especialistas Gourmet, establecimientos y hogares que busquen alimentarse sanamente.<\/strong><\/p>\n<p>&nbsp;<\/p>\n<blockquote style=\"text-align: center;\"><p><em>Constru\u00edmos un planeta org\u00e1nico, una tierra en paz y un mundo mejor<\/em><\/p><\/blockquote>\n<p>[\/vc_column_text][social_buttons style=\"circle\"][\/vc_column][\/vc_row]<\/p>\n<\/div>","protected":false},"excerpt":{"rendered":"<p>[vc_row full_width=\u00bbstretch_row_content_no_spaces\u00bb content_placement=\u00bbmiddle\u00bb css=\u00bb.vc_custom_1451486211770{margin-top: -40px !important;margin-bottom: -40px !important;}\u00bb][vc_column offset=\u00bbvc_col-md-6&#8243;][vc_single_image image=\u00bb2080&#8243; img_size=\u00bbfull\u00bb alignment=\u00bbcenter\u00bb css=\u00bb.vc_custom_1588530913427{margin-bottom: 0px !important;}\u00bb][\/vc_column][vc_column css=\u00bb.vc_custom_1485009354843{margin-top: 25px !important;margin-bottom: 40px !important;padding-right: 10% !important;padding-left: 10% !important;}\u00bb offset=\u00bbvc_col-md-6&#8243;][vc_column_text css=\u00bb.vc_custom_1590672205589{margin-bottom: 30px !important;}\u00bb] Sobre BIO BIO [\/vc_column_text][vc_column_text css=\u00bb.vc_custom_1590672747181{padding-right: 30px !important;padding-left: 30px !important;}\u00bb] BIO BIO S.A.S es una compa\u00f1\u00eda dedicada a la producci\u00f3n y comercializaci\u00f3n de Germinados, Hortalizas de hoja, hortalizas [&hellip;]<\/p>\n","protected":false},"author":1,"featured_media":0,"parent":0,"menu_order":0,"comment_status":"closed","ping_status":"closed","template":"","meta":{"site-sidebar-layout":"no-sidebar","site-content-layout":"plain-container","ast-site-content-layout":"","site-content-style":"default","site-sidebar-style":"default","ast-global-header-display":"","ast-banner-title-visibility":"","ast-main-header-display":"","ast-hfb-above-header-display":"","ast-hfb-below-header-display":"","ast-hfb-mobile-header-display":"","site-post-title":"disabled","ast-breadcrumbs-content":"","ast-featured-img":"disabled","footer-sml-layout":"","theme-transparent-header-meta":"","adv-header-id-meta":"","stick-header-meta":"","header-above-stick-meta":"","header-main-stick-meta":"","header-below-stick-meta":"","astra-migrate-meta-layouts":"default","ast-page-background-enabled":"default","ast-page-background-meta":{"desktop":{"background-color":"var(--ast-global-color-4)","background-image":"","background-repeat":"repeat","background-position":"center center","background-size":"auto","background-attachment":"scroll","background-type":"","background-media":"","overlay-type":"","overlay-color":"","overlay-opacity":"","overlay-gradient":""},"tablet":{"background-color":"","background-image":"","background-repeat":"repeat","background-position":"center center","background-size":"auto","background-attachment":"scroll","background-type":"","background-media":"","overlay-type":"","overlay-color":"","overlay-opacity":"","overlay-gradient":""},"mobile":{"background-color":"","background-image":"","background-repeat":"repeat","background-position":"center center","background-size":"auto","background-attachment":"scroll","background-type":"","background-media":"","overlay-type":"","overlay-color":"","overlay-opacity":"","overlay-gradient":""}},"ast-content-background-meta":{"desktop":{"background-color":"var(--ast-global-color-5)","background-image":"","background-repeat":"repeat","background-position":"center center","background-size":"auto","background-attachment":"scroll","background-type":"","background-media":"","overlay-type":"","overlay-color":"","overlay-opacity":"","overlay-gradient":""},"tablet":{"background-color":"var(--ast-global-color-5)","background-image":"","background-repeat":"repeat","background-position":"center center","background-size":"auto","background-attachment":"scroll","background-type":"","background-media":"","overlay-type":"","overlay-color":"","overlay-opacity":"","overlay-gradient":""},"mobile":{"background-color":"var(--ast-global-color-5)","background-image":"","background-repeat":"repeat","background-position":"center center","background-size":"auto","background-attachment":"scroll","background-type":"","background-media":"","overlay-type":"","overlay-color":"","overlay-opacity":"","overlay-gradient":""}},"footnotes":""},"class_list":["post-781","page","type-page","status-publish","hentry"],"yoast_head":"<!-- This site is optimized with the Yoast SEO plugin v24.6 - https:\/\/yoast.com\/wordpress\/plugins\/seo\/ -->\n<title>Sobre Bio Bio - Bio Bio - Del campo a la mesa<\/title>\n<meta name=\"robots\" content=\"index, follow, max-snippet:-1, max-image-preview:large, max-video-preview:-1\" \/>\n<link rel=\"canonical\" href=\"https:\/\/www.biobio.com.co\/tienda\/sobre-bio-bio\/\" \/>\n<meta property=\"og:locale\" content=\"es_ES\" \/>\n<meta property=\"og:type\" content=\"article\" \/>\n<meta property=\"og:title\" content=\"Sobre Bio Bio - Bio Bio - Del campo a la mesa\" \/>\n<meta property=\"og:description\" content=\"[vc_row full_width=\u00bbstretch_row_content_no_spaces\u00bb content_placement=\u00bbmiddle\u00bb css=\u00bb.vc_custom_1451486211770{margin-top: -40px !important;margin-bottom: -40px !important;}\u00bb][vc_column offset=\u00bbvc_col-md-6&#8243;][vc_single_image image=\u00bb2080&#8243; img_size=\u00bbfull\u00bb alignment=\u00bbcenter\u00bb css=\u00bb.vc_custom_1588530913427{margin-bottom: 0px !important;}\u00bb][\/vc_column][vc_column css=\u00bb.vc_custom_1485009354843{margin-top: 25px !important;margin-bottom: 40px !important;padding-right: 10% !important;padding-left: 10% !important;}\u00bb offset=\u00bbvc_col-md-6&#8243;][vc_column_text css=\u00bb.vc_custom_1590672205589{margin-bottom: 30px !important;}\u00bb] Sobre BIO BIO [\/vc_column_text][vc_column_text css=\u00bb.vc_custom_1590672747181{padding-right: 30px !important;padding-left: 30px !important;}\u00bb] BIO BIO S.A.S es una compa\u00f1\u00eda dedicada a la producci\u00f3n y comercializaci\u00f3n de Germinados, Hortalizas de hoja, hortalizas [&hellip;]\" \/>\n<meta property=\"og:url\" content=\"https:\/\/www.biobio.com.co\/tienda\/sobre-bio-bio\/\" \/>\n<meta property=\"og:site_name\" content=\"Bio Bio - Del campo a la mesa\" \/>\n<meta property=\"article:modified_time\" content=\"2020-05-28T13:32:33+00:00\" \/>\n<meta name=\"twitter:card\" content=\"summary_large_image\" \/>\n<meta name=\"twitter:label1\" content=\"Tiempo de lectura\" \/>\n\t<meta name=\"twitter:data1\" content=\"1 minuto\" \/>\n<script type=\"application\/ld+json\" class=\"yoast-schema-graph\">{\"@context\":\"https:\/\/schema.org\",\"@graph\":[{\"@type\":\"WebPage\",\"@id\":\"https:\/\/www.biobio.com.co\/tienda\/sobre-bio-bio\/\",\"url\":\"https:\/\/www.biobio.com.co\/tienda\/sobre-bio-bio\/\",\"name\":\"Sobre Bio Bio - Bio Bio - Del campo a la mesa\",\"isPartOf\":{\"@id\":\"https:\/\/www.biobio.com.co\/tienda\/#website\"},\"datePublished\":\"2017-02-09T08:45:13+00:00\",\"dateModified\":\"2020-05-28T13:32:33+00:00\",\"breadcrumb\":{\"@id\":\"https:\/\/www.biobio.com.co\/tienda\/sobre-bio-bio\/#breadcrumb\"},\"inLanguage\":\"es\",\"potentialAction\":[{\"@type\":\"ReadAction\",\"target\":[\"https:\/\/www.biobio.com.co\/tienda\/sobre-bio-bio\/\"]}]},{\"@type\":\"BreadcrumbList\",\"@id\":\"https:\/\/www.biobio.com.co\/tienda\/sobre-bio-bio\/#breadcrumb\",\"itemListElement\":[{\"@type\":\"ListItem\",\"position\":1,\"name\":\"Home\",\"item\":\"https:\/\/www.biobio.com.co\/tienda\/\"},{\"@type\":\"ListItem\",\"position\":2,\"name\":\"Sobre Bio Bio\"}]},{\"@type\":\"WebSite\",\"@id\":\"https:\/\/www.biobio.com.co\/tienda\/#website\",\"url\":\"https:\/\/www.biobio.com.co\/tienda\/\",\"name\":\"Bio Bio - Del campo a la mesa\",\"description\":\"Tienda\",\"publisher\":{\"@id\":\"https:\/\/www.biobio.com.co\/tienda\/#organization\"},\"potentialAction\":[{\"@type\":\"SearchAction\",\"target\":{\"@type\":\"EntryPoint\",\"urlTemplate\":\"https:\/\/www.biobio.com.co\/tienda\/?s={search_term_string}\"},\"query-input\":{\"@type\":\"PropertyValueSpecification\",\"valueRequired\":true,\"valueName\":\"search_term_string\"}}],\"inLanguage\":\"es\"},{\"@type\":\"Organization\",\"@id\":\"https:\/\/www.biobio.com.co\/tienda\/#organization\",\"name\":\"Bio Bio - Del campo a la mesa\",\"url\":\"https:\/\/www.biobio.com.co\/tienda\/\",\"logo\":{\"@type\":\"ImageObject\",\"inLanguage\":\"es\",\"@id\":\"https:\/\/www.biobio.com.co\/tienda\/#\/schema\/logo\/image\/\",\"url\":\"https:\/\/www.biobio.com.co\/tienda\/wp-content\/uploads\/2022\/03\/cropped-logo-biobio.jpg\",\"contentUrl\":\"https:\/\/www.biobio.com.co\/tienda\/wp-content\/uploads\/2022\/03\/cropped-logo-biobio.jpg\",\"width\":822,\"height\":337,\"caption\":\"Bio Bio - Del campo a la mesa\"},\"image\":{\"@id\":\"https:\/\/www.biobio.com.co\/tienda\/#\/schema\/logo\/image\/\"}}]}<\/script>\n<!-- \/ Yoast SEO plugin. -->","yoast_head_json":{"title":"Sobre Bio Bio - Bio Bio - Del campo a la mesa","robots":{"index":"index","follow":"follow","max-snippet":"max-snippet:-1","max-image-preview":"max-image-preview:large","max-video-preview":"max-video-preview:-1"},"canonical":"https:\/\/www.biobio.com.co\/tienda\/sobre-bio-bio\/","og_locale":"es_ES","og_type":"article","og_title":"Sobre Bio Bio - Bio Bio - Del campo a la mesa","og_description":"[vc_row full_width=\u00bbstretch_row_content_no_spaces\u00bb content_placement=\u00bbmiddle\u00bb css=\u00bb.vc_custom_1451486211770{margin-top: -40px !important;margin-bottom: -40px !important;}\u00bb][vc_column offset=\u00bbvc_col-md-6&#8243;][vc_single_image image=\u00bb2080&#8243; img_size=\u00bbfull\u00bb alignment=\u00bbcenter\u00bb css=\u00bb.vc_custom_1588530913427{margin-bottom: 0px !important;}\u00bb][\/vc_column][vc_column css=\u00bb.vc_custom_1485009354843{margin-top: 25px !important;margin-bottom: 40px !important;padding-right: 10% !important;padding-left: 10% !important;}\u00bb offset=\u00bbvc_col-md-6&#8243;][vc_column_text css=\u00bb.vc_custom_1590672205589{margin-bottom: 30px !important;}\u00bb] Sobre BIO BIO [\/vc_column_text][vc_column_text css=\u00bb.vc_custom_1590672747181{padding-right: 30px !important;padding-left: 30px !important;}\u00bb] BIO BIO S.A.S es una compa\u00f1\u00eda dedicada a la producci\u00f3n y comercializaci\u00f3n de Germinados, Hortalizas de hoja, hortalizas [&hellip;]","og_url":"https:\/\/www.biobio.com.co\/tienda\/sobre-bio-bio\/","og_site_name":"Bio Bio - Del campo a la mesa","article_modified_time":"2020-05-28T13:32:33+00:00","twitter_card":"summary_large_image","twitter_misc":{"Tiempo de lectura":"1 minuto"},"schema":{"@context":"https:\/\/schema.org","@graph":[{"@type":"WebPage","@id":"https:\/\/www.biobio.com.co\/tienda\/sobre-bio-bio\/","url":"https:\/\/www.biobio.com.co\/tienda\/sobre-bio-bio\/","name":"Sobre Bio Bio - Bio Bio - Del campo a la mesa","isPartOf":{"@id":"https:\/\/www.biobio.com.co\/tienda\/#website"},"datePublished":"2017-02-09T08:45:13+00:00","dateModified":"2020-05-28T13:32:33+00:00","breadcrumb":{"@id":"https:\/\/www.biobio.com.co\/tienda\/sobre-bio-bio\/#breadcrumb"},"inLanguage":"es","potentialAction":[{"@type":"ReadAction","target":["https:\/\/www.biobio.com.co\/tienda\/sobre-bio-bio\/"]}]},{"@type":"BreadcrumbList","@id":"https:\/\/www.biobio.com.co\/tienda\/sobre-bio-bio\/#breadcrumb","itemListElement":[{"@type":"ListItem","position":1,"name":"Home","item":"https:\/\/www.biobio.com.co\/tienda\/"},{"@type":"ListItem","position":2,"name":"Sobre Bio Bio"}]},{"@type":"WebSite","@id":"https:\/\/www.biobio.com.co\/tienda\/#website","url":"https:\/\/www.biobio.com.co\/tienda\/","name":"Bio Bio - Del campo a la mesa","description":"Tienda","publisher":{"@id":"https:\/\/www.biobio.com.co\/tienda\/#organization"},"potentialAction":[{"@type":"SearchAction","target":{"@type":"EntryPoint","urlTemplate":"https:\/\/www.biobio.com.co\/tienda\/?s={search_term_string}"},"query-input":{"@type":"PropertyValueSpecification","valueRequired":true,"valueName":"search_term_string"}}],"inLanguage":"es"},{"@type":"Organization","@id":"https:\/\/www.biobio.com.co\/tienda\/#organization","name":"Bio Bio - Del campo a la mesa","url":"https:\/\/www.biobio.com.co\/tienda\/","logo":{"@type":"ImageObject","inLanguage":"es","@id":"https:\/\/www.biobio.com.co\/tienda\/#\/schema\/logo\/image\/","url":"https:\/\/www.biobio.com.co\/tienda\/wp-content\/uploads\/2022\/03\/cropped-logo-biobio.jpg","contentUrl":"https:\/\/www.biobio.com.co\/tienda\/wp-content\/uploads\/2022\/03\/cropped-logo-biobio.jpg","width":822,"height":337,"caption":"Bio Bio - Del campo a la mesa"},"image":{"@id":"https:\/\/www.biobio.com.co\/tienda\/#\/schema\/logo\/image\/"}}]}},"_links":{"self":[{"href":"https:\/\/www.biobio.com.co\/tienda\/wp-json\/wp\/v2\/pages\/781","targetHints":{"allow":["GET"]}}],"collection":[{"href":"https:\/\/www.biobio.com.co\/tienda\/wp-json\/wp\/v2\/pages"}],"about":[{"href":"https:\/\/www.biobio.com.co\/tienda\/wp-json\/wp\/v2\/types\/page"}],"author":[{"embeddable":true,"href":"https:\/\/www.biobio.com.co\/tienda\/wp-json\/wp\/v2\/users\/1"}],"replies":[{"embeddable":true,"href":"https:\/\/www.biobio.com.co\/tienda\/wp-json\/wp\/v2\/comments?post=781"}],"version-history":[{"count":5,"href":"https:\/\/www.biobio.com.co\/tienda\/wp-json\/wp\/v2\/pages\/781\/revisions"}],"predecessor-version":[{"id":2315,"href":"https:\/\/www.biobio.com.co\/tienda\/wp-json\/wp\/v2\/pages\/781\/revisions\/2315"}],"wp:attachment":[{"href":"https:\/\/www.biobio.com.co\/tienda\/wp-json\/wp\/v2\/media?parent=781"}],"curies":[{"name":"wp","href":"https:\/\/api.w.org\/{rel}","templated":true}]}}